{"id":167,"date":"2017-02-28T10:00:48","date_gmt":"2017-02-28T08:00:48","guid":{"rendered":"http:\/\/anbpr.s-a-f.ro\/?page_id=167"},"modified":"2025-05-07T19:21:43","modified_gmt":"2025-05-07T16:21:43","slug":"organizare","status":"publish","type":"page","link":"https:\/\/anbpr.org.ro\/index.php\/despre-noi\/organizare\/","title":{"rendered":"Organizare"},"content":{"rendered":"<div id='share-me'><ul class='share-left'><li><a href=\"http:\/\/www.facebook.com\/sharer.php?u=https:\/\/anbpr.org.ro\/index.php\/despre-noi\/organizare\/&t=Organizare\" alt=\"Share on Facebook\" title=\"Share on Facebook\"   onclick=\"return smWindowpop(this.href,545,433)\"><img alt = \"\" src = \"https:\/\/anbpr.org.ro\/wp-content\/plugins\/share-me\/\/assets\/images\/cercle\/facebook.png\"  height=\"32px\"  width=\"32px\"><\/a><\/li><li><a href=\"http:\/\/twitter.com\/share?text=Organizare-&url=https:\/\/anbpr.org.ro\/index.php\/despre-noi\/organizare\/&via=ANBPR - Asocia\u021bia Na\u021bional\u0103  a Bibliotecarilor \u0219i Bibliotecilor Publice din Rom\u00e2nia\" alt=\"Tweet This Post\" title=\"Tweet This Post\"  onclick=\"return smWindowpop(this.href,545,433)\"><img alt = \"\" src = \"https:\/\/anbpr.org.ro\/wp-content\/plugins\/share-me\/\/assets\/images\/cercle\/twitter.png\"  height=\"32px\"  width=\"32px\"><\/a><\/li><li><a href=\"https:\/\/plusone.google.com\/_\/+1\/confirm?hl=fr-FR&url=https:\/\/anbpr.org.ro\/index.php\/despre-noi\/organizare\/\" alt=\"Share on Google+\" title=\"Share on Google+\"  target=\"_blank\" onclick=\"return smWindowpop(this.href,545,433)\"><img alt = \"\" src = \"https:\/\/anbpr.org.ro\/wp-content\/plugins\/share-me\/\/assets\/images\/cercle\/googleplus.png\"  height=\"32px\"  width=\"32px\"><\/a><\/li><li><a href=\"http:\/\/www.tumblr.com\/share\/photo?source=&caption=Organizare&clickthru=https%3A%2F%2Fanbpr.org.ro%2Findex.php%2Fdespre-noi%2Forganizare%2F\" title=\"Share on Tumblr\"  onclick=\"return smWindowpop(this.href,545,433)\"> <img alt = \"\" src = \"https:\/\/anbpr.org.ro\/wp-content\/plugins\/share-me\/\/assets\/images\/cercle\/tumblr.png\"  height=\"32px\"  width=\"32px\"><\/a><\/li><li><a href=\"http:\/\/www.linkedin.com\/shareArticle?mini=true&url=https:\/\/anbpr.org.ro\/index.php\/despre-noi\/organizare\/&title=Organizare&source=ANBPR - Asocia\u021bia Na\u021bional\u0103  a Bibliotecarilor \u0219i Bibliotecilor Publice din Rom\u00e2nia\" onclick=\"return smWindowpop(this.href, 545,433)\"><img alt = \"\" src = \"https:\/\/anbpr.org.ro\/wp-content\/plugins\/share-me\/\/assets\/images\/cercle\/linkedin.png\"  height=\"32px\"  width=\"32px\"><\/a><\/li><li><a href=\"https:\/\/www.blogger.com\/blog-this.g?u=https:\/\/anbpr.org.ro\/index.php\/despre-noi\/organizare\/&n=Organizare&t=ANBPR - Asocia\u021bia Na\u021bional\u0103  a Bibliotecarilor \u0219i Bibliotecilor Publice din Rom\u00e2nia\" alt=\"Share on Blogger\" title=\"Share on Blogger\" onclick=\"return smWindowpop(this.href, 545,433)\"><img alt = \"\" src = \"https:\/\/anbpr.org.ro\/wp-content\/plugins\/share-me\/\/assets\/images\/cercle\/blogger.png\"  height=\"32px\"  width=\"32px\"><\/a><\/li><\/ul><\/div><br\/><p><strong>Biroul Executiv (Adunarea General\u0103 de Alegeri 2025):<\/strong><\/p>\n<ul>\n<li>Drago\u0219-Adrian Neagu &#8211; Pre\u0219edinte<\/li>\n<li>Ioan Sebastian Bara &#8211; Prim-vicepre\u015fedinte<\/li>\n<li>Olivia Monica Avram &#8211; Vicepre\u015fedinte<\/li>\n<li>Sorina Stanca &#8211; Vicepre\u015fedinte<\/li>\n<li>Ramona Ioana Mezei &#8211; Secretar<\/li>\n<li>Gheorghe-Gabriel C\u0103r\u0103bu\u0219<\/li>\n<li>Geta Eftimie<\/li>\n<li>Agnes Teresia Erich<\/li>\n<li>Voicu-Gelu Bichine\u021b<\/li>\n<li>Mariana Lucia Marian<\/li>\n<li>Silviu Bor\u0219<\/li>\n<\/ul>\n<p><strong>Consiliul de Conducere:<\/strong><\/p>\n<ul>\n<li>Membrii Biroului executiv<\/li>\n<li>R\u0103zvan Codru\u021b Pop<\/li>\n<li>Corina Ciuraru<\/li>\n<li>Constantin Mituc\u0103<\/li>\n<li>Mariana Marian<\/li>\n<li>Elena Balog<\/li>\n<li>Claudia Oana Popescu<\/li>\n<li>Paula Horotan<\/li>\n<li>Oana Raluca Boian<\/li>\n<li>Ionu\u021b Tenie<\/li>\n<li>Mihaela Radu<\/li>\n<\/ul>\n<p><strong>Departamentul Opera\u021bional:<\/strong><\/p>\n<ul>\n<li>Ioana Crihan\u0103, director executiv<\/li>\n<li>Asistent director (pozi\u021bie momentan vacantat\u0103)<\/li>\n<li>Silvia Nestorescu, Coordonator formare profesional\u0103<\/li>\n<li>\u0218tefania St\u0103nic\u0103, Coordonator proiecte<\/li>\n<\/ul>\n<p><strong>Comisiile profesionale ale ANBPR:<\/strong><\/p>\n<p><strong>I. Comisia de automatizare \u015fi digitizare a colec\u0163iilor<\/strong> \u2013 contact <a href=\"mailto:automatizare_anbpr@googlegroups.com\">automatizare_anbpr@googlegroups.com<\/a><\/p>\n<ol>\n<li>Drago\u015f-Adrian Neagu (Biblioteca Jude\u0163ean\u0103 Br\u0103ila) &#8211; pre\u015fedinte<\/li>\n<li>Liviu-Iulian Dediu (IME Bucure\u015fti)<\/li>\n<li>Mihaela Dud\u0103u Lungu (Biblioteca Jude\u0163ean\u0103 Dolj)<\/li>\n<li>Dan Matei (Institutul Na\u0163ional al Patrimoniului Bucure\u015fti)<\/li>\n<li>Floarea Mo\u015foiu (Biblioteca Jude\u0163ean\u0103 Cluj)<\/li>\n<li>Dana \u015eanta (Biblioteca Jude\u0163ean\u0103 Satu Mare)<\/li>\n<\/ol>\n<p><strong>II. Comisia de legisla\u0163ie \u015fi politici publice<\/strong> \u2013 <a href=\"mailto:legislatie_anbpr@googlegroups.com\">legislatie_anbpr@googlegroups.com<\/a><\/p>\n<ol>\n<li>Gheorghe-Gabriel C\u0103r\u0103bu\u015f (Biblioteca Jude\u0163ean\u0103 Suceava) \u2013 pre\u015fedinte<\/li>\n<li>Olimpia Bratu (Biblioteca Jude\u0163ean\u0103 Gorj)<\/li>\n<li>Virgil Cojocaru (Biblioteca Jude\u0163ean\u0103 Neam\u0163)<\/li>\n<li>Paula Horotan (Biblioteca Jude\u0163ean\u0103 Satu Mare)<\/li>\n<li>Drago\u015f-Adrian Neagu (Biblioteca Jude\u0163ean\u0103 Br\u0103ila)<\/li>\n<li>Viorel Spaiuc (Biblioteca Public\u0103 din comuna Sacu, jude\u0163ul Cara\u015f Severin)<\/li>\n<li>Sorina Stanca (Biblioteca Jude\u0163ean\u0103 Cluj)<\/li>\n<li>Claudia \u015eerb\u0103nu\u0163\u0103 (Funda\u0163ia Progres)<\/li>\n<li>Mihaela Voinicu (Biblioteca Jude\u0163ean\u0103 Arge\u015f)<\/li>\n<\/ol>\n<p><strong>III. Comisia de formare profesional\u0103<\/strong> \u2013 <a href=\"mailto:formare_anbpr@googlegroups.com\">formare_anbpr@googlegroups.com<\/a><\/p>\n<ol>\n<li>Corina Ciuraru (Biblioteca Jude\u0163ean\u0103 Br\u0103ila) &#8211; pre\u015fedinte<\/li>\n<li>Crina Ifrim (Biblioteca Jude\u0163ean\u0103 Bac\u0103u)<\/li>\n<li>Elena-Mariana Anghelu\u0163\u0103 (Biblioteca Jude\u0163ean\u0103 Gorj)<\/li>\n<li>Claudiu Br\u0103ileanu (Biblioteca Jude\u0163ean\u0103 Br\u0103ila)<\/li>\n<li>Marilena Chiri\u0163\u0103 (Biblioteca Metropolitan\u0103 Bucure\u015fti)<\/li>\n<\/ol>\n<p><strong>IV. Comisia de statistic\u0103 de bibliotec\u0103 \u015fi evaluarea performan\u0163elor<\/strong> \u2013 <a href=\"mailto:statistica_anbpr@googlegroups.com\">statistica_anbpr@googlegroups.com<\/a><\/p>\n<ol>\n<li>Melinda Bed\u0151 (Biblioteca Jude\u0163ean\u0103 Harghita) \u2013 pre\u015fedinte<\/li>\n<li>Tatiana Costiuc (Biblioteca Jude\u0163ean\u0103 Cluj)<\/li>\n<li>Mariana Marian (Biblioteca Jude\u0163ean\u0103 S\u0103laj)<\/li>\n<li>Mihaela Radu (Biblioteca Jude\u0163ean\u0103 Prahova)<\/li>\n<li>Nicoleta Ro\u015fca (Biblioteca Jude\u0163ean\u0103 Dolj)<\/li>\n<li>Dana St\u0103ncescu (Biblioteca Jude\u0163ean\u0103 Br\u0103ila)<\/li>\n<li>Mihaela Penaru (Biblioteca Jude\u0163ean\u0103 Arge\u0219)<\/li>\n<\/ol>\n<p><strong>V. Comisia de comunicarea colec\u0163iilor \u015fi \u00eemprumut interbibliotecar<\/strong> \u2013 <a href=\"mailto:colectii_anbpr@googlegroups.com\">colectii_anbpr@googlegroups.com<\/a><\/p>\n<ol>\n<li>Claudiu Br\u0103ileanu (Biblioteca Jude\u0163ean\u0103 Br\u0103ila) \u2013 pre\u015fedinte<\/li>\n<li>Alina Borz (Biblioteca Jude\u0163ean\u0103 Mure\u015f)<\/li>\n<li>Rodica P\u0103v\u0103lan (Biblioteca Jude\u0163ean\u0103 Dolj)<\/li>\n<li>Mihaela Radu (Biblioteca Jude\u0163ean\u0103 Prahova)<\/li>\n<li>Irene Reyhan (Biblioteca Jude\u0163ean\u0103 Tulcea)<\/li>\n<\/ol>\n<p><strong>VI. Comisia de management \u015fi marketing de bibliotec\u0103<\/strong> \u2013 <a href=\"mailto:management_anbpr@googlegroups.com\">management_anbpr@googlegroups.com<\/a><\/p>\n<ol>\n<li>Lucian Dindiric\u0103 (Biblioteca Jude\u0163ean\u0103 Dolj) \u2013 pre\u015fedinte<\/li>\n<li>Monica Avram (Biblioteca Jude\u0163ean\u0103 Mure\u015f)<\/li>\n<li>Gelu Voicu Bichine\u0163 (Biblioteca Jude\u0163ean\u0103 Vaslui)<\/li>\n<li>Marilena Chiri\u0163\u0103 (Biblioteca Metropolitan\u0103 Bucure\u015fti)<\/li>\n<li>Mihaela Mereu\u0163\u0103 (Biblioteca Jude\u0163ean\u0103 Neam\u0163)<\/li>\n<li>Claudia \u015eerb\u0103nu\u0163\u0103<\/li>\n<\/ol>\n<p><strong>VII. Comisia de prelucrare a documentelor \u015fi de referin\u0163e \u015ftiin\u0163ifice<\/strong> \u2013 <a href=\"mailto:prelucrare_anbpr@googlegroups.com\">prelucrare_anbpr@googlegroups.com<\/a><\/p>\n<ol>\n<li>Ruxandra Nazare (Biblioteca Jude\u0163ean\u0103 Bra\u015fov) \u2013 pre\u015fedinte<\/li>\n<li>Catrina C\u0103luian (Biblioteca Jude\u0163ean\u0103 Gala\u0163i) \u2013 secretar<\/li>\n<li>Titina-Maricica Dediu (Biblioteca Jude\u0163ean\u0103 Gala\u0163i) \u2013 vicepre\u015fedinte<\/li>\n<li>Ioana Frunte-Lat\u0103 (Biblioteca Jude\u0163ean\u0103 Tulcea)<\/li>\n<li>Nicoleta Gr\u0103mad\u0103 (Biblioteca Jude\u0163ean\u0103 Bra\u015fov)<\/li>\n<\/ol>\n","protected":false},"excerpt":{"rendered":"<p>Biroul Executiv (Adunarea General\u0103 de Alegeri 2025): Drago\u0219-Adrian Neagu &#8211; Pre\u0219edinte Ioan Sebastian Bara &#8211; Prim-vicepre\u015fedinte Olivia Monica Avram &#8211; Vicepre\u015fedinte Sorina Stanca &#8211; Vicepre\u015fedinte Ramona Ioana Mezei &#8211; Secretar Gheorghe-Gabriel C\u0103r\u0103bu\u0219 Geta Eftimie Agnes Teresia Erich Voicu-Gelu Bichine\u021b Mariana Lucia Marian Silviu Bor\u0219 Consiliul de Conducere: Membrii Biroului executiv R\u0103zvan Codru\u021b Pop Corina Ciuraru <a href=\"https:\/\/anbpr.org.ro\/index.php\/despre-noi\/organizare\/\" rel=\"nofollow\"><span class=\"sr-only\">Read more about Organizare<\/span>[&hellip;]<\/a><\/p>\n","protected":false},"author":2,"featured_media":0,"parent":2,"menu_order":6,"comment_status":"closed","ping_status":"closed","template":"","meta":{"footnotes":""},"class_list":["post-167","page","type-page","status-publish","hentry"],"_links":{"self":[{"href":"https:\/\/anbpr.org.ro\/index.php\/wp-json\/wp\/v2\/pages\/167","targetHints":{"allow":["GET"]}}],"collection":[{"href":"https:\/\/anbpr.org.ro\/index.php\/wp-json\/wp\/v2\/pages"}],"about":[{"href":"https:\/\/anbpr.org.ro\/index.php\/wp-json\/wp\/v2\/types\/page"}],"author":[{"embeddable":true,"href":"https:\/\/anbpr.org.ro\/index.php\/wp-json\/wp\/v2\/users\/2"}],"replies":[{"embeddable":true,"href":"https:\/\/anbpr.org.ro\/index.php\/wp-json\/wp\/v2\/comments?post=167"}],"version-history":[{"count":22,"href":"https:\/\/anbpr.org.ro\/index.php\/wp-json\/wp\/v2\/pages\/167\/revisions"}],"predecessor-version":[{"id":5833,"href":"https:\/\/anbpr.org.ro\/index.php\/wp-json\/wp\/v2\/pages\/167\/revisions\/5833"}],"up":[{"embeddable":true,"href":"https:\/\/anbpr.org.ro\/index.php\/wp-json\/wp\/v2\/pages\/2"}],"wp:attachment":[{"href":"https:\/\/anbpr.org.ro\/index.php\/wp-json\/wp\/v2\/media?parent=167"}],"curies":[{"name":"wp","href":"https:\/\/api.w.org\/{rel}","templated":true}]}}