{"id":1677,"date":"2017-09-20T11:08:51","date_gmt":"2017-09-20T08:08:51","guid":{"rendered":"http:\/\/anbpr.s-a-f.ro\/?page_id=1677"},"modified":"2017-09-20T11:08:51","modified_gmt":"2017-09-20T08:08:51","slug":"membru-anbpr","status":"publish","type":"page","link":"https:\/\/anbpr.org.ro\/index.php\/membru-anbpr\/","title":{"rendered":"Avantajele de a fi membru ANBPR"},"content":{"rendered":"<div id='share-me'><ul class='share-left'><li><a href=\"http:\/\/www.facebook.com\/sharer.php?u=https:\/\/anbpr.org.ro\/index.php\/membru-anbpr\/&t=Avantajele+de+a+fi+membru+ANBPR\" alt=\"Share on Facebook\" title=\"Share on Facebook\"   onclick=\"return smWindowpop(this.href,545,433)\"><img alt = \"\" src = \"https:\/\/anbpr.org.ro\/wp-content\/plugins\/share-me\/\/assets\/images\/cercle\/facebook.png\"  height=\"32px\"  width=\"32px\"><\/a><\/li><li><a href=\"http:\/\/twitter.com\/share?text=Avantajele+de+a+fi+membru+ANBPR-&url=https:\/\/anbpr.org.ro\/index.php\/membru-anbpr\/&via=ANBPR - Asocia\u021bia Na\u021bional\u0103  a Bibliotecarilor \u0219i Bibliotecilor Publice din Rom\u00e2nia\" alt=\"Tweet This Post\" title=\"Tweet This Post\"  onclick=\"return smWindowpop(this.href,545,433)\"><img alt = \"\" src = \"https:\/\/anbpr.org.ro\/wp-content\/plugins\/share-me\/\/assets\/images\/cercle\/twitter.png\"  height=\"32px\"  width=\"32px\"><\/a><\/li><li><a href=\"https:\/\/plusone.google.com\/_\/+1\/confirm?hl=fr-FR&url=https:\/\/anbpr.org.ro\/index.php\/membru-anbpr\/\" alt=\"Share on Google+\" title=\"Share on Google+\"  target=\"_blank\" onclick=\"return smWindowpop(this.href,545,433)\"><img alt = \"\" src = \"https:\/\/anbpr.org.ro\/wp-content\/plugins\/share-me\/\/assets\/images\/cercle\/googleplus.png\"  height=\"32px\"  width=\"32px\"><\/a><\/li><li><a href=\"http:\/\/www.tumblr.com\/share\/photo?source=&caption=Avantajele+de+a+fi+membru+ANBPR&clickthru=https%3A%2F%2Fanbpr.org.ro%2Findex.php%2Fmembru-anbpr%2F\" title=\"Share on Tumblr\"  onclick=\"return smWindowpop(this.href,545,433)\"> <img alt = \"\" src = \"https:\/\/anbpr.org.ro\/wp-content\/plugins\/share-me\/\/assets\/images\/cercle\/tumblr.png\"  height=\"32px\"  width=\"32px\"><\/a><\/li><li><a href=\"http:\/\/www.linkedin.com\/shareArticle?mini=true&url=https:\/\/anbpr.org.ro\/index.php\/membru-anbpr\/&title=Avantajele+de+a+fi+membru+ANBPR&source=ANBPR - Asocia\u021bia Na\u021bional\u0103  a Bibliotecarilor \u0219i Bibliotecilor Publice din Rom\u00e2nia\" onclick=\"return smWindowpop(this.href, 545,433)\"><img alt = \"\" src = \"https:\/\/anbpr.org.ro\/wp-content\/plugins\/share-me\/\/assets\/images\/cercle\/linkedin.png\"  height=\"32px\"  width=\"32px\"><\/a><\/li><li><a href=\"https:\/\/www.blogger.com\/blog-this.g?u=https:\/\/anbpr.org.ro\/index.php\/membru-anbpr\/&n=Avantajele+de+a+fi+membru+ANBPR&t=ANBPR - Asocia\u021bia Na\u021bional\u0103  a Bibliotecarilor \u0219i Bibliotecilor Publice din Rom\u00e2nia\" alt=\"Share on Blogger\" title=\"Share on Blogger\" onclick=\"return smWindowpop(this.href, 545,433)\"><img alt = \"\" src = \"https:\/\/anbpr.org.ro\/wp-content\/plugins\/share-me\/\/assets\/images\/cercle\/blogger.png\"  height=\"32px\"  width=\"32px\"><\/a><\/li><\/ul><\/div><br\/><p><a href=\"http:\/\/anbpr.s-a-f.ro\/membri-sustinatori\/avantajele-de-a-fi-membru-anbpr__trashed\/volanta_avantaje_anbpr_revizuita\/\" rel=\"attachment wp-att-1673\"><\/a><a href=\"http:\/\/anbpr.s-a-f.ro\/membri-sustinatori\/avantajele-de-a-fi-membru-anbpr__trashed\/volanta_avantaje_anbpr_revizuita\/\" rel=\"attachment wp-att-1673\"><img loading=\"lazy\" decoding=\"async\" class=\"aligncenter size-large wp-image-1673\" src=\"http:\/\/anbpr.s-a-f.ro\/wp-content\/uploads\/2017\/09\/volanta_avantaje_anbpr_revizuita-724x1024.jpg\" alt=\"\" width=\"640\" height=\"905\" srcset=\"https:\/\/anbpr.org.ro\/wp-content\/uploads\/2017\/09\/volanta_avantaje_anbpr_revizuita-724x1024.jpg 724w, https:\/\/anbpr.org.ro\/wp-content\/uploads\/2017\/09\/volanta_avantaje_anbpr_revizuita-212x300.jpg 212w, https:\/\/anbpr.org.ro\/wp-content\/uploads\/2017\/09\/volanta_avantaje_anbpr_revizuita-768x1087.jpg 768w, https:\/\/anbpr.org.ro\/wp-content\/uploads\/2017\/09\/volanta_avantaje_anbpr_revizuita.jpg 1653w\" sizes=\"auto, (max-width: 640px) 100vw, 640px\" \/><\/a><\/p>\n<p>ANBPR este prima asocia\u021bie profesional\u0103\u00a0a bibliotecarilor \u0219i bibliotecilor publice din Rom\u00e2nia, ce ofer\u0103 servicii integrate at\u00e2t membrilor individuali, c\u00e2t \u0219i celor institu\u021bionali.<\/p>\n<p>\u00cenc\u0103 de la \u00eenfiin\u021bare, ANBPR \u0219i-a asumat responsabilitatea de a reprezenta interesele profesiei de bibliotecar la scar\u0103 na\u021bional\u0103 \u0219i de a oferi membrilor s\u0103i un mediu optim de ac\u021biune \u0219i manifestare profesional\u0103.<\/p>\n<p>Prin activit\u0103\u021bile sale, Asocia\u0163ia faciliteaz\u0103 bibliotecarilor accesul la oportunit\u0103\u0163i de formare \u015fi dezvoltare profesional\u0103, la metodologii, instrumente \u015fi standarde de lucru moderne, la informa\u021bii legislative cu inciden\u0163\u0103 asupra profesiei, precum \u015fi la alte subiecte din zona biblioteconomiei \u015fi a \u015ftiin\u0163elor conexe.<\/p>\n<p>Reunind comunitatea bibliotecarilor din Rom\u00e2nia \u00een jurul unor idei \u015fi desiderate comune, ANBPR joac\u0103 un rol important \u00een cre\u0219terea rolului bibliotecii \u00een comunitate.<\/p>\n<p>Ca structur\u0103 asociativ\u0103 pe criterii profesionale, ANBPR \u00ee\u015fi propune s\u0103 antreneze to\u0163i membrii valoro\u015fi \u00een consolidarea \u015fi rafinarea politicii de ac\u0163iune a Asocia\u0163iei.<\/p>\n<p>Prin adeziunea lor la obiectivele \u0219i misiunea ANBPR, bibliotecarii cap\u0103t\u0103 dreptul de a fi reprezenta\u021bi \u0219i sprijini\u021bi la nivel organiza\u021bional, \u00een acord cu interesele \u0219i nevoile particulare ale acestei categorii profesionale.<\/p>\n<p>Apartenen\u0163a la structura Asocia\u0163iei confer\u0103 membrilor mai mult\u0103 autoritate \u00een sus\u0163inerea \u015fi ap\u0103rarea cauzelor legate de profesia de bibliotecar.<\/p>\n<p>&nbsp;<\/p>\n","protected":false},"excerpt":{"rendered":"<p>ANBPR este prima asocia\u021bie profesional\u0103\u00a0a bibliotecarilor \u0219i bibliotecilor publice din Rom\u00e2nia, ce ofer\u0103 servicii integrate at\u00e2t membrilor individuali, c\u00e2t \u0219i celor institu\u021bionali. \u00cenc\u0103 de la \u00eenfiin\u021bare, ANBPR \u0219i-a asumat responsabilitatea de a reprezenta interesele profesiei de bibliotecar la scar\u0103 na\u021bional\u0103 \u0219i de a oferi membrilor s\u0103i un mediu optim de ac\u021biune \u0219i manifestare profesional\u0103. Prin <a href=\"https:\/\/anbpr.org.ro\/index.php\/membru-anbpr\/\" rel=\"nofollow\"><span class=\"sr-only\">Read more about Avantajele de a fi membru ANBPR<\/span>[&hellip;]<\/a><\/p>\n","protected":false},"author":2,"featured_media":0,"parent":0,"menu_order":0,"comment_status":"closed","ping_status":"closed","template":"","meta":{"footnotes":""},"class_list":["post-1677","page","type-page","status-publish","hentry"],"_links":{"self":[{"href":"https:\/\/anbpr.org.ro\/index.php\/wp-json\/wp\/v2\/pages\/1677","targetHints":{"allow":["GET"]}}],"collection":[{"href":"https:\/\/anbpr.org.ro\/index.php\/wp-json\/wp\/v2\/pages"}],"about":[{"href":"https:\/\/anbpr.org.ro\/index.php\/wp-json\/wp\/v2\/types\/page"}],"author":[{"embeddable":true,"href":"https:\/\/anbpr.org.ro\/index.php\/wp-json\/wp\/v2\/users\/2"}],"replies":[{"embeddable":true,"href":"https:\/\/anbpr.org.ro\/index.php\/wp-json\/wp\/v2\/comments?post=1677"}],"version-history":[{"count":1,"href":"https:\/\/anbpr.org.ro\/index.php\/wp-json\/wp\/v2\/pages\/1677\/revisions"}],"predecessor-version":[{"id":1679,"href":"https:\/\/anbpr.org.ro\/index.php\/wp-json\/wp\/v2\/pages\/1677\/revisions\/1679"}],"wp:attachment":[{"href":"https:\/\/anbpr.org.ro\/index.php\/wp-json\/wp\/v2\/media?parent=1677"}],"curies":[{"name":"wp","href":"https:\/\/api.w.org\/{rel}","templated":true}]}}