{"id":2,"date":"2016-11-17T21:27:43","date_gmt":"2016-11-17T21:27:43","guid":{"rendered":"http:\/\/anbpr.s-a-f.ro\/?page_id=2"},"modified":"2017-03-19T18:48:43","modified_gmt":"2017-03-19T16:48:43","slug":"despre-noi","status":"publish","type":"page","link":"https:\/\/anbpr.org.ro\/index.php\/despre-noi\/","title":{"rendered":"Despre noi"},"content":{"rendered":"<div id='share-me'><ul class='share-left'><li><a href=\"http:\/\/www.facebook.com\/sharer.php?u=https:\/\/anbpr.org.ro\/index.php\/despre-noi\/&t=Despre+noi\" alt=\"Share on Facebook\" title=\"Share on Facebook\"   onclick=\"return smWindowpop(this.href,545,433)\"><img alt = \"\" src = \"https:\/\/anbpr.org.ro\/wp-content\/plugins\/share-me\/\/assets\/images\/cercle\/facebook.png\"  height=\"32px\"  width=\"32px\"><\/a><\/li><li><a href=\"http:\/\/twitter.com\/share?text=Despre+noi-&url=https:\/\/anbpr.org.ro\/index.php\/despre-noi\/&via=ANBPR - Asocia\u021bia Na\u021bional\u0103  a Bibliotecarilor \u0219i Bibliotecilor Publice din Rom\u00e2nia\" alt=\"Tweet This Post\" title=\"Tweet This Post\"  onclick=\"return smWindowpop(this.href,545,433)\"><img alt = \"\" src = \"https:\/\/anbpr.org.ro\/wp-content\/plugins\/share-me\/\/assets\/images\/cercle\/twitter.png\"  height=\"32px\"  width=\"32px\"><\/a><\/li><li><a href=\"https:\/\/plusone.google.com\/_\/+1\/confirm?hl=fr-FR&url=https:\/\/anbpr.org.ro\/index.php\/despre-noi\/\" alt=\"Share on Google+\" title=\"Share on Google+\"  target=\"_blank\" onclick=\"return smWindowpop(this.href,545,433)\"><img alt = \"\" src = \"https:\/\/anbpr.org.ro\/wp-content\/plugins\/share-me\/\/assets\/images\/cercle\/googleplus.png\"  height=\"32px\"  width=\"32px\"><\/a><\/li><li><a href=\"http:\/\/www.tumblr.com\/share\/photo?source=&caption=Despre+noi&clickthru=https%3A%2F%2Fanbpr.org.ro%2Findex.php%2Fdespre-noi%2F\" title=\"Share on Tumblr\"  onclick=\"return smWindowpop(this.href,545,433)\"> <img alt = \"\" src = \"https:\/\/anbpr.org.ro\/wp-content\/plugins\/share-me\/\/assets\/images\/cercle\/tumblr.png\"  height=\"32px\"  width=\"32px\"><\/a><\/li><li><a href=\"http:\/\/www.linkedin.com\/shareArticle?mini=true&url=https:\/\/anbpr.org.ro\/index.php\/despre-noi\/&title=Despre+noi&source=ANBPR - Asocia\u021bia Na\u021bional\u0103  a Bibliotecarilor \u0219i Bibliotecilor Publice din Rom\u00e2nia\" onclick=\"return smWindowpop(this.href, 545,433)\"><img alt = \"\" src = \"https:\/\/anbpr.org.ro\/wp-content\/plugins\/share-me\/\/assets\/images\/cercle\/linkedin.png\"  height=\"32px\"  width=\"32px\"><\/a><\/li><li><a href=\"https:\/\/www.blogger.com\/blog-this.g?u=https:\/\/anbpr.org.ro\/index.php\/despre-noi\/&n=Despre+noi&t=ANBPR - Asocia\u021bia Na\u021bional\u0103  a Bibliotecarilor \u0219i Bibliotecilor Publice din Rom\u00e2nia\" alt=\"Share on Blogger\" title=\"Share on Blogger\" onclick=\"return smWindowpop(this.href, 545,433)\"><img alt = \"\" src = \"https:\/\/anbpr.org.ro\/wp-content\/plugins\/share-me\/\/assets\/images\/cercle\/blogger.png\"  height=\"32px\"  width=\"32px\"><\/a><\/li><\/ul><\/div><br\/><p>Asocia\u0163ia Na\u0163ional\u0103 a Bibliotecarilor \u015fi Bibliotecilor Publice din Rom\u00e2nia (ANBPR) s-a \u00eenfiin\u0163at \u00een anul 1990 din dorin\u0163a bibliotecarilor de a-\u015fi exprima \u015fi ap\u0103ra interesele profesionale \u00een cadrul unei structuri organizate, capabil\u0103 s\u0103 ac\u0163ioneze ca for de dezbateri profesionale prin care s\u0103 sus\u0163in\u0103 evolu\u0163ia profesiei \u015fi ca structur\u0103 de reprezentare \u00een rela\u0163ia cu factorii de decizie. Asocia\u0163ia num\u0103r\u0103 peste 3000 de membri, are filiale jude\u0163ene cu distribu\u0163ie na\u0163ional\u0103 \u015fi desf\u0103\u015foar\u0103 o activitate constant\u0103 de la \u00eenfiin\u021bare. Activitatea Asocia\u0163iei este orientat\u0103 spre obiective care contribuie at\u00e2t la formarea \u015fi dezvoltarea profesional\u0103 a bibliotecarilor, c\u00e2t \u015fi la consolidarea capacit\u0103\u0163ii ei organiza\u0163ionale \u015fi parcurgerea noilor etape de evolu\u0163ie.<\/p>\n","protected":false},"excerpt":{"rendered":"<p>Asocia\u0163ia Na\u0163ional\u0103 a Bibliotecarilor \u015fi Bibliotecilor Publice din Rom\u00e2nia (ANBPR) s-a \u00eenfiin\u0163at \u00een anul 1990 din dorin\u0163a bibliotecarilor de a-\u015fi exprima \u015fi ap\u0103ra interesele profesionale \u00een cadrul unei structuri organizate, capabil\u0103 s\u0103 ac\u0163ioneze ca for de dezbateri profesionale prin care s\u0103 sus\u0163in\u0103 evolu\u0163ia profesiei \u015fi ca structur\u0103 de reprezentare \u00een rela\u0163ia cu factorii de decizie. <a href=\"https:\/\/anbpr.org.ro\/index.php\/despre-noi\/\" rel=\"nofollow\"><span class=\"sr-only\">Read more about Despre noi<\/span>[&hellip;]<\/a><\/p>\n","protected":false},"author":1,"featured_media":0,"parent":0,"menu_order":0,"comment_status":"closed","ping_status":"open","template":"","meta":{"footnotes":""},"class_list":["post-2","page","type-page","status-publish","hentry"],"_links":{"self":[{"href":"https:\/\/anbpr.org.ro\/index.php\/wp-json\/wp\/v2\/pages\/2","targetHints":{"allow":["GET"]}}],"collection":[{"href":"https:\/\/anbpr.org.ro\/index.php\/wp-json\/wp\/v2\/pages"}],"about":[{"href":"https:\/\/anbpr.org.ro\/index.php\/wp-json\/wp\/v2\/types\/page"}],"author":[{"embeddable":true,"href":"https:\/\/anbpr.org.ro\/index.php\/wp-json\/wp\/v2\/users\/1"}],"replies":[{"embeddable":true,"href":"https:\/\/anbpr.org.ro\/index.php\/wp-json\/wp\/v2\/comments?post=2"}],"version-history":[{"count":4,"href":"https:\/\/anbpr.org.ro\/index.php\/wp-json\/wp\/v2\/pages\/2\/revisions"}],"predecessor-version":[{"id":426,"href":"https:\/\/anbpr.org.ro\/index.php\/wp-json\/wp\/v2\/pages\/2\/revisions\/426"}],"wp:attachment":[{"href":"https:\/\/anbpr.org.ro\/index.php\/wp-json\/wp\/v2\/media?parent=2"}],"curies":[{"name":"wp","href":"https:\/\/api.w.org\/{rel}","templated":true}]}}