{"id":211,"date":"2017-03-19T13:29:28","date_gmt":"2017-03-19T11:29:28","guid":{"rendered":"http:\/\/anbpr.s-a-f.ro\/?page_id=211"},"modified":"2017-03-19T14:04:36","modified_gmt":"2017-03-19T12:04:36","slug":"2015-2","status":"publish","type":"page","link":"https:\/\/anbpr.org.ro\/index.php\/premiile-anbpr\/2015-2\/","title":{"rendered":"2015"},"content":{"rendered":"<div id='share-me'><ul class='share-left'><li><a href=\"http:\/\/www.facebook.com\/sharer.php?u=https:\/\/anbpr.org.ro\/index.php\/premiile-anbpr\/2015-2\/&t=2015\" alt=\"Share on Facebook\" title=\"Share on Facebook\"   onclick=\"return smWindowpop(this.href,545,433)\"><img alt = \"\" src = \"https:\/\/anbpr.org.ro\/wp-content\/plugins\/share-me\/\/assets\/images\/cercle\/facebook.png\"  height=\"32px\"  width=\"32px\"><\/a><\/li><li><a href=\"http:\/\/twitter.com\/share?text=2015-&url=https:\/\/anbpr.org.ro\/index.php\/premiile-anbpr\/2015-2\/&via=ANBPR - Asocia\u021bia Na\u021bional\u0103  a Bibliotecarilor \u0219i Bibliotecilor Publice din Rom\u00e2nia\" alt=\"Tweet This Post\" title=\"Tweet This Post\"  onclick=\"return smWindowpop(this.href,545,433)\"><img alt = \"\" src = \"https:\/\/anbpr.org.ro\/wp-content\/plugins\/share-me\/\/assets\/images\/cercle\/twitter.png\"  height=\"32px\"  width=\"32px\"><\/a><\/li><li><a href=\"https:\/\/plusone.google.com\/_\/+1\/confirm?hl=fr-FR&url=https:\/\/anbpr.org.ro\/index.php\/premiile-anbpr\/2015-2\/\" alt=\"Share on Google+\" title=\"Share on Google+\"  target=\"_blank\" onclick=\"return smWindowpop(this.href,545,433)\"><img alt = \"\" src = \"https:\/\/anbpr.org.ro\/wp-content\/plugins\/share-me\/\/assets\/images\/cercle\/googleplus.png\"  height=\"32px\"  width=\"32px\"><\/a><\/li><li><a href=\"http:\/\/www.tumblr.com\/share\/photo?source=&caption=2015&clickthru=https%3A%2F%2Fanbpr.org.ro%2Findex.php%2Fpremiile-anbpr%2F2015-2%2F\" title=\"Share on Tumblr\"  onclick=\"return smWindowpop(this.href,545,433)\"> <img alt = \"\" src = \"https:\/\/anbpr.org.ro\/wp-content\/plugins\/share-me\/\/assets\/images\/cercle\/tumblr.png\"  height=\"32px\"  width=\"32px\"><\/a><\/li><li><a href=\"http:\/\/www.linkedin.com\/shareArticle?mini=true&url=https:\/\/anbpr.org.ro\/index.php\/premiile-anbpr\/2015-2\/&title=2015&source=ANBPR - Asocia\u021bia Na\u021bional\u0103  a Bibliotecarilor \u0219i Bibliotecilor Publice din Rom\u00e2nia\" onclick=\"return smWindowpop(this.href, 545,433)\"><img alt = \"\" src = \"https:\/\/anbpr.org.ro\/wp-content\/plugins\/share-me\/\/assets\/images\/cercle\/linkedin.png\"  height=\"32px\"  width=\"32px\"><\/a><\/li><li><a href=\"https:\/\/www.blogger.com\/blog-this.g?u=https:\/\/anbpr.org.ro\/index.php\/premiile-anbpr\/2015-2\/&n=2015&t=ANBPR - Asocia\u021bia Na\u021bional\u0103  a Bibliotecarilor \u0219i Bibliotecilor Publice din Rom\u00e2nia\" alt=\"Share on Blogger\" title=\"Share on Blogger\" onclick=\"return smWindowpop(this.href, 545,433)\"><img alt = \"\" src = \"https:\/\/anbpr.org.ro\/wp-content\/plugins\/share-me\/\/assets\/images\/cercle\/blogger.png\"  height=\"32px\"  width=\"32px\"><\/a><\/li><\/ul><\/div><br\/><h2><strong>PREMIILE ANBPR PE ANUL 2015<\/strong><\/h2>\n<p>\u00cen cadrul Conferin\u021bei ANBPR de la Ia\u0219i din 5-7 octombrie 2016 s-au \u00eenm\u00e2nat premiile ANBPR aferente anului 2015, dup\u0103 cum urmeaz\u0103:<\/p>\n<p><strong>Premii privind activitatea profesional\u0103:<\/strong><\/p>\n<p><strong>Cea mai bun\u0103 lucrare de specialitate<\/strong><\/p>\n<p><em>Studii \u015fi cercet\u0103ri sub form\u0103 de volum<\/em><\/p>\n<ul>\n<li>Rembrandt \u00een colec\u021biile Bibliotecii \u201eV.A. Urechia\u201d \/ Camelia Bejenaru, Camelia Topora\u015f, Violeta Moraru, Dorina B\u0103lan; Ini\u021biator \u0219i coordonator: prof. Zanfir Ilie. &#8211; Gala\u0163i : Axis Libri, 2015, 96 p. &#8211; facs., il.<\/li>\n<\/ul>\n<p><em>Bibliografii, biobibliografii, dic\u021bionare<\/em><\/p>\n<ul>\n<li>Oameni de \u0219tiin\u021b\u0103 tulceni: mic dic\u021bionar biobibliografic. Tulcea: Karograf, 2015, 187 p<\/li>\n<\/ul>\n<p><strong>Contribu\u021bii biblioteconomice<\/strong><\/p>\n<p><em>Programe, proiecte (de anvergur\u0103 local\u0103)<\/em><\/p>\n<ul>\n<li>Ora\u015ful ca mo\u015ftenire pentru viitor, cl\u0103diri de patrimoniu \u2013 album foto-documentar<\/li>\n<\/ul>\n<p><strong>\u201eBibliotecarul anului\u201d, pentru merite deosebite \u00een biblioteconomie \u00een anul 2015<\/strong><\/p>\n<ul>\n<li>Camelia Elena Topora\u0219 &#8211; Biblioteca Jude\u021bean\u0103 &#8222;V.A. Urechia&#8221; Gala\u021bi<\/li>\n<\/ul>\n<p><strong>Premiul \u201eTraian Brad\u201d &#8211; pentru merite deosebite \u00een biblioteconomie \u00eentr-un\u00a0deceniu de activitate<\/strong><\/p>\n<ul>\n<li>Doina Stoichi\u021bescu &#8211; Biblioteca Jude\u021bean\u0103 &#8221; Alexandru \u0219i Aristia Aman&#8221; Dolj<\/li>\n<\/ul>\n<p><strong>Premiul de excelen\u0163\u0103 &#8211; pentru merite deosebite \u00een biblioteconomie \u00een \u00eentreaga\u00a0activitate<\/strong><\/p>\n<ul>\n<li>Tatiana Costiuc &#8211; Biblioteca Jude\u021bean\u0103 &#8222;Octavian Goga&#8221; Cluj<\/li>\n<\/ul>\n<p><strong>Premii privind activitatea \u00een Asocia\u021bie:<\/strong><\/p>\n<p><em>Premiul de excelen\u0163\u0103 pentru activitatea filialei \u00een cadrul Asocia\u0163iei pe o perioad\u0103 de minimum 5 ani<\/em><\/p>\n<ul>\n<li>Filiala ANBPR T\u00e2rgu-Mure\u0219<\/li>\n<\/ul>\n","protected":false},"excerpt":{"rendered":"<p>PREMIILE ANBPR PE ANUL 2015 \u00cen cadrul Conferin\u021bei ANBPR de la Ia\u0219i din 5-7 octombrie 2016 s-au \u00eenm\u00e2nat premiile ANBPR aferente anului 2015, dup\u0103 cum urmeaz\u0103: Premii privind activitatea profesional\u0103: Cea mai bun\u0103 lucrare de specialitate Studii \u015fi cercet\u0103ri sub form\u0103 de volum Rembrandt \u00een colec\u021biile Bibliotecii \u201eV.A. Urechia\u201d \/ Camelia Bejenaru, Camelia Topora\u015f, Violeta <a href=\"https:\/\/anbpr.org.ro\/index.php\/premiile-anbpr\/2015-2\/\" rel=\"nofollow\"><span class=\"sr-only\">Read more about 2015<\/span>[&hellip;]<\/a><\/p>\n","protected":false},"author":2,"featured_media":0,"parent":207,"menu_order":0,"comment_status":"closed","ping_status":"closed","template":"","meta":{"footnotes":""},"class_list":["post-211","page","type-page","status-publish","hentry"],"_links":{"self":[{"href":"https:\/\/anbpr.org.ro\/index.php\/wp-json\/wp\/v2\/pages\/211","targetHints":{"allow":["GET"]}}],"collection":[{"href":"https:\/\/anbpr.org.ro\/index.php\/wp-json\/wp\/v2\/pages"}],"about":[{"href":"https:\/\/anbpr.org.ro\/index.php\/wp-json\/wp\/v2\/types\/page"}],"author":[{"embeddable":true,"href":"https:\/\/anbpr.org.ro\/index.php\/wp-json\/wp\/v2\/users\/2"}],"replies":[{"embeddable":true,"href":"https:\/\/anbpr.org.ro\/index.php\/wp-json\/wp\/v2\/comments?post=211"}],"version-history":[{"count":6,"href":"https:\/\/anbpr.org.ro\/index.php\/wp-json\/wp\/v2\/pages\/211\/revisions"}],"predecessor-version":[{"id":233,"href":"https:\/\/anbpr.org.ro\/index.php\/wp-json\/wp\/v2\/pages\/211\/revisions\/233"}],"up":[{"embeddable":true,"href":"https:\/\/anbpr.org.ro\/index.php\/wp-json\/wp\/v2\/pages\/207"}],"wp:attachment":[{"href":"https:\/\/anbpr.org.ro\/index.php\/wp-json\/wp\/v2\/media?parent=211"}],"curies":[{"name":"wp","href":"https:\/\/api.w.org\/{rel}","templated":true}]}}