{"id":232,"date":"2017-03-19T14:15:17","date_gmt":"2017-03-19T12:15:17","guid":{"rendered":"http:\/\/anbpr.s-a-f.ro\/?page_id=232"},"modified":"2017-03-19T14:15:49","modified_gmt":"2017-03-19T12:15:49","slug":"2013-2","status":"publish","type":"page","link":"https:\/\/anbpr.org.ro\/index.php\/premiile-anbpr\/2013-2\/","title":{"rendered":"2013"},"content":{"rendered":"<div id='share-me'><ul class='share-left'><li><a href=\"http:\/\/www.facebook.com\/sharer.php?u=https:\/\/anbpr.org.ro\/index.php\/premiile-anbpr\/2013-2\/&t=2013\" alt=\"Share on Facebook\" title=\"Share on Facebook\"   onclick=\"return smWindowpop(this.href,545,433)\"><img alt = \"\" src = \"https:\/\/anbpr.org.ro\/wp-content\/plugins\/share-me\/\/assets\/images\/cercle\/facebook.png\"  height=\"32px\"  width=\"32px\"><\/a><\/li><li><a href=\"http:\/\/twitter.com\/share?text=2013-&url=https:\/\/anbpr.org.ro\/index.php\/premiile-anbpr\/2013-2\/&via=ANBPR - Asocia\u021bia Na\u021bional\u0103  a Bibliotecarilor \u0219i Bibliotecilor Publice din Rom\u00e2nia\" alt=\"Tweet This Post\" title=\"Tweet This Post\"  onclick=\"return smWindowpop(this.href,545,433)\"><img alt = \"\" src = \"https:\/\/anbpr.org.ro\/wp-content\/plugins\/share-me\/\/assets\/images\/cercle\/twitter.png\"  height=\"32px\"  width=\"32px\"><\/a><\/li><li><a href=\"https:\/\/plusone.google.com\/_\/+1\/confirm?hl=fr-FR&url=https:\/\/anbpr.org.ro\/index.php\/premiile-anbpr\/2013-2\/\" alt=\"Share on Google+\" title=\"Share on Google+\"  target=\"_blank\" onclick=\"return smWindowpop(this.href,545,433)\"><img alt = \"\" src = \"https:\/\/anbpr.org.ro\/wp-content\/plugins\/share-me\/\/assets\/images\/cercle\/googleplus.png\"  height=\"32px\"  width=\"32px\"><\/a><\/li><li><a href=\"http:\/\/www.tumblr.com\/share\/photo?source=&caption=2013&clickthru=https%3A%2F%2Fanbpr.org.ro%2Findex.php%2Fpremiile-anbpr%2F2013-2%2F\" title=\"Share on Tumblr\"  onclick=\"return smWindowpop(this.href,545,433)\"> <img alt = \"\" src = \"https:\/\/anbpr.org.ro\/wp-content\/plugins\/share-me\/\/assets\/images\/cercle\/tumblr.png\"  height=\"32px\"  width=\"32px\"><\/a><\/li><li><a href=\"http:\/\/www.linkedin.com\/shareArticle?mini=true&url=https:\/\/anbpr.org.ro\/index.php\/premiile-anbpr\/2013-2\/&title=2013&source=ANBPR - Asocia\u021bia Na\u021bional\u0103  a Bibliotecarilor \u0219i Bibliotecilor Publice din Rom\u00e2nia\" onclick=\"return smWindowpop(this.href, 545,433)\"><img alt = \"\" src = \"https:\/\/anbpr.org.ro\/wp-content\/plugins\/share-me\/\/assets\/images\/cercle\/linkedin.png\"  height=\"32px\"  width=\"32px\"><\/a><\/li><li><a href=\"https:\/\/www.blogger.com\/blog-this.g?u=https:\/\/anbpr.org.ro\/index.php\/premiile-anbpr\/2013-2\/&n=2013&t=ANBPR - Asocia\u021bia Na\u021bional\u0103  a Bibliotecarilor \u0219i Bibliotecilor Publice din Rom\u00e2nia\" alt=\"Share on Blogger\" title=\"Share on Blogger\" onclick=\"return smWindowpop(this.href, 545,433)\"><img alt = \"\" src = \"https:\/\/anbpr.org.ro\/wp-content\/plugins\/share-me\/\/assets\/images\/cercle\/blogger.png\"  height=\"32px\"  width=\"32px\"><\/a><\/li><\/ul><\/div><br\/><div class=\"entry-content\">\n<h2><strong>PREMIILE ANBPR PE ANUL 2013<\/strong><\/h2>\n<p>\u00cen cadrul Conferin\u021bei ANBPR de la T\u00e2rgu-Jiu, din 9-11 octombrie 2014, s-au \u00eenm\u00e2nat premiile ANBPR aferente anului 2013, dup\u0103 cum urmeaz\u0103:<\/p>\n<p><strong>Premii privind activitatea profesional\u0103:<\/strong><\/p>\n<p><strong>Cea mai bun\u0103 lucrare de specialitate<\/strong><\/p>\n<p><em>Studii \u015fi cercet\u0103ri sub form\u0103 de volum<\/em><\/p>\n<ul>\n<li>Servicii pentru Comunitate \u00een Bibliotecile Publice din Rom\u00e2nia &#8211; Grupul IMPACT<\/li>\n<\/ul>\n<p><em>Bibliografii, biobibliografii, dic\u021bionare<\/em><\/p>\n<ul>\n<li>Cum s\u0103 fii turist la tine acas\u0103?, ghid turistic pentru localit\u0103\u021bile T\u00e2rgu Jiu, B\u0103le\u0219ti, Lele\u0219ti, Scoar\u021ba, Pe\u0219ti\u0219ani &#8211;\u00a0Autor colectiv, Coordonatori: bibliotecarii din Biblioteca Jude\u021bean\u0103 \u201cChristian Tell\u201d Gorj,\u00a0Filiala ANBPR Gorj<\/li>\n<\/ul>\n<p><em>Ghid de bibliotec\u0103<\/em><\/p>\n<ul>\n<li>Ghidul Activit\u0103\u021bilor de \u00cendrumare Metodic\u0103 pentru Bibliotecile Publice din Rom\u00e2nia&#8221; &#8211; Grupul IMPACT<\/li>\n<\/ul>\n<p><strong>Contribu\u021bii biblioteconomice<\/strong><\/p>\n<p><em>Programe, proiecte (de anvergur\u0103 local\u0103)<\/em><\/p>\n<ul>\n<li>Proiectul Centrul de excelen\u0163\u0103 pentru adolescen\u0163i \u015fi tineri adul\u0163i cu v\u00e2rsta cuprins\u0103 \u00eentre 14 \u2013 25 de ani,\u00a0Biblioteca Jude\u0163ean\u0103 \u201eOctavian Goga\u201d Cluj, Filala ANBPR Cluj<\/li>\n<\/ul>\n<p><strong>Cel mai bun site de bibliotec\u0103<\/strong><\/p>\n<p><a href=\"http:\/\/www.aman.ro%2C\/\">www.aman.ro,<\/a>\u00a0Biblioteca Jude\u021bean\u0103 \u201eAlexandru \u0219i Aristia Aman\u201d, Dolj, Filiala ANBPR Dolj<\/p>\n<p><strong>\u201eBibliotecarul anului\u201d, pentru merite deosebite \u00een biblioteconomie \u00een anul 2013<\/strong><\/p>\n<ul>\n<li>Popescu Daniela Claudia, Filiala ANBPR Dolj<\/li>\n<li>Neac\u0219u Andreea-Fabiola, Filiala ANBPR Gorj<\/li>\n<\/ul>\n<p><strong>Premiul \u201eTraian Brad\u201d \u2013 pentru merite deosebite \u00een biblioteconomie \u00eentr-un\u00a0deceniu de activitate<\/strong><\/p>\n<ul>\n<li>Tra\u0219c\u0103 Niculina, Filiala ANBPR Dolj<\/li>\n<\/ul>\n<p><strong>Premiul de excelen\u0163\u0103 \u2013 pentru merite deosebite \u00een biblioteconomie \u00een \u00eentreaga\u00a0activitate<\/strong><\/p>\n<ul>\n<li>Urzic\u0103 Maria, Filiala ANBPR Dolj<\/li>\n<\/ul>\n<p><strong>Premii privind activitatea \u00een Asocia\u021bie:<\/strong><\/p>\n<p><em>Premiul pentru merite deosebite \u00een activitatea desf\u0103\u015furat\u0103 la nivelul Asocia\u0163iei \u00een anul 2013<\/em><\/p>\n<ul>\n<li>Sorin Burlacu, Filiala ANBPR Buz\u0103u<\/li>\n<\/ul>\n<p><em>\u201eFiliala anului\u201d pentru cea mai activ\u0103 filial\u0103 a Asocia\u0163iei \u00een anul 2013<\/em><\/p>\n<ul>\n<li>Filiala ANBPR Gorj<\/li>\n<li>Filiala ANBPR Arge\u0219<\/li>\n<\/ul>\n<\/div>\n","protected":false},"excerpt":{"rendered":"<p>PREMIILE ANBPR PE ANUL 2013 \u00cen cadrul Conferin\u021bei ANBPR de la T\u00e2rgu-Jiu, din 9-11 octombrie 2014, s-au \u00eenm\u00e2nat premiile ANBPR aferente anului 2013, dup\u0103 cum urmeaz\u0103: Premii privind activitatea profesional\u0103: Cea mai bun\u0103 lucrare de specialitate Studii \u015fi cercet\u0103ri sub form\u0103 de volum Servicii pentru Comunitate \u00een Bibliotecile Publice din Rom\u00e2nia &#8211; Grupul IMPACT Bibliografii, <a href=\"https:\/\/anbpr.org.ro\/index.php\/premiile-anbpr\/2013-2\/\" rel=\"nofollow\"><span class=\"sr-only\">Read more about 2013<\/span>[&hellip;]<\/a><\/p>\n","protected":false},"author":2,"featured_media":0,"parent":207,"menu_order":3,"comment_status":"closed","ping_status":"closed","template":"","meta":{"footnotes":""},"class_list":["post-232","page","type-page","status-publish","hentry"],"_links":{"self":[{"href":"https:\/\/anbpr.org.ro\/index.php\/wp-json\/wp\/v2\/pages\/232","targetHints":{"allow":["GET"]}}],"collection":[{"href":"https:\/\/anbpr.org.ro\/index.php\/wp-json\/wp\/v2\/pages"}],"about":[{"href":"https:\/\/anbpr.org.ro\/index.php\/wp-json\/wp\/v2\/types\/page"}],"author":[{"embeddable":true,"href":"https:\/\/anbpr.org.ro\/index.php\/wp-json\/wp\/v2\/users\/2"}],"replies":[{"embeddable":true,"href":"https:\/\/anbpr.org.ro\/index.php\/wp-json\/wp\/v2\/comments?post=232"}],"version-history":[{"count":2,"href":"https:\/\/anbpr.org.ro\/index.php\/wp-json\/wp\/v2\/pages\/232\/revisions"}],"predecessor-version":[{"id":244,"href":"https:\/\/anbpr.org.ro\/index.php\/wp-json\/wp\/v2\/pages\/232\/revisions\/244"}],"up":[{"embeddable":true,"href":"https:\/\/anbpr.org.ro\/index.php\/wp-json\/wp\/v2\/pages\/207"}],"wp:attachment":[{"href":"https:\/\/anbpr.org.ro\/index.php\/wp-json\/wp\/v2\/media?parent=232"}],"curies":[{"name":"wp","href":"https:\/\/api.w.org\/{rel}","templated":true}]}}