{"id":2372,"date":"2019-01-18T12:49:29","date_gmt":"2019-01-18T10:49:29","guid":{"rendered":"http:\/\/anbpr.org.ro\/?page_id=2372"},"modified":"2020-03-05T16:06:35","modified_gmt":"2020-03-05T14:06:35","slug":"cotizatie-membri-institutionali","status":"publish","type":"page","link":"https:\/\/anbpr.org.ro\/index.php\/membri-sustinatori\/cotizatie-membri-institutionali\/","title":{"rendered":"Cotiza\u021bie membri institu\u021bionali"},"content":{"rendered":"<div id='share-me'><ul class='share-left'><li><a href=\"http:\/\/www.facebook.com\/sharer.php?u=https:\/\/anbpr.org.ro\/index.php\/membri-sustinatori\/cotizatie-membri-institutionali\/&t=Cotiza%C8%9Bie+membri+institu%C8%9Bionali\" alt=\"Share on Facebook\" title=\"Share on Facebook\"   onclick=\"return smWindowpop(this.href,545,433)\"><img alt = \"\" src = \"https:\/\/anbpr.org.ro\/wp-content\/plugins\/share-me\/\/assets\/images\/cercle\/facebook.png\"  height=\"32px\"  width=\"32px\"><\/a><\/li><li><a href=\"http:\/\/twitter.com\/share?text=Cotiza%C8%9Bie+membri+institu%C8%9Bionali-&url=https:\/\/anbpr.org.ro\/index.php\/membri-sustinatori\/cotizatie-membri-institutionali\/&via=ANBPR - Asocia\u021bia Na\u021bional\u0103  a Bibliotecarilor \u0219i Bibliotecilor Publice din Rom\u00e2nia\" alt=\"Tweet This Post\" title=\"Tweet This Post\"  onclick=\"return smWindowpop(this.href,545,433)\"><img alt = \"\" src = \"https:\/\/anbpr.org.ro\/wp-content\/plugins\/share-me\/\/assets\/images\/cercle\/twitter.png\"  height=\"32px\"  width=\"32px\"><\/a><\/li><li><a href=\"https:\/\/plusone.google.com\/_\/+1\/confirm?hl=fr-FR&url=https:\/\/anbpr.org.ro\/index.php\/membri-sustinatori\/cotizatie-membri-institutionali\/\" alt=\"Share on Google+\" title=\"Share on Google+\"  target=\"_blank\" onclick=\"return smWindowpop(this.href,545,433)\"><img alt = \"\" src = \"https:\/\/anbpr.org.ro\/wp-content\/plugins\/share-me\/\/assets\/images\/cercle\/googleplus.png\"  height=\"32px\"  width=\"32px\"><\/a><\/li><li><a href=\"http:\/\/www.tumblr.com\/share\/photo?source=&caption=Cotiza%C8%9Bie+membri+institu%C8%9Bionali&clickthru=https%3A%2F%2Fanbpr.org.ro%2Findex.php%2Fmembri-sustinatori%2Fcotizatie-membri-institutionali%2F\" title=\"Share on Tumblr\"  onclick=\"return smWindowpop(this.href,545,433)\"> <img alt = \"\" src = \"https:\/\/anbpr.org.ro\/wp-content\/plugins\/share-me\/\/assets\/images\/cercle\/tumblr.png\"  height=\"32px\"  width=\"32px\"><\/a><\/li><li><a href=\"http:\/\/www.linkedin.com\/shareArticle?mini=true&url=https:\/\/anbpr.org.ro\/index.php\/membri-sustinatori\/cotizatie-membri-institutionali\/&title=Cotiza%C8%9Bie+membri+institu%C8%9Bionali&source=ANBPR - Asocia\u021bia Na\u021bional\u0103  a Bibliotecarilor \u0219i Bibliotecilor Publice din Rom\u00e2nia\" onclick=\"return smWindowpop(this.href, 545,433)\"><img alt = \"\" src = \"https:\/\/anbpr.org.ro\/wp-content\/plugins\/share-me\/\/assets\/images\/cercle\/linkedin.png\"  height=\"32px\"  width=\"32px\"><\/a><\/li><li><a href=\"https:\/\/www.blogger.com\/blog-this.g?u=https:\/\/anbpr.org.ro\/index.php\/membri-sustinatori\/cotizatie-membri-institutionali\/&n=Cotiza%C8%9Bie+membri+institu%C8%9Bionali&t=ANBPR - Asocia\u021bia Na\u021bional\u0103  a Bibliotecarilor \u0219i Bibliotecilor Publice din Rom\u00e2nia\" alt=\"Share on Blogger\" title=\"Share on Blogger\" onclick=\"return smWindowpop(this.href, 545,433)\"><img alt = \"\" src = \"https:\/\/anbpr.org.ro\/wp-content\/plugins\/share-me\/\/assets\/images\/cercle\/blogger.png\"  height=\"32px\"  width=\"32px\"><\/a><\/li><\/ul><\/div><br\/><p>V\u0103 inform\u0103m c\u0103 \u00een conformitate cu propunerile aprobate \u00een \u0219edin\u021bele Biroului Executiv din 19 iunie \u0219i 14 noiembrie 2018, cotiza\u021bia pentru membrii institu\u021bionali ai ANBPR se majoreaz\u0103, \u00eencep\u00e2nd cu anul 2019, de la 100 lei la 600 lei anual, sum\u0103 echivalent\u0103 cu cotiza\u021bia pentru 30 persoane fizice dintr-o filial\u0103, cifr\u0103 minim\u0103 pentru care o filial\u0103 are dreptul la un vot, at\u00e2t c\u00e2t are \u0219i un membru institu\u021bional al asocia\u021biei.<\/p>\n<p>Adresa oficial\u0103 este disponibil\u0103 <a href=\"http:\/\/anbpr.org.ro\/wp-content\/uploads\/2020\/03\/adresa-cotizatie-persoane-juridice.pdf\">aici<\/a>.<\/p>\n","protected":false},"excerpt":{"rendered":"<p>V\u0103 inform\u0103m c\u0103 \u00een conformitate cu propunerile aprobate \u00een \u0219edin\u021bele Biroului Executiv din 19 iunie \u0219i 14 noiembrie 2018, cotiza\u021bia pentru membrii institu\u021bionali ai ANBPR se majoreaz\u0103, \u00eencep\u00e2nd cu anul 2019, de la 100 lei la 600 lei anual, sum\u0103 echivalent\u0103 cu cotiza\u021bia pentru 30 persoane fizice dintr-o filial\u0103, cifr\u0103 minim\u0103 pentru care o filial\u0103 <a href=\"https:\/\/anbpr.org.ro\/index.php\/membri-sustinatori\/cotizatie-membri-institutionali\/\" rel=\"nofollow\"><span class=\"sr-only\">Read more about Cotiza\u021bie membri institu\u021bionali<\/span>[&hellip;]<\/a><\/p>\n","protected":false},"author":3,"featured_media":0,"parent":807,"menu_order":0,"comment_status":"closed","ping_status":"closed","template":"","meta":{"footnotes":""},"class_list":["post-2372","page","type-page","status-publish","hentry"],"_links":{"self":[{"href":"https:\/\/anbpr.org.ro\/index.php\/wp-json\/wp\/v2\/pages\/2372","targetHints":{"allow":["GET"]}}],"collection":[{"href":"https:\/\/anbpr.org.ro\/index.php\/wp-json\/wp\/v2\/pages"}],"about":[{"href":"https:\/\/anbpr.org.ro\/index.php\/wp-json\/wp\/v2\/types\/page"}],"author":[{"embeddable":true,"href":"https:\/\/anbpr.org.ro\/index.php\/wp-json\/wp\/v2\/users\/3"}],"replies":[{"embeddable":true,"href":"https:\/\/anbpr.org.ro\/index.php\/wp-json\/wp\/v2\/comments?post=2372"}],"version-history":[{"count":3,"href":"https:\/\/anbpr.org.ro\/index.php\/wp-json\/wp\/v2\/pages\/2372\/revisions"}],"predecessor-version":[{"id":3038,"href":"https:\/\/anbpr.org.ro\/index.php\/wp-json\/wp\/v2\/pages\/2372\/revisions\/3038"}],"up":[{"embeddable":true,"href":"https:\/\/anbpr.org.ro\/index.php\/wp-json\/wp\/v2\/pages\/807"}],"wp:attachment":[{"href":"https:\/\/anbpr.org.ro\/index.php\/wp-json\/wp\/v2\/media?parent=2372"}],"curies":[{"name":"wp","href":"https:\/\/api.w.org\/{rel}","templated":true}]}}