{"id":249,"date":"2017-03-19T15:38:43","date_gmt":"2017-03-19T13:38:43","guid":{"rendered":"http:\/\/anbpr.s-a-f.ro\/?page_id=249"},"modified":"2017-03-19T15:40:26","modified_gmt":"2017-03-19T13:40:26","slug":"2012-2","status":"publish","type":"page","link":"https:\/\/anbpr.org.ro\/index.php\/premiile-anbpr\/2012-2\/","title":{"rendered":"2012"},"content":{"rendered":"<div id='share-me'><ul class='share-left'><li><a href=\"http:\/\/www.facebook.com\/sharer.php?u=https:\/\/anbpr.org.ro\/index.php\/premiile-anbpr\/2012-2\/&t=2012\" alt=\"Share on Facebook\" title=\"Share on Facebook\"   onclick=\"return smWindowpop(this.href,545,433)\"><img alt = \"\" src = \"https:\/\/anbpr.org.ro\/wp-content\/plugins\/share-me\/\/assets\/images\/cercle\/facebook.png\"  height=\"32px\"  width=\"32px\"><\/a><\/li><li><a href=\"http:\/\/twitter.com\/share?text=2012-&url=https:\/\/anbpr.org.ro\/index.php\/premiile-anbpr\/2012-2\/&via=ANBPR - Asocia\u021bia Na\u021bional\u0103  a Bibliotecarilor \u0219i Bibliotecilor Publice din Rom\u00e2nia\" alt=\"Tweet This Post\" title=\"Tweet This Post\"  onclick=\"return smWindowpop(this.href,545,433)\"><img alt = \"\" src = \"https:\/\/anbpr.org.ro\/wp-content\/plugins\/share-me\/\/assets\/images\/cercle\/twitter.png\"  height=\"32px\"  width=\"32px\"><\/a><\/li><li><a href=\"https:\/\/plusone.google.com\/_\/+1\/confirm?hl=fr-FR&url=https:\/\/anbpr.org.ro\/index.php\/premiile-anbpr\/2012-2\/\" alt=\"Share on Google+\" title=\"Share on Google+\"  target=\"_blank\" onclick=\"return smWindowpop(this.href,545,433)\"><img alt = \"\" src = \"https:\/\/anbpr.org.ro\/wp-content\/plugins\/share-me\/\/assets\/images\/cercle\/googleplus.png\"  height=\"32px\"  width=\"32px\"><\/a><\/li><li><a href=\"http:\/\/www.tumblr.com\/share\/photo?source=&caption=2012&clickthru=https%3A%2F%2Fanbpr.org.ro%2Findex.php%2Fpremiile-anbpr%2F2012-2%2F\" title=\"Share on Tumblr\"  onclick=\"return smWindowpop(this.href,545,433)\"> <img alt = \"\" src = \"https:\/\/anbpr.org.ro\/wp-content\/plugins\/share-me\/\/assets\/images\/cercle\/tumblr.png\"  height=\"32px\"  width=\"32px\"><\/a><\/li><li><a href=\"http:\/\/www.linkedin.com\/shareArticle?mini=true&url=https:\/\/anbpr.org.ro\/index.php\/premiile-anbpr\/2012-2\/&title=2012&source=ANBPR - Asocia\u021bia Na\u021bional\u0103  a Bibliotecarilor \u0219i Bibliotecilor Publice din Rom\u00e2nia\" onclick=\"return smWindowpop(this.href, 545,433)\"><img alt = \"\" src = \"https:\/\/anbpr.org.ro\/wp-content\/plugins\/share-me\/\/assets\/images\/cercle\/linkedin.png\"  height=\"32px\"  width=\"32px\"><\/a><\/li><li><a href=\"https:\/\/www.blogger.com\/blog-this.g?u=https:\/\/anbpr.org.ro\/index.php\/premiile-anbpr\/2012-2\/&n=2012&t=ANBPR - Asocia\u021bia Na\u021bional\u0103  a Bibliotecarilor \u0219i Bibliotecilor Publice din Rom\u00e2nia\" alt=\"Share on Blogger\" title=\"Share on Blogger\" onclick=\"return smWindowpop(this.href, 545,433)\"><img alt = \"\" src = \"https:\/\/anbpr.org.ro\/wp-content\/plugins\/share-me\/\/assets\/images\/cercle\/blogger.png\"  height=\"32px\"  width=\"32px\"><\/a><\/li><\/ul><\/div><br\/><div class=\"entry-content\">\n<h2><strong>PREMIILE ANBPR PE ANUL 2012<\/strong><\/h2>\n<p>\u00cen cadrul Conferin\u021bei ANBPR BiblioPUBLICA, ce s-a desf\u0103\u0219urat la C.P.P.I. Bu\u015fteni, \u00een perioada 18-19 aprilie 2013, s-a decis acordarea urm\u0103toarele premii:<\/p>\n<p><strong>Premii privind activitatea profesional\u0103:<\/strong><\/p>\n<p><strong>Cea mai bun\u0103 lucrare de specialitate<\/strong><\/p>\n<p><em>Bibliografii, biobibliografii, dic\u021bionare<\/em><\/p>\n<ul>\n<li>Francisc Groza: Un intelectual dedicat \u00eenv\u0103\u0163\u0103m\u00e2ntului \u015fi culturii s\u0103tm\u0103rene \u2013 Viorel C\u00e2mpean \u015fi Marta Cordea, Biblioteca Jude\u0163ean\u0103 Satu Mare<\/li>\n<\/ul>\n<\/div>\n<p><strong>Cea mai bun\u0103 publica\u021bie serial\u0103 de specialitate<\/strong><\/p>\n<p><em>Publica\u021bie ap\u0103rut\u0103 \u00een ultimii trei ani<\/em><\/p>\n<ul>\n<li>\u201eBibliosphere\u201d, Biblioteca Jude\u0163ean\u0103 Arge\u015f &#8222;Dinicu Golescu&#8221;\u2013 colectivului de redac\u021bie<strong><br \/>\n<\/strong><\/li>\n<\/ul>\n<p><strong>Contribu\u021bii biblioteconomice<\/strong><\/p>\n<ul>\n<li><em>Proiectul: \u201cAjutor la teme\u201d \u2013 Biblioteca Jude\u0163ean\u0103 Suceava \u201cI. G. Sbiera\u201d \u2013 coordonator proiect Nicoleta Tipa<\/em><\/li>\n<\/ul>\n<p><strong>Studii \u0219i articole \u00een publica\u021bii de specialitate<\/strong><\/p>\n<ul>\n<li>\u201eEdi\u0163ii nesemnalate \u00een bibliografia Rom. Modern\u0103 ale unor lucr\u0103ri \u00eentocmite de Radu Cuparu\u201d \u2013 Viorel C\u00e2mpean \u015fi Marta Cordea, Biblioteca Jude\u0163ean\u0103 Satu Mare<\/li>\n<\/ul>\n<p><strong>\u201eBibliotecarul anului\u201d, pentru merite deosebite \u00een biblioteconomie \u00een anul 2012<\/strong><\/p>\n<ul>\n<li>Iulia Irimia, Biblioteca Jude\u0163ean\u0103 \u201cV. Voiculescu\u201d Buz\u0103u, Filiala ANBPR Buz\u0103u<\/li>\n<\/ul>\n","protected":false},"excerpt":{"rendered":"<p>PREMIILE ANBPR PE ANUL 2012 \u00cen cadrul Conferin\u021bei ANBPR BiblioPUBLICA, ce s-a desf\u0103\u0219urat la C.P.P.I. Bu\u015fteni, \u00een perioada 18-19 aprilie 2013, s-a decis acordarea urm\u0103toarele premii: Premii privind activitatea profesional\u0103: Cea mai bun\u0103 lucrare de specialitate Bibliografii, biobibliografii, dic\u021bionare Francisc Groza: Un intelectual dedicat \u00eenv\u0103\u0163\u0103m\u00e2ntului \u015fi culturii s\u0103tm\u0103rene \u2013 Viorel C\u00e2mpean \u015fi Marta Cordea, Biblioteca <a href=\"https:\/\/anbpr.org.ro\/index.php\/premiile-anbpr\/2012-2\/\" rel=\"nofollow\"><span class=\"sr-only\">Read more about 2012<\/span>[&hellip;]<\/a><\/p>\n","protected":false},"author":2,"featured_media":0,"parent":207,"menu_order":4,"comment_status":"closed","ping_status":"closed","template":"","meta":{"footnotes":""},"class_list":["post-249","page","type-page","status-publish","hentry"],"_links":{"self":[{"href":"https:\/\/anbpr.org.ro\/index.php\/wp-json\/wp\/v2\/pages\/249","targetHints":{"allow":["GET"]}}],"collection":[{"href":"https:\/\/anbpr.org.ro\/index.php\/wp-json\/wp\/v2\/pages"}],"about":[{"href":"https:\/\/anbpr.org.ro\/index.php\/wp-json\/wp\/v2\/types\/page"}],"author":[{"embeddable":true,"href":"https:\/\/anbpr.org.ro\/index.php\/wp-json\/wp\/v2\/users\/2"}],"replies":[{"embeddable":true,"href":"https:\/\/anbpr.org.ro\/index.php\/wp-json\/wp\/v2\/comments?post=249"}],"version-history":[{"count":4,"href":"https:\/\/anbpr.org.ro\/index.php\/wp-json\/wp\/v2\/pages\/249\/revisions"}],"predecessor-version":[{"id":253,"href":"https:\/\/anbpr.org.ro\/index.php\/wp-json\/wp\/v2\/pages\/249\/revisions\/253"}],"up":[{"embeddable":true,"href":"https:\/\/anbpr.org.ro\/index.php\/wp-json\/wp\/v2\/pages\/207"}],"wp:attachment":[{"href":"https:\/\/anbpr.org.ro\/index.php\/wp-json\/wp\/v2\/media?parent=249"}],"curies":[{"name":"wp","href":"https:\/\/api.w.org\/{rel}","templated":true}]}}