{"id":3078,"date":"2020-04-06T18:59:15","date_gmt":"2020-04-06T15:59:15","guid":{"rendered":"http:\/\/anbpr.org.ro\/?page_id=3078"},"modified":"2020-04-06T19:10:07","modified_gmt":"2020-04-06T16:10:07","slug":"2016-2","status":"publish","type":"page","link":"https:\/\/anbpr.org.ro\/index.php\/premiile-anbpr\/2016-2\/","title":{"rendered":"2016"},"content":{"rendered":"<div id='share-me'><ul class='share-left'><li><a href=\"http:\/\/www.facebook.com\/sharer.php?u=https:\/\/anbpr.org.ro\/index.php\/premiile-anbpr\/2016-2\/&t=2016\" alt=\"Share on Facebook\" title=\"Share on Facebook\"   onclick=\"return smWindowpop(this.href,545,433)\"><img alt = \"\" src = \"https:\/\/anbpr.org.ro\/wp-content\/plugins\/share-me\/\/assets\/images\/cercle\/facebook.png\"  height=\"32px\"  width=\"32px\"><\/a><\/li><li><a href=\"http:\/\/twitter.com\/share?text=2016-&url=https:\/\/anbpr.org.ro\/index.php\/premiile-anbpr\/2016-2\/&via=ANBPR - Asocia\u021bia Na\u021bional\u0103  a Bibliotecarilor \u0219i Bibliotecilor Publice din Rom\u00e2nia\" alt=\"Tweet This Post\" title=\"Tweet This Post\"  onclick=\"return smWindowpop(this.href,545,433)\"><img alt = \"\" src = \"https:\/\/anbpr.org.ro\/wp-content\/plugins\/share-me\/\/assets\/images\/cercle\/twitter.png\"  height=\"32px\"  width=\"32px\"><\/a><\/li><li><a href=\"https:\/\/plusone.google.com\/_\/+1\/confirm?hl=fr-FR&url=https:\/\/anbpr.org.ro\/index.php\/premiile-anbpr\/2016-2\/\" alt=\"Share on Google+\" title=\"Share on Google+\"  target=\"_blank\" onclick=\"return smWindowpop(this.href,545,433)\"><img alt = \"\" src = \"https:\/\/anbpr.org.ro\/wp-content\/plugins\/share-me\/\/assets\/images\/cercle\/googleplus.png\"  height=\"32px\"  width=\"32px\"><\/a><\/li><li><a href=\"http:\/\/www.tumblr.com\/share\/photo?source=&caption=2016&clickthru=https%3A%2F%2Fanbpr.org.ro%2Findex.php%2Fpremiile-anbpr%2F2016-2%2F\" title=\"Share on Tumblr\"  onclick=\"return smWindowpop(this.href,545,433)\"> <img alt = \"\" src = \"https:\/\/anbpr.org.ro\/wp-content\/plugins\/share-me\/\/assets\/images\/cercle\/tumblr.png\"  height=\"32px\"  width=\"32px\"><\/a><\/li><li><a href=\"http:\/\/www.linkedin.com\/shareArticle?mini=true&url=https:\/\/anbpr.org.ro\/index.php\/premiile-anbpr\/2016-2\/&title=2016&source=ANBPR - Asocia\u021bia Na\u021bional\u0103  a Bibliotecarilor \u0219i Bibliotecilor Publice din Rom\u00e2nia\" onclick=\"return smWindowpop(this.href, 545,433)\"><img alt = \"\" src = \"https:\/\/anbpr.org.ro\/wp-content\/plugins\/share-me\/\/assets\/images\/cercle\/linkedin.png\"  height=\"32px\"  width=\"32px\"><\/a><\/li><li><a href=\"https:\/\/www.blogger.com\/blog-this.g?u=https:\/\/anbpr.org.ro\/index.php\/premiile-anbpr\/2016-2\/&n=2016&t=ANBPR - Asocia\u021bia Na\u021bional\u0103  a Bibliotecarilor \u0219i Bibliotecilor Publice din Rom\u00e2nia\" alt=\"Share on Blogger\" title=\"Share on Blogger\" onclick=\"return smWindowpop(this.href, 545,433)\"><img alt = \"\" src = \"https:\/\/anbpr.org.ro\/wp-content\/plugins\/share-me\/\/assets\/images\/cercle\/blogger.png\"  height=\"32px\"  width=\"32px\"><\/a><\/li><\/ul><\/div><br\/>\n<p><strong>PREMIILE ANBPR PE ANUL 2016<\/strong><\/p>\n\n\n\n<p>Cu ocazia Conferin\u021bei\nNa\u021bionale ANBPR, <em>BiblioNext<\/em> 2017, au\nfost acordate patru premii. Din num\u0103rul total de propuneri avansate, restul nu\nau \u00eemplinit condi\u021biile cerute de regulament.<\/p>\n\n\n\n<p>Cu aceast\u0103 ocazie s-a\nacordat \u0219i un premiu special.<\/p>\n\n\n\n<p><strong>Premiile ANBPR 2016<\/strong><\/p>\n\n\n\n<table class=\"wp-block-table\"><tbody><tr><td>\n  <strong>Biblioteca\n  Jude\u021bean\u0103 \u201eOvid Densusianu\u201d Hunedoara \u2013 Deva &#8211; 65 de file de via\u021b\u0103<\/strong>\n  <\/td><\/tr><tr><td>\n  Premiul\n  pentru<strong> \u201eCea mai bun\u0103 lucrare de\n  specialitate\u201d<\/strong>. Categoria <strong>\u201eStudii\n  \u0219i cercet\u0103ri sub form\u0103 de volum\u201d<\/strong>\n  <\/td><\/tr><tr><td>\n  <strong>Festivalul\n  interna\u021bional al c\u0103r\u021bii \u201eAxis Libri\u201d <\/strong>\u2013 Biblioteca\n  Jude\u021bean\u0103 \u201eV.A. Urechia\u201d Gala\u021bi\n  <\/td><\/tr><tr><td>\n  Premiul<strong> \u201eContribu\u021bii biblioteconomice\u201d<\/strong>.\n  Categoria<strong> \u201ePrograme \u0219i proiecte locale\n  \u0219i na\u021bionale\u201d<\/strong>\n  <\/td><\/tr><tr><td>\n  <strong>Biblioteca\n  Jude\u021bean\u0103 \u201eV. A. Urechea\u201d Gala\u021bi <\/strong>[resurs\u0103 electronic\u0103]\n  <\/td><\/tr><tr><td>\n  Premiul\n  <strong>\u201eCel mai bun site de bibliotec\u0103\u201d<\/strong>\n  <\/td><\/tr><tr><td>\n  <strong>Florin\n  C\u00e2rstea<\/strong> \u2013 Biblioteca Jude\u021bean\u0103 \u201eIon Minulescu\u201d Olt\n  <\/td><\/tr><tr><td>\n  <strong>Premiul de excelen\u021b\u0103 \u201eTraian Brad\u201d\n  pentru merite deosebite \u00een biblioteconomie \u00een \u00eentreaga activitate<\/strong>\n  <\/td><\/tr><tr><td>\n  <strong>Avram\n  Iancu \u2013 <\/strong>Biblioteca Municipal\u0103 Petro\u0219ani, Jude\u021bul Hunedoara\n  <\/td><\/tr><tr><td>\n  <strong>Premiul special ANBPR pentru promovarea lecturii \u0219i a profesiei\n  de bibliotecar prin metode inedite<\/strong>\n  <\/td><\/tr><\/tbody><\/table>\n\n\n\n<p><strong>Premiul pentru \u201eCea mai\nbun\u0103 lucrare de specialitate\u201d. Categoria \u201eStudii \u0219i cercet\u0103ri sub form\u0103 de\nvolum\u201d<\/strong><\/p>\n\n\n\n<p><strong>Biblioteca\nJude\u021bean\u0103 \u201eOvid Densusianu\u201d Hunedoara \u2013 Deva &#8211; 65 de file de via\u021b\u0103<\/strong><\/p>\n\n\n\n<p>Lucrarea\neste rezultatul unei minu\u021bioase cercet\u0103ri a documentelor de arhiv\u0103 precum \u0219i a\nperiodicelor \u0219i publica\u021biilor de specialitate care au men\u021bionat de-a lungul\nvremii existen\u021ba \u0219i activitatea actualei Biblioteci Jude\u021bene \u201eOvid Densusianu\u201d\nHunedoara \u2013 Deva. <\/p>\n\n\n\n<p>Munca\n\u0219i talentul autorilor care au contribuit la \u00eentocmirea acestei lucr\u0103ri (actuali\nsau fo\u0219ti bibliotecari cu autoritate \u00een domeniu), au scos la lumin\u0103 aspecte ale\nactivit\u0103\u021bii bibliotecarilor hunedoreni de la \u00eenfiin\u021barea bibliotecii p\u00e2n\u0103 \u00een\nprezent. <\/p>\n\n\n\n<p>Lucrarea\neste important\u0103 pentru c\u0103 descrie cronologic at\u00e2t structura organizatoric\u0103 \u0219i\npatrimonial\u0103 a bibliotecii, dezvoltarea \u0219i organizarea colec\u021biilor, m\u0103sura\ninteresului utilizatorilor \u0219i autorit\u0103\u021bilor fa\u021b\u0103 de serviciile bibliotecii, c\u00e2t\n\u0219i ampla activitate actual\u0103, toate acestea put\u00e2nd constitui un veritabil\nexemplu care s\u0103 declan\u0219eze interesante schimburi de experien\u021b\u0103 sau chiar idei\ninovative. <\/p>\n\n\n\n<p>Cartea este disponibil\u0103\non-line, \u00eenc\u0103 de la apari\u021bie, pe site-ul Bibliotecii Jude\u021bene \u201eOvid\nDensusianu\u201d, Hunedoara \u2013 Deva, \u00een sec\u021biunea Biblioteca Digital\u0103 Hunedoara, la\nurm\u0103toarea adres\u0103: <a href=\"http:\/\/www.bibliotecadeva.eu\/repere\/b\/biblio\/bib\/bib\/65_file.html#p=1\">http:\/\/www.bibliotecadeva.eu\/repere\/b\/biblio\/bib\/bib\/65_file.html#p=1<\/a><\/p>\n\n\n\n<p><strong>Premiul \u201eContribu\u021bii\nbiblioteconomice\u201d. Categoria \u201ePrograme \u0219i proiecte locale \u0219i na\u021bionale\u201d<\/strong><\/p>\n\n\n\n<p><strong>Festivalul interna\u021bional\nal c\u0103r\u021bii \u201eAxis Libri\u201d \u2013 Biblioteca Jude\u021bean\u0103 \u201eV. A. Urechea\u201d Gala\u021bi<\/strong><\/p>\n","protected":false},"excerpt":{"rendered":"<p>PREMIILE ANBPR PE ANUL 2016 Cu ocazia Conferin\u021bei Na\u021bionale ANBPR, BiblioNext 2017, au fost acordate patru premii. Din num\u0103rul total de propuneri avansate, restul nu au \u00eemplinit condi\u021biile cerute de regulament. Cu aceast\u0103 ocazie s-a acordat \u0219i un premiu special. Premiile ANBPR 2016 Biblioteca Jude\u021bean\u0103 \u201eOvid Densusianu\u201d Hunedoara \u2013 Deva &#8211; 65 de file de <a href=\"https:\/\/anbpr.org.ro\/index.php\/premiile-anbpr\/2016-2\/\" rel=\"nofollow\"><span class=\"sr-only\">Read more about 2016<\/span>[&hellip;]<\/a><\/p>\n","protected":false},"author":3,"featured_media":0,"parent":207,"menu_order":0,"comment_status":"closed","ping_status":"closed","template":"","meta":{"footnotes":""},"class_list":["post-3078","page","type-page","status-publish","hentry"],"_links":{"self":[{"href":"https:\/\/anbpr.org.ro\/index.php\/wp-json\/wp\/v2\/pages\/3078","targetHints":{"allow":["GET"]}}],"collection":[{"href":"https:\/\/anbpr.org.ro\/index.php\/wp-json\/wp\/v2\/pages"}],"about":[{"href":"https:\/\/anbpr.org.ro\/index.php\/wp-json\/wp\/v2\/types\/page"}],"author":[{"embeddable":true,"href":"https:\/\/anbpr.org.ro\/index.php\/wp-json\/wp\/v2\/users\/3"}],"replies":[{"embeddable":true,"href":"https:\/\/anbpr.org.ro\/index.php\/wp-json\/wp\/v2\/comments?post=3078"}],"version-history":[{"count":2,"href":"https:\/\/anbpr.org.ro\/index.php\/wp-json\/wp\/v2\/pages\/3078\/revisions"}],"predecessor-version":[{"id":3084,"href":"https:\/\/anbpr.org.ro\/index.php\/wp-json\/wp\/v2\/pages\/3078\/revisions\/3084"}],"up":[{"embeddable":true,"href":"https:\/\/anbpr.org.ro\/index.php\/wp-json\/wp\/v2\/pages\/207"}],"wp:attachment":[{"href":"https:\/\/anbpr.org.ro\/index.php\/wp-json\/wp\/v2\/media?parent=3078"}],"curies":[{"name":"wp","href":"https:\/\/api.w.org\/{rel}","templated":true}]}}