{"id":3094,"date":"2020-04-06T19:27:41","date_gmt":"2020-04-06T16:27:41","guid":{"rendered":"http:\/\/anbpr.org.ro\/?page_id=3094"},"modified":"2020-04-06T19:28:18","modified_gmt":"2020-04-06T16:28:18","slug":"2018-2","status":"publish","type":"page","link":"https:\/\/anbpr.org.ro\/index.php\/premiile-anbpr\/2018-2\/","title":{"rendered":"2018"},"content":{"rendered":"<div id='share-me'><ul class='share-left'><li><a href=\"http:\/\/www.facebook.com\/sharer.php?u=https:\/\/anbpr.org.ro\/index.php\/premiile-anbpr\/2018-2\/&t=2018\" alt=\"Share on Facebook\" title=\"Share on Facebook\"   onclick=\"return smWindowpop(this.href,545,433)\"><img alt = \"\" src = \"https:\/\/anbpr.org.ro\/wp-content\/plugins\/share-me\/\/assets\/images\/cercle\/facebook.png\"  height=\"32px\"  width=\"32px\"><\/a><\/li><li><a href=\"http:\/\/twitter.com\/share?text=2018-&url=https:\/\/anbpr.org.ro\/index.php\/premiile-anbpr\/2018-2\/&via=ANBPR - Asocia\u021bia Na\u021bional\u0103  a Bibliotecarilor \u0219i Bibliotecilor Publice din Rom\u00e2nia\" alt=\"Tweet This Post\" title=\"Tweet This Post\"  onclick=\"return smWindowpop(this.href,545,433)\"><img alt = \"\" src = \"https:\/\/anbpr.org.ro\/wp-content\/plugins\/share-me\/\/assets\/images\/cercle\/twitter.png\"  height=\"32px\"  width=\"32px\"><\/a><\/li><li><a href=\"https:\/\/plusone.google.com\/_\/+1\/confirm?hl=fr-FR&url=https:\/\/anbpr.org.ro\/index.php\/premiile-anbpr\/2018-2\/\" alt=\"Share on Google+\" title=\"Share on Google+\"  target=\"_blank\" onclick=\"return smWindowpop(this.href,545,433)\"><img alt = \"\" src = \"https:\/\/anbpr.org.ro\/wp-content\/plugins\/share-me\/\/assets\/images\/cercle\/googleplus.png\"  height=\"32px\"  width=\"32px\"><\/a><\/li><li><a href=\"http:\/\/www.tumblr.com\/share\/photo?source=&caption=2018&clickthru=https%3A%2F%2Fanbpr.org.ro%2Findex.php%2Fpremiile-anbpr%2F2018-2%2F\" title=\"Share on Tumblr\"  onclick=\"return smWindowpop(this.href,545,433)\"> <img alt = \"\" src = \"https:\/\/anbpr.org.ro\/wp-content\/plugins\/share-me\/\/assets\/images\/cercle\/tumblr.png\"  height=\"32px\"  width=\"32px\"><\/a><\/li><li><a href=\"http:\/\/www.linkedin.com\/shareArticle?mini=true&url=https:\/\/anbpr.org.ro\/index.php\/premiile-anbpr\/2018-2\/&title=2018&source=ANBPR - Asocia\u021bia Na\u021bional\u0103  a Bibliotecarilor \u0219i Bibliotecilor Publice din Rom\u00e2nia\" onclick=\"return smWindowpop(this.href, 545,433)\"><img alt = \"\" src = \"https:\/\/anbpr.org.ro\/wp-content\/plugins\/share-me\/\/assets\/images\/cercle\/linkedin.png\"  height=\"32px\"  width=\"32px\"><\/a><\/li><li><a href=\"https:\/\/www.blogger.com\/blog-this.g?u=https:\/\/anbpr.org.ro\/index.php\/premiile-anbpr\/2018-2\/&n=2018&t=ANBPR - Asocia\u021bia Na\u021bional\u0103  a Bibliotecarilor \u0219i Bibliotecilor Publice din Rom\u00e2nia\" alt=\"Share on Blogger\" title=\"Share on Blogger\" onclick=\"return smWindowpop(this.href, 545,433)\"><img alt = \"\" src = \"https:\/\/anbpr.org.ro\/wp-content\/plugins\/share-me\/\/assets\/images\/cercle\/blogger.png\"  height=\"32px\"  width=\"32px\"><\/a><\/li><\/ul><\/div><br\/>\n<p>Premiile\nANBPR pentru anul 2018<\/p>\n\n\n\n<p><strong>Categoria\nI<\/strong><\/p>\n\n\n\n<p><strong>Premiul\npentru Cea mai bun\u0103 lucrare de specialitate &#8211; tip monografie<\/strong><\/p>\n\n\n\n<p>Se acord\u0103 domnului Adrian\n\u021aiglea, pentru lucrarea <em>Cultur\u0103 \u0219i\nmentalit\u0103\u021bi \u00een epoca Marii Uniri: o perspectiv\u0103 asupra modernit\u0103\u021bii rom\u00e2ne\u0219ti <\/em>(2018),\npropunere sus\u0163inut\u0103 de Biblioteca Jude\u0163ean\u0103 \u201eDuiliu Zamfirescu\u201d Foc\u015fani \u0219i\nFiliala ANBPR Vrancea<\/p>\n\n\n\n<p><strong>Categoria\na II-a<\/strong><\/p>\n\n\n\n<p><strong>Premiul\nCel mai bun articol de specialitate<\/strong><\/p>\n\n\n\n<p>Se acord\u0103 doamnei Corina\nNicoglu (Ciuraru) pentru studiul <em>Maker\nSpace \u2013 Educa\u0163ie STEM \u00een biblioteca public\u0103 br\u0103ilean\u0103 (partea I) <\/em>\u015fi<em> Bibliotecile rom\u00e2ne\u015fti \u015fi mi\u015fcarea Maker\n(partea a II-a)<\/em>, publicat \u00een BiblioMagazin 2018<\/p>\n\n\n\n<p><strong>Categoria\na III-a<\/strong><\/p>\n\n\n\n<p><strong>Premiul\nCel mai bun program\/proiect de bibliotec\u0103 \u2013 nivel Bibliotec\u0103 Jude\u021bean\u0103<\/strong><\/p>\n\n\n\n<p>Se acord\u0103 Bibliotecii Jude\u0163ene\nSatu Mare \u0219i Filialei ANBPR Satu Mare pentru proiectul <em>Jude\u021bul Satu Mare &#8211; 100 de ani \u00een 100 de imagini<\/em><\/p>\n\n\n\n<p><strong>Categoria\na III-a<\/strong><\/p>\n\n\n\n<p><strong>Cel\nmai bun program\/proiect de bibliotec\u0103 \u2013 nivel Bibliotec\u0103 Comunal\u0103<\/strong><\/p>\n\n\n\n<p>Se acord\u0103 proiectului <em>Aduce\u021bi un z\u00e2mbet pe chipul unui bunic<\/em> ini\u0163iat\n\u015fi realizat de Biblioteca public\u0103 din comuna Gr\u0103me\u0219ti, jude\u0163ul Suceava,\nnominalizare f\u0103cut\u0103 de Biblioteca Jude\u0163ean\u0103 \u201eI. G. Sbierea\u201d \u015fi Filiala ANBPR\nSuceava<\/p>\n\n\n\n<p><strong>Categoria\na IV-a<\/strong><\/p>\n\n\n\n<p><strong>Cel\nmai bun serviciu inovativ de bibliotec\u0103<\/strong><\/p>\n\n\n\n<p>Se acord\u0103 serviciului <em>Ateliere de dezvoltare personal\u0103<\/em> ini\u0163iate \u015fi organizate de Biblioteca\nJude\u021bean\u0103 \u201cMarin\nPreda\u201d Teleorman la propunerea Filialei ANBPR Teleorman<\/p>\n\n\n\n<p><strong>Categoria\na V-a <\/strong><\/p>\n\n\n\n<p><strong>Bibliotecarul\nAnului<\/strong><\/p>\n\n\n\n<p>Se acord\u0103 doamnei\nRaluca Istrate la propunerea Bibliotecii Jude\u0163ene Satu Mare \u0219i Filialei ANBPR\nSatu Mare<\/p>\n\n\n\n<p><strong>Categoria\na VI-a<\/strong><\/p>\n\n\n\n<p><strong>Premiul \u201eTraian Brad\u201d pentru\nmerite deosebite \u00een biblioteconomie \u00een \u00eentreaga activitate<\/strong><\/p>\n\n\n\n<p>Se acord\u0103 doamnei\nVeronica Cr\u0103ciun, la propunerea Bibliotecii Jude\u0163ene \u201eDuiliu Zamfirescu\u201d\nFoc\u015fani \u0219i Filialei ANBPR Vrancea<\/p>\n","protected":false},"excerpt":{"rendered":"<p>Premiile ANBPR pentru anul 2018 Categoria I Premiul pentru Cea mai bun\u0103 lucrare de specialitate &#8211; tip monografie Se acord\u0103 domnului Adrian \u021aiglea, pentru lucrarea Cultur\u0103 \u0219i mentalit\u0103\u021bi \u00een epoca Marii Uniri: o perspectiv\u0103 asupra modernit\u0103\u021bii rom\u00e2ne\u0219ti (2018), propunere sus\u0163inut\u0103 de Biblioteca Jude\u0163ean\u0103 \u201eDuiliu Zamfirescu\u201d Foc\u015fani \u0219i Filiala ANBPR Vrancea Categoria a II-a Premiul Cel <a href=\"https:\/\/anbpr.org.ro\/index.php\/premiile-anbpr\/2018-2\/\" rel=\"nofollow\"><span class=\"sr-only\">Read more about 2018<\/span>[&hellip;]<\/a><\/p>\n","protected":false},"author":3,"featured_media":0,"parent":207,"menu_order":0,"comment_status":"closed","ping_status":"closed","template":"","meta":{"footnotes":""},"class_list":["post-3094","page","type-page","status-publish","hentry"],"_links":{"self":[{"href":"https:\/\/anbpr.org.ro\/index.php\/wp-json\/wp\/v2\/pages\/3094","targetHints":{"allow":["GET"]}}],"collection":[{"href":"https:\/\/anbpr.org.ro\/index.php\/wp-json\/wp\/v2\/pages"}],"about":[{"href":"https:\/\/anbpr.org.ro\/index.php\/wp-json\/wp\/v2\/types\/page"}],"author":[{"embeddable":true,"href":"https:\/\/anbpr.org.ro\/index.php\/wp-json\/wp\/v2\/users\/3"}],"replies":[{"embeddable":true,"href":"https:\/\/anbpr.org.ro\/index.php\/wp-json\/wp\/v2\/comments?post=3094"}],"version-history":[{"count":1,"href":"https:\/\/anbpr.org.ro\/index.php\/wp-json\/wp\/v2\/pages\/3094\/revisions"}],"predecessor-version":[{"id":3096,"href":"https:\/\/anbpr.org.ro\/index.php\/wp-json\/wp\/v2\/pages\/3094\/revisions\/3096"}],"up":[{"embeddable":true,"href":"https:\/\/anbpr.org.ro\/index.php\/wp-json\/wp\/v2\/pages\/207"}],"wp:attachment":[{"href":"https:\/\/anbpr.org.ro\/index.php\/wp-json\/wp\/v2\/media?parent=3094"}],"curies":[{"name":"wp","href":"https:\/\/api.w.org\/{rel}","templated":true}]}}