{"id":3550,"date":"2021-03-03T12:45:50","date_gmt":"2021-03-03T10:45:50","guid":{"rendered":"http:\/\/anbpr.org.ro\/?page_id=3550"},"modified":"2021-04-21T13:23:46","modified_gmt":"2021-04-21T10:23:46","slug":"alegeri","status":"publish","type":"page","link":"https:\/\/anbpr.org.ro\/index.php\/membri-sustinatori\/alegeri\/","title":{"rendered":"Alegeri"},"content":{"rendered":"<div id='share-me'><ul class='share-left'><li><a href=\"http:\/\/www.facebook.com\/sharer.php?u=https:\/\/anbpr.org.ro\/index.php\/membri-sustinatori\/alegeri\/&t=Alegeri\" alt=\"Share on Facebook\" title=\"Share on Facebook\"   onclick=\"return smWindowpop(this.href,545,433)\"><img alt = \"\" src = \"https:\/\/anbpr.org.ro\/wp-content\/plugins\/share-me\/\/assets\/images\/cercle\/facebook.png\"  height=\"32px\"  width=\"32px\"><\/a><\/li><li><a href=\"http:\/\/twitter.com\/share?text=Alegeri-&url=https:\/\/anbpr.org.ro\/index.php\/membri-sustinatori\/alegeri\/&via=ANBPR - Asocia\u021bia Na\u021bional\u0103  a Bibliotecarilor \u0219i Bibliotecilor Publice din Rom\u00e2nia\" alt=\"Tweet This Post\" title=\"Tweet This Post\"  onclick=\"return smWindowpop(this.href,545,433)\"><img alt = \"\" src = \"https:\/\/anbpr.org.ro\/wp-content\/plugins\/share-me\/\/assets\/images\/cercle\/twitter.png\"  height=\"32px\"  width=\"32px\"><\/a><\/li><li><a href=\"https:\/\/plusone.google.com\/_\/+1\/confirm?hl=fr-FR&url=https:\/\/anbpr.org.ro\/index.php\/membri-sustinatori\/alegeri\/\" alt=\"Share on Google+\" title=\"Share on Google+\"  target=\"_blank\" onclick=\"return smWindowpop(this.href,545,433)\"><img alt = \"\" src = \"https:\/\/anbpr.org.ro\/wp-content\/plugins\/share-me\/\/assets\/images\/cercle\/googleplus.png\"  height=\"32px\"  width=\"32px\"><\/a><\/li><li><a href=\"http:\/\/www.tumblr.com\/share\/photo?source=&caption=Alegeri&clickthru=https%3A%2F%2Fanbpr.org.ro%2Findex.php%2Fmembri-sustinatori%2Falegeri%2F\" title=\"Share on Tumblr\"  onclick=\"return smWindowpop(this.href,545,433)\"> <img alt = \"\" src = \"https:\/\/anbpr.org.ro\/wp-content\/plugins\/share-me\/\/assets\/images\/cercle\/tumblr.png\"  height=\"32px\"  width=\"32px\"><\/a><\/li><li><a href=\"http:\/\/www.linkedin.com\/shareArticle?mini=true&url=https:\/\/anbpr.org.ro\/index.php\/membri-sustinatori\/alegeri\/&title=Alegeri&source=ANBPR - Asocia\u021bia Na\u021bional\u0103  a Bibliotecarilor \u0219i Bibliotecilor Publice din Rom\u00e2nia\" onclick=\"return smWindowpop(this.href, 545,433)\"><img alt = \"\" src = \"https:\/\/anbpr.org.ro\/wp-content\/plugins\/share-me\/\/assets\/images\/cercle\/linkedin.png\"  height=\"32px\"  width=\"32px\"><\/a><\/li><li><a href=\"https:\/\/www.blogger.com\/blog-this.g?u=https:\/\/anbpr.org.ro\/index.php\/membri-sustinatori\/alegeri\/&n=Alegeri&t=ANBPR - Asocia\u021bia Na\u021bional\u0103  a Bibliotecarilor \u0219i Bibliotecilor Publice din Rom\u00e2nia\" alt=\"Share on Blogger\" title=\"Share on Blogger\" onclick=\"return smWindowpop(this.href, 545,433)\"><img alt = \"\" src = \"https:\/\/anbpr.org.ro\/wp-content\/plugins\/share-me\/\/assets\/images\/cercle\/blogger.png\"  height=\"32px\"  width=\"32px\"><\/a><\/li><\/ul><\/div><br\/>\n<p><strong><a href=\"http:\/\/anbpr.org.ro\/wp-content\/uploads\/2021\/04\/anunt-candidaturi3.pdf\">Decizie a Consiliului de Conducere al ANBPR  ref. acceptare\/respingere contesta\u021bii privind candidatura pentru func\u021bia de membru \u00een Consiliul de Conducere ANBPR<\/a><\/strong><\/p>\n\n\n\n<p><strong><a href=\"http:\/\/anbpr.org.ro\/wp-content\/uploads\/2021\/04\/anunt-candidaturi2.pdf\">Decizie a Biroului Executiv ref. validare\/invalidare candidaturi pentru func\u021biile de pre\u0219edinte \u0219i membru \u00een consiliul de conducere ANBPR<\/a><\/strong><\/p>\n\n\n\n<p><a href=\"http:\/\/anbpr.org.ro\/wp-content\/uploads\/2021\/03\/Adresa-organizare-alegeri-filiale.pdf\">Adresa ANBPR ref. organizare alegeri filiale<\/a><\/p>\n\n\n\n<p><\/p>\n\n\n\n<p><a href=\"http:\/\/anbpr.org.ro\/wp-content\/uploads\/2021\/03\/Regulament-desfasurare-alegeri-revizuit.pdf\">Regulament desf\u0103\u0219urare alegeri ANBPR &#8211; revizuit<\/a><\/p>\n\n\n\n<p><strong>Propuneri \u0219i autopropuneri pentru func\u021bia de Pre\u0219edinte al ANBPR<\/strong><\/p>\n\n\n\n<figure class=\"wp-block-table\"><table><tbody><tr><td>1<\/td><td><a href=\"http:\/\/anbpr.org.ro\/wp-content\/uploads\/2021\/03\/Candidatura_Presedinte_Olimpia_Bratu.pdf\">Olimpia BRATU<\/a><\/td><td>GORJ<\/td><\/tr><tr><td>2<\/td><td><a href=\"http:\/\/anbpr.org.ro\/wp-content\/uploads\/2021\/03\/Candidatura_Presedinte_Dragos-Adrian_Neagu.pdf\">Drago\u0219-Adrian NEAGU<\/a><\/td><td>BR\u0102ILA<\/td><\/tr><\/tbody><\/table><\/figure>\n\n\n\n<p><strong>Propuneri \u0219i autopropuneri pentru Consiliul de Conducere \u0219i Biroul Executiv al ANBPR<\/strong><\/p>\n\n\n\n<figure class=\"wp-block-table\"><table><tbody><tr><td>1<\/td><td><a href=\"http:\/\/anbpr.org.ro\/wp-content\/uploads\/2021\/03\/Candidatura_CC_Geanina_Florenta_Burcea.pdf\">Floren\u021ba Geanina BURCEA<\/a><\/td><td>TELEORMAN<\/td><\/tr><tr><td>2<\/td><td><a href=\"http:\/\/anbpr.org.ro\/wp-content\/uploads\/2021\/03\/Candidatura_CC_Dorin_Cozan.pdf\">Dorin COZAN<\/a><\/td><td>COTNARI<\/td><\/tr><tr><td>3<\/td><td><a href=\"http:\/\/anbpr.org.ro\/wp-content\/uploads\/2021\/03\/Candidatura_CC_Daniela_Bardan.pdf\">Daniela BARDAN<\/a><\/td><td>GIURGIU<\/td><\/tr><tr><td>4<\/td><td><a href=\"http:\/\/anbpr.org.ro\/wp-content\/uploads\/2021\/03\/Candidatura_CC_Corina_Ciuraru.pdf\">Corina CIURARU<\/a><\/td><td>BR\u0102ILA<\/td><\/tr><tr><td>5<\/td><td><a href=\"http:\/\/anbpr.org.ro\/wp-content\/uploads\/2021\/03\/Candidatura_CC_Mariana_Lucia_Marian.pdf\">Mariana Lucia MARIAN<\/a><\/td><td>S\u0102LAJ<\/td><\/tr><tr><td>6<\/td><td><a href=\"http:\/\/anbpr.org.ro\/wp-content\/uploads\/2021\/03\/Candidatura_CC_Ruxandra_Moasa_Nazare.pdf\">Ruxandra Moa\u0219a NAZARE<\/a><\/td><td>BRA\u0218OV<\/td><\/tr><tr><td>7<\/td><td><a href=\"http:\/\/anbpr.org.ro\/wp-content\/uploads\/2021\/03\/Candidatura_CC_Catalin_Vladut_Andreescu.pdf\">C\u0103t\u0103lin Vl\u0103du\u021b ANDREESCU<\/a><\/td><td>D\u00c2MBOVI\u021aA<\/td><\/tr><tr><td>8<\/td><td><a href=\"http:\/\/anbpr.org.ro\/wp-content\/uploads\/2021\/03\/Candidatura_CC_Crina_Popescu.pdf\">Crina POPESCU<\/a><\/td><td>PIETRARI<\/td><\/tr><tr><td>9<\/td><td><a href=\"http:\/\/anbpr.org.ro\/wp-content\/uploads\/2021\/03\/Candidatura_CC_Iuliana_Camelia_Pirvu.pdf\">Iuliana P\u00ceRVU<\/a><\/td><td>\u0218IRNA<\/td><\/tr><tr><td>10<\/td><td><a href=\"http:\/\/anbpr.org.ro\/wp-content\/uploads\/2021\/03\/Candidatura_CC_Claudia_Serbanuta.pdf\">Claudia \u0218ERBANU\u021a\u0102<\/a><\/td><td>BUCURE\u0218TI<\/td><\/tr><tr><td>11<\/td><td><a href=\"http:\/\/anbpr.org.ro\/wp-content\/uploads\/2021\/03\/Candidatura_CC_Viorel_Spaiuc.pdf\">Viorel SPAIUC<\/a><\/td><td>SACU<\/td><\/tr><tr><td>12<\/td><td><a href=\"http:\/\/anbpr.org.ro\/wp-content\/uploads\/2021\/03\/Candidatura_CC_Olivia_Monica_Avram.pdf\">Olivia Monica AVRAM<\/a><\/td><td>MURE\u0218<\/td><\/tr><tr><td>13<\/td><td><a href=\"http:\/\/anbpr.org.ro\/wp-content\/uploads\/2021\/03\/Candidatura_CC_Ionut_Tenie.pdf\">Ionu\u021b TENIE<\/a><\/td><td>ONE\u0218TI<\/td><\/tr><tr><td>14<\/td><td><a href=\"http:\/\/anbpr.org.ro\/wp-content\/uploads\/2021\/03\/Candidatura_CC_Agnes_Terezia_Erich.pdf\">Agnes ERICH<\/a><\/td><td>D\u00c2MBOVI\u021aA<\/td><\/tr><tr><td>15<\/td><td><a href=\"http:\/\/anbpr.org.ro\/wp-content\/uploads\/2021\/03\/Candidatura_CC_Mihaela_Voinicu.pdf\">Mihaela VOINICU<\/a><\/td><td>ARGE\u0218<\/td><\/tr><tr><td>16<\/td><td><a href=\"http:\/\/anbpr.org.ro\/wp-content\/uploads\/2021\/03\/Candidatura_CC_Ionela_Panait.pdf\">Ionela Panait<\/a><\/td><td>ARGE\u0218<\/td><\/tr><tr><td>17<\/td><td><a href=\"http:\/\/anbpr.org.ro\/wp-content\/uploads\/2021\/03\/Candidatura_CC_Gheorghe_Gabriel_Carabus.pdf\">Gheorghe-Gabriel C\u0102R\u0102BU\u0218<\/a><\/td><td>SUCEAVA<\/td><\/tr><tr><td>18<\/td><td><a href=\"http:\/\/anbpr.org.ro\/wp-content\/uploads\/2021\/03\/Candidatura_CC_Sorin_Burlacu.pdf\">Sorin BURLACU<\/a><\/td><td>BUZ\u0102U<\/td><\/tr><tr><td>19<\/td><td><a href=\"http:\/\/anbpr.org.ro\/wp-content\/uploads\/2021\/03\/Candidatura_CC_Dragos_Adrian_Neagu.pdf\">Drago\u0219-Adrian NEAGU<\/a><\/td><td>BR\u0102ILA<\/td><\/tr><tr><td>20<\/td><td><a href=\"http:\/\/anbpr.org.ro\/wp-content\/uploads\/2021\/03\/Candidatura_CC_Maria_Cristina_Firu.pdf\">Maria Cristina FIRU<\/a><\/td><td>MEHEDIN\u021aI<\/td><\/tr><tr><td>21<\/td><td><a href=\"http:\/\/anbpr.org.ro\/wp-content\/uploads\/2021\/03\/Candidatura_CC_Gelu_Voicu_Bichinet.pdf\">Gelu Voicu BICHINE\u021a<\/a><\/td><td>VASLUI<\/td><\/tr><tr><td>22<\/td><td><a href=\"http:\/\/anbpr.org.ro\/wp-content\/uploads\/2021\/03\/Candidatura_CC_Silviu_Bors.pdf\">Silviu BOR\u0218<\/a><\/td><td>SIBIU<\/td><\/tr><tr><td>23<\/td><td><a href=\"http:\/\/anbpr.org.ro\/wp-content\/uploads\/2021\/03\/Candidatura_CC_Nicoleta_Liliana_Grigorescu.pdf\">Nicoleta Liliana Grigorescu<\/a><\/td><td>TITU<\/td><\/tr><tr><td>24<\/td><td><a href=\"http:\/\/anbpr.org.ro\/wp-content\/uploads\/2021\/03\/Candidatura_CC_Geta_Eftimie.pdf\">Geta EFTIMIE<\/a><\/td><td>GALA\u021aI<\/td><\/tr><tr><td>25<\/td><td><a href=\"http:\/\/anbpr.org.ro\/wp-content\/uploads\/2021\/03\/Candidatura_CC_Eduard_Claudiu_Braileanu.pdf\">Claudiu BR\u0102ILEANU<\/a><\/td><td>BR\u0102ILA<\/td><\/tr><tr><td>26<\/td><td><a href=\"http:\/\/anbpr.org.ro\/wp-content\/uploads\/2021\/03\/Candidatura_CC_Constantin_Mituca.pdf\">Constantin MITUC\u0102<\/a><\/td><td>GORJ<\/td><\/tr><tr><td>27<\/td><td><a href=\"http:\/\/anbpr.org.ro\/wp-content\/uploads\/2021\/03\/Candidatura_CC_Sorina_Stanca.pdf\">Sorina STANCA<\/a><\/td><td>CLUJ<\/td><\/tr><tr><td>28<\/td><td><a href=\"http:\/\/anbpr.org.ro\/wp-content\/uploads\/2021\/03\/Candidatura_CC_Lenuta_Neacsu.pdf\">Lenu\u021ba NEAC\u0218U<\/a><\/td><td>BAC\u0102U<\/td><\/tr><tr><td>29<\/td><td><a href=\"http:\/\/anbpr.org.ro\/wp-content\/uploads\/2021\/03\/Candidatura_CC_Crina_Ifrim.pdf\">Crina IFRIM<\/a><\/td><td>BAC\u0102U<\/td><\/tr><tr><td>30<\/td><td><a href=\"http:\/\/anbpr.org.ro\/wp-content\/uploads\/2021\/03\/Candidatura_CC_Lucian_Dindirica.pdf\">Lucian DINDIRIC\u0102<\/a><\/td><td>DOLJ<\/td><\/tr><tr><td>31<\/td><td><a href=\"http:\/\/anbpr.org.ro\/wp-content\/uploads\/2021\/03\/Candidatura_CC_Mihaela_Radu.pdf\">Mihaela RADU<\/a><\/td><td>PRAHOVA<\/td><\/tr><tr><td>32<\/td><td><a href=\"http:\/\/anbpr.org.ro\/wp-content\/uploads\/2021\/03\/Candidatura_CC_Iulia_Irimia.pdf\">Iulia IRIMIA<\/a><\/td><td>BUZ\u0102U<\/td><\/tr><\/tbody><\/table><figcaption> <\/figcaption><\/figure>\n","protected":false},"excerpt":{"rendered":"<p>Decizie a Consiliului de Conducere al ANBPR ref. acceptare\/respingere contesta\u021bii privind candidatura pentru func\u021bia de membru \u00een Consiliul de Conducere ANBPR Decizie a Biroului Executiv ref. validare\/invalidare candidaturi pentru func\u021biile de pre\u0219edinte \u0219i membru \u00een consiliul de conducere ANBPR Adresa ANBPR ref. organizare alegeri filiale Regulament desf\u0103\u0219urare alegeri ANBPR &#8211; revizuit Propuneri \u0219i autopropuneri pentru <a href=\"https:\/\/anbpr.org.ro\/index.php\/membri-sustinatori\/alegeri\/\" rel=\"nofollow\"><span class=\"sr-only\">Read more about Alegeri<\/span>[&hellip;]<\/a><\/p>\n","protected":false},"author":3,"featured_media":0,"parent":807,"menu_order":0,"comment_status":"closed","ping_status":"closed","template":"","meta":{"footnotes":""},"class_list":["post-3550","page","type-page","status-publish","hentry"],"_links":{"self":[{"href":"https:\/\/anbpr.org.ro\/index.php\/wp-json\/wp\/v2\/pages\/3550","targetHints":{"allow":["GET"]}}],"collection":[{"href":"https:\/\/anbpr.org.ro\/index.php\/wp-json\/wp\/v2\/pages"}],"about":[{"href":"https:\/\/anbpr.org.ro\/index.php\/wp-json\/wp\/v2\/types\/page"}],"author":[{"embeddable":true,"href":"https:\/\/anbpr.org.ro\/index.php\/wp-json\/wp\/v2\/users\/3"}],"replies":[{"embeddable":true,"href":"https:\/\/anbpr.org.ro\/index.php\/wp-json\/wp\/v2\/comments?post=3550"}],"version-history":[{"count":52,"href":"https:\/\/anbpr.org.ro\/index.php\/wp-json\/wp\/v2\/pages\/3550\/revisions"}],"predecessor-version":[{"id":3824,"href":"https:\/\/anbpr.org.ro\/index.php\/wp-json\/wp\/v2\/pages\/3550\/revisions\/3824"}],"up":[{"embeddable":true,"href":"https:\/\/anbpr.org.ro\/index.php\/wp-json\/wp\/v2\/pages\/807"}],"wp:attachment":[{"href":"https:\/\/anbpr.org.ro\/index.php\/wp-json\/wp\/v2\/media?parent=3550"}],"curies":[{"name":"wp","href":"https:\/\/api.w.org\/{rel}","templated":true}]}}