{"id":448,"date":"2017-03-19T19:14:36","date_gmt":"2017-03-19T17:14:36","guid":{"rendered":"http:\/\/anbpr.s-a-f.ro\/?page_id=448"},"modified":"2017-11-07T09:13:41","modified_gmt":"2017-11-07T07:13:41","slug":"conferinta-anbpr-iasi-5-7-octombrie-2016","status":"publish","type":"page","link":"https:\/\/anbpr.org.ro\/index.php\/conferinte\/conferinta-anbpr-iasi-5-7-octombrie-2016\/","title":{"rendered":"Conferin\u021ba ANBPR, Ia\u0219i, 5-7 octombrie 2016"},"content":{"rendered":"<div id='share-me'><ul class='share-left'><li><a href=\"http:\/\/www.facebook.com\/sharer.php?u=https:\/\/anbpr.org.ro\/index.php\/conferinte\/conferinta-anbpr-iasi-5-7-octombrie-2016\/&t=Conferin%C8%9Ba+ANBPR%2C+Ia%C8%99i%2C+5-7+octombrie+2016\" alt=\"Share on Facebook\" title=\"Share on Facebook\"   onclick=\"return smWindowpop(this.href,545,433)\"><img alt = \"\" src = \"https:\/\/anbpr.org.ro\/wp-content\/plugins\/share-me\/\/assets\/images\/cercle\/facebook.png\"  height=\"32px\"  width=\"32px\"><\/a><\/li><li><a href=\"http:\/\/twitter.com\/share?text=Conferin%C8%9Ba+ANBPR%2C+Ia%C8%99i%2C+5-7+octombrie+2016-&url=https:\/\/anbpr.org.ro\/index.php\/conferinte\/conferinta-anbpr-iasi-5-7-octombrie-2016\/&via=ANBPR - Asocia\u021bia Na\u021bional\u0103  a Bibliotecarilor \u0219i Bibliotecilor Publice din Rom\u00e2nia\" alt=\"Tweet This Post\" title=\"Tweet This Post\"  onclick=\"return smWindowpop(this.href,545,433)\"><img alt = \"\" src = \"https:\/\/anbpr.org.ro\/wp-content\/plugins\/share-me\/\/assets\/images\/cercle\/twitter.png\"  height=\"32px\"  width=\"32px\"><\/a><\/li><li><a href=\"https:\/\/plusone.google.com\/_\/+1\/confirm?hl=fr-FR&url=https:\/\/anbpr.org.ro\/index.php\/conferinte\/conferinta-anbpr-iasi-5-7-octombrie-2016\/\" alt=\"Share on Google+\" title=\"Share on Google+\"  target=\"_blank\" onclick=\"return smWindowpop(this.href,545,433)\"><img alt = \"\" src = \"https:\/\/anbpr.org.ro\/wp-content\/plugins\/share-me\/\/assets\/images\/cercle\/googleplus.png\"  height=\"32px\"  width=\"32px\"><\/a><\/li><li><a href=\"http:\/\/www.tumblr.com\/share\/photo?source=https%3A%2F%2Fanbpr.org.ro%2Fwp-content%2Fuploads%2F2017%2F03%2Fanbpr-3.jpg&caption=Conferin%C8%9Ba+ANBPR%2C+Ia%C8%99i%2C+5-7+octombrie+2016&clickthru=https%3A%2F%2Fanbpr.org.ro%2Findex.php%2Fconferinte%2Fconferinta-anbpr-iasi-5-7-octombrie-2016%2F\" title=\"Share on Tumblr\"  onclick=\"return smWindowpop(this.href,545,433)\"> <img alt = \"\" src = \"https:\/\/anbpr.org.ro\/wp-content\/plugins\/share-me\/\/assets\/images\/cercle\/tumblr.png\"  height=\"32px\"  width=\"32px\"><\/a><\/li><li><a href=\"http:\/\/www.linkedin.com\/shareArticle?mini=true&url=https:\/\/anbpr.org.ro\/index.php\/conferinte\/conferinta-anbpr-iasi-5-7-octombrie-2016\/&title=Conferin%C8%9Ba+ANBPR%2C+Ia%C8%99i%2C+5-7+octombrie+2016&source=ANBPR - Asocia\u021bia Na\u021bional\u0103  a Bibliotecarilor \u0219i Bibliotecilor Publice din Rom\u00e2nia\" onclick=\"return smWindowpop(this.href, 545,433)\"><img alt = \"\" src = \"https:\/\/anbpr.org.ro\/wp-content\/plugins\/share-me\/\/assets\/images\/cercle\/linkedin.png\"  height=\"32px\"  width=\"32px\"><\/a><\/li><li><a href=\"https:\/\/www.blogger.com\/blog-this.g?u=https:\/\/anbpr.org.ro\/index.php\/conferinte\/conferinta-anbpr-iasi-5-7-octombrie-2016\/&n=Conferin%C8%9Ba+ANBPR%2C+Ia%C8%99i%2C+5-7+octombrie+2016&t=ANBPR - Asocia\u021bia Na\u021bional\u0103  a Bibliotecarilor \u0219i Bibliotecilor Publice din Rom\u00e2nia\" alt=\"Share on Blogger\" title=\"Share on Blogger\" onclick=\"return smWindowpop(this.href, 545,433)\"><img alt = \"\" src = \"https:\/\/anbpr.org.ro\/wp-content\/plugins\/share-me\/\/assets\/images\/cercle\/blogger.png\"  height=\"32px\"  width=\"32px\"><\/a><\/li><\/ul><\/div><br\/><p><a href=\"http:\/\/anbpr.org.ro\/index.php\/conferinte\/conferinta-anbpr-iasi-5-7-octombrie-2016\/anbpr-3-2\/\" rel=\"attachment wp-att-449\"><img loading=\"lazy\" decoding=\"async\" class=\"alignleft size-medium wp-image-449\" src=\"http:\/\/anbpr.org.ro\/wp-content\/uploads\/2017\/03\/anbpr-3-211x300.jpg\" alt=\"\" width=\"211\" height=\"300\" srcset=\"https:\/\/anbpr.org.ro\/wp-content\/uploads\/2017\/03\/anbpr-3-211x300.jpg 211w, https:\/\/anbpr.org.ro\/wp-content\/uploads\/2017\/03\/anbpr-3-35x50.jpg 35w, https:\/\/anbpr.org.ro\/wp-content\/uploads\/2017\/03\/anbpr-3.jpg 268w\" sizes=\"auto, (max-width: 211px) 100vw, 211px\" \/><\/a>\u00cen perioada 5-7 octombrie 2016, Biblioteca Jude\u0163ean\u0103 \u201eGh. Asachi\u201d Ia\u015fi a organizat Conferin\u021ba Na\u021bional\u0103 a Asocia\u021biei Na\u021bionale a Bibliotecarilor \u0219i Bibliotecilor Publice din Rom\u00e2nia (ANBPR), sub tema \u201ePromisiunea viitorului \u2013 tehnologie, bibliotec\u0103 \u0219i digital\u201d. Scopul Conferin\u021bei a fost asigurarea form\u0103rii profesionale continue a bibliotecarilor \u0219i speciali\u0219tilor din bibliotecile publice din Rom\u00e2nia \u0219i Republica Moldova. Evenimentele s-au adresat bibliotecarilor, speciali\u0219tilor \u00een biblioteconomie \u0219i managerilor de biblioteci din \u021bar\u0103 \u0219i Republica Moldova \u0219i a urm\u0103rit aducerea la aceea\u0219i mas\u0103 de discu\u021bii a unor profesioni\u0219ti din alte domenii utile activit\u0103\u021bii de bibliotec\u0103: scriitori, profesori, programatori, formatori, psihologi. Accentul a fost pus pe colaborare, comunicare, \u00eent\u00e2lnire, schimb de experien\u021b\u0103 \u0219i de idei, educa\u021bie, lectur\u0103 \u0219i divertisment.<\/p>\n<p><a href=\"https:\/\/www.youtube.com\/watch?v=oLn09M9ZwsM\">Deschiderea<\/a> a fost oficiat\u0103 \u00een prezen\u021ba domnului Octavian Gordon, directorul Bibliotecii Na\u021bionale a Rom\u00e2niei, a doamnei Elena Pintilei, directorul Bibliotecii Na\u021bionale a Republicii Moldova, a domnului Drago\u0219-Adrian Neagu, pre\u0219edintele ANBPR \u0219i a domnului Dan-Nicolae Dobo\u0219, directorul Bibliotecii Jude\u021bene \u201eGh. Asachi\u201d Ia\u0219i.<\/p>\n<p>Invitat special, cu o <a href=\"https:\/\/www.youtube.com\/watch?v=yIGI83BzUsc\">prezentare<\/a> legat\u0103 de tema Conferin\u021bei, a fost domnul Alexandru Mironov, scriitor, senior-editor la revista \u201e\u0218tiin\u021b\u0103 \u0219i tehnic\u0103\u201d.<\/p>\n<p>\u00cen cadrul Conferin\u021bei, s-au desf\u0103\u0219urat urm\u0103toarele ateliere:<\/p>\n<p>\u201eBiblioteca modern\u0103 \u2013 spa\u021biu de joc tradi\u021bional vs. digital\u201d. Prezentator: d-na Eugenia Erhan, psihoterapeut. Atelierul a analizat efectele pozitive \u0219i negative ale jocurilor (tradi\u021bionale sau pe calculator) \u00een r\u00e2ndul utilizatorilor de bibliotec\u0103.<\/p>\n<p>\u201eTipuri de utilizatori: cerere \u0219i ofert\u0103 \u00een bibliotecile publice moderne\u201d. Moderator: d-na Gabriela Ta\u0219c\u0103, formator. Atelierul a urm\u0103rit dezvoltarea unor competen\u021be de comunicare cu utilizatorii.<\/p>\n<p>\u201eCarte tip\u0103rit\u0103 vs. carte electronic\u0103\u201d. Moderator: dl. Dan-Nicolae Dobo\u0219, Biblioteca Jude\u021bean\u0103 \u201eGh. Asachi\u201d Ia\u0219i, director. \u00cen cadrul atelierului s-au discutat aspectele legale, financiare \u0219i legate de drepturile de autor \u00een privin\u021ba \u00eemprumutului de c\u0103r\u021bi electronice de c\u0103tre bibliotecile publice.<\/p>\n<p>\u201eMarketing \u0219i promovare online\u201d. Moderator: dl. Bogdan Ghiurco, Biblioteca Jude\u021bean\u0103 \u201eGh. Asachi\u201d Ia\u0219i, \u0219ef serviciu. Atelierul a urm\u0103rit analiza unor exemple de bun\u0103 practic\u0103 \u00een promovare din bibliotecile publice din Rom\u00e2nia.<\/p>\n<p>\u201eReforma de copyright a Comisiei Europene \u0219i impactul asupra bibliotecilor\u201d. Moderator: Nicolaie Constantinescu, ANBPR. Prezentatori: Valentina Pavel, ApTI \u2013 \u201eNoua reform\u0103 privind drepurile de autor a Comisiei Europene (anun\u021bat\u0103 pe 16 septembrie 2016) \u2013 nout\u0103\u021bi \u0219i probleme\u201d; George Hari Popescu \u2013 \u201eInstitu\u021biile Uniunii Europene: unde \u0219i c\u00e2nd po\u021bi s\u0103-\u021bi spui p\u0103rerea \u00een procesul legislativ\u201d.<\/p>\n<p>\u00cen plen, au avut loc urm\u0103toarele prezent\u0103ri:<\/p>\n<p>\u201eManagement opera\u021bional \u2013 proiecte \u0219i perspective\u201d, d-na Ioana Crihan\u0103, director executiv ANBPR;<\/p>\n<p>\u201eCombaterea analfabetismului func\u021bional\u201d, d-na Liliana Romaniuc, director \u201eSeven Hills International School\u201d Ia\u0219i;<\/p>\n<p>\u201ePerspective de dezvoltare a bibliotecilor din Republica Moldova\u201d, d-na Elena Pintilei, director Biblioteca Na\u021bional\u0103 a Republicii Moldova<\/p>\n<p>\u201eLive vs. virtual \u00een biblioteca ar\u0103dean\u0103\u201c, Cristina Duma, bibliotecar la Biblioteca Jude\u021bean\u0103 \u201eAlexandru D. Xenopol\u201d Arad\u201d;<\/p>\n<p>\u201e\u00cenva\u021b\u0103 juc\u00e2nd, joac\u0103 \u00eenv\u0103\u021b\u00e2nd\u201d, directorul Bibliotecii Jude\u021bene \u201eG. Bari\u021biu\u201d Bra\u0219ov;<\/p>\n<p>\u201eTot EDUCA\u021aIE e \u2026 ARTA Bibliotecii INFORMAL\u0102 \/ NONFORMAL\u0102\u201d, Elena Zanet, bibliograf la Biblioteca Jude\u021bean\u0103 \u201eGh. Asachi\u201d Ia\u0219i;<\/p>\n<p>\u201eBiblioteca publica \u2013 verig\u0103 a procesului de drept, locul unde oricine trebuie s\u0103 g\u0103seasc\u0103 orice reglementare legal\u0103\u201d, Ciprian Teodorescu, bibliograf la Biblioteca Jude\u021bean\u0103 \u201eGh. Asachi\u201d Ia\u0219i;<\/p>\n<p>\u201eDou\u0103 schi\u021be de evenimente de care au la baz\u0103 caligrafia\u201d, Anca Florinela Vasilescu, Biblioteca Jude\u021bean\u0103 ASTRA Sibiu;<\/p>\n<p>\u201eCampanie pentru promovarea lecturii \u0219i a personalit\u0103\u021bilor locale\u201d, Ioana Frunte-Lat\u0103, \u0219ef birou Biblioteca Jude\u021bean\u0103 \u201ePanait Cerna\u201d Tulcea;<\/p>\n<p>\u201eTinREAD.Mobile \u2013 O solu\u021bie integrat\u0103 bazat\u0103 pe RFID online\u201d, dr. Liviu-Iulian Dediu, IME Rom\u00e2nia;<\/p>\n<p>\u201eCompeten\u021be digitale\u201d, d-na Nicoleta Fotiade, Media Wise.<\/p>\n<p>Joi, \u00eentre orele 16.00 \u0219i 20.00 a avut loc Adunarea general\u0103 a ANBPR. Pe ordinea de zi:<\/p>\n<p>Prezentarea Raportului Pre\u0219edintelui ANBPR;<\/p>\n<p>Prezentarea Raportului financiar-contabil \u0219i a Raportului Comisiei de Cenzori \u2013 perioada mandatului de 4 ani;<\/p>\n<p>Prezentarea listei Filialelor prezente \u0219i a num\u0103rului de mandate\/filial\u0103 \u0219i propuneri pentru Comisia de num\u0103rare a voturilor.<\/p>\n<p>Propunerile pentru candidaturile de Pre\u0219edinte \u0219i ale Consiliului de Conducere ale ANBPR;<\/p>\n<p>Alegerile Generale pentru Pre\u0219edinte, Consiliul de Conducere \u0219i Comisiei de Cenzori ale ANBPR.<\/p>\n<p>Au fost dou\u0103 candidaturi pentru func\u021bia de pre\u0219edinte: dl. Drago\u0219-Adrian Neagu, directorul Bibliotecii Jude\u021bene \u201ePanait Istrati\u201d Br\u0103ila \u0219i d-na Sorina Stanca, directorul Bibliotecii Jude\u021bene \u201eOctavian Goga\u201d Cluj.\u201d Din cele 78 de voturi exprimate, d-na Sorina Stanca a fost aleas\u0103 ca pre\u0219edinte, cu un num\u0103r de 41 de voturi, pentru un mandat de 4 ani. Totodat\u0103 fost ales \u0219i un nou Consiliu de conducere al Asocia\u021biei \u0219i un Birou executiv. Componen\u021ba acestora este urm\u0103toarea:<\/p>\n<p>Biroul Executiv:<\/p>\n<ol>\n<li>Sorina Stanca \u2013 Pre\u015fedinte<\/li>\n<li>Bogdan-Nicolae Ghiurco \u2013 Prim-vicepre\u015fedinte<\/li>\n<li>Ruxandra Nazare \u2013 Vicepre\u015fedinte<\/li>\n<li>Liviu-Iulian Dediu \u2013 Vicepre\u015fedinte<\/li>\n<li>Drago\u015f-Adrian Neagu<\/li>\n<li>Sorin Burlacu<\/li>\n<li>Gelu-Voicu Bichine\u0163<\/li>\n<li>Florica Pop<\/li>\n<li>Lucian Dindiric\u0103<\/li>\n<li>Olimpia Bratu<\/li>\n<li>Crina Ifrim<\/li>\n<\/ol>\n<p>Consiliul de Conducere:<\/p>\n<ol>\n<li>Sorina Stanca \u2013 Pre\u015fedinte<\/li>\n<li>Bogdan-Nicolae Ghiurco \u2013 Prim-vicepre\u015fedinte<\/li>\n<li>Ruxandra Nazare \u2013 Vicepre\u015fedinte<\/li>\n<li>Liviu-Iulian Dediu \u2013 Vicepre\u015fedinte<\/li>\n<li>Drago\u015f-Adrian Neagu<\/li>\n<li>Sorin Burlacu<\/li>\n<li>Gelu-Voicu Bichine\u0163<\/li>\n<li>Florica Pop<\/li>\n<li>Lucian Dindiric\u0103<\/li>\n<li>Olimpia Bratu<\/li>\n<li>Crina Ifrim<\/li>\n<li>Gheorghe-Gabriel C\u0103r\u0103bu\u015f<\/li>\n<li>Claudia Serb\u0103nu\u0163\u0103<\/li>\n<li>Corina Ciuraru<\/li>\n<li>Anca R\u00e2peanu<\/li>\n<li>Monica Avram<\/li>\n<li>Mihaela Voinicu<\/li>\n<li>Raluca Istrate<\/li>\n<li>Geta Eftimie<\/li>\n<li>Alina Pop<\/li>\n<li>Viorel Spaiuc<\/li>\n<\/ol>\n<p>Vineri, 7 octombrie 2016, s-a desf\u0103\u0219urat o vizit\u0103 documentar\u0103 pentru participan\u021bi, ocazie cu care s-a vizitat Teatrul Na\u021bional \u201eVasile Alecsandri\u201d \u0219i Complexul Muzeal Moldova din cadrul Palatului Culturii Ia\u0219i. Ambele vizite au fost posibile prin disponibilitatea \u0219i buna colaborare \u00eentre Biblioteca Jude\u021bean\u0103 Ia\u0219i \u0219i institu\u021biile mai sus men\u021bionate.<\/p>\n<p>Num\u0103rul total al participan\u0163ilor la Conferin\u0163\u0103 a fost de peste 200.<\/p>\n<p style=\"text-align: right;\">Bogdan-Nicolae Ghiurco<\/p>\n<p style=\"text-align: right;\">Biblioteca Jude\u021bean\u0103 \u201eGh. Asachi\u201d Ia\u0219i<\/p>\n","protected":false},"excerpt":{"rendered":"<p>\u00cen perioada 5-7 octombrie 2016, Biblioteca Jude\u0163ean\u0103 \u201eGh. Asachi\u201d Ia\u015fi a organizat Conferin\u021ba Na\u021bional\u0103 a Asocia\u021biei Na\u021bionale a Bibliotecarilor \u0219i Bibliotecilor Publice din Rom\u00e2nia (ANBPR), sub tema \u201ePromisiunea viitorului \u2013 tehnologie, bibliotec\u0103 \u0219i digital\u201d. Scopul Conferin\u021bei a fost asigurarea form\u0103rii profesionale continue a bibliotecarilor \u0219i speciali\u0219tilor din bibliotecile publice din Rom\u00e2nia \u0219i Republica Moldova. Evenimentele <a href=\"https:\/\/anbpr.org.ro\/index.php\/conferinte\/conferinta-anbpr-iasi-5-7-octombrie-2016\/\" rel=\"nofollow\"><span class=\"sr-only\">Read more about Conferin\u021ba ANBPR, Ia\u0219i, 5-7 octombrie 2016<\/span>[&hellip;]<\/a><\/p>\n","protected":false},"author":2,"featured_media":449,"parent":445,"menu_order":0,"comment_status":"closed","ping_status":"closed","template":"","meta":{"footnotes":""},"class_list":["post-448","page","type-page","status-publish","has-post-thumbnail","hentry"],"_links":{"self":[{"href":"https:\/\/anbpr.org.ro\/index.php\/wp-json\/wp\/v2\/pages\/448","targetHints":{"allow":["GET"]}}],"collection":[{"href":"https:\/\/anbpr.org.ro\/index.php\/wp-json\/wp\/v2\/pages"}],"about":[{"href":"https:\/\/anbpr.org.ro\/index.php\/wp-json\/wp\/v2\/types\/page"}],"author":[{"embeddable":true,"href":"https:\/\/anbpr.org.ro\/index.php\/wp-json\/wp\/v2\/users\/2"}],"replies":[{"embeddable":true,"href":"https:\/\/anbpr.org.ro\/index.php\/wp-json\/wp\/v2\/comments?post=448"}],"version-history":[{"count":3,"href":"https:\/\/anbpr.org.ro\/index.php\/wp-json\/wp\/v2\/pages\/448\/revisions"}],"predecessor-version":[{"id":1798,"href":"https:\/\/anbpr.org.ro\/index.php\/wp-json\/wp\/v2\/pages\/448\/revisions\/1798"}],"up":[{"embeddable":true,"href":"https:\/\/anbpr.org.ro\/index.php\/wp-json\/wp\/v2\/pages\/445"}],"wp:featuredmedia":[{"embeddable":true,"href":"https:\/\/anbpr.org.ro\/index.php\/wp-json\/wp\/v2\/media\/449"}],"wp:attachment":[{"href":"https:\/\/anbpr.org.ro\/index.php\/wp-json\/wp\/v2\/media?parent=448"}],"curies":[{"name":"wp","href":"https:\/\/api.w.org\/{rel}","templated":true}]}}