{"id":451,"date":"2017-03-19T19:15:51","date_gmt":"2017-03-19T17:15:51","guid":{"rendered":"http:\/\/anbpr.s-a-f.ro\/?page_id=451"},"modified":"2017-11-07T09:26:23","modified_gmt":"2017-11-07T07:26:23","slug":"a-xxvii-a-conferinta-nationala-a-anbpr-2016-promisiunea-viitorului-tehnologie-biblioteca-si-digital","status":"publish","type":"page","link":"https:\/\/anbpr.org.ro\/index.php\/conferinte\/a-xxvii-a-conferinta-nationala-a-anbpr-2016-promisiunea-viitorului-tehnologie-biblioteca-si-digital\/","title":{"rendered":"A XXVII-a Conferin\u021b\u0103 Na\u021bional\u0103 a ANBPR 2016"},"content":{"rendered":"<div id='share-me'><ul class='share-left'><li><a href=\"http:\/\/www.facebook.com\/sharer.php?u=https:\/\/anbpr.org.ro\/index.php\/conferinte\/a-xxvii-a-conferinta-nationala-a-anbpr-2016-promisiunea-viitorului-tehnologie-biblioteca-si-digital\/&t=A+XXVII-a+Conferin%C8%9B%C4%83+Na%C8%9Bional%C4%83+a+ANBPR+2016\" alt=\"Share on Facebook\" title=\"Share on Facebook\"   onclick=\"return smWindowpop(this.href,545,433)\"><img alt = \"\" src = \"https:\/\/anbpr.org.ro\/wp-content\/plugins\/share-me\/\/assets\/images\/cercle\/facebook.png\"  height=\"32px\"  width=\"32px\"><\/a><\/li><li><a href=\"http:\/\/twitter.com\/share?text=A+XXVII-a+Conferin%C8%9B%C4%83+Na%C8%9Bional%C4%83+a+ANBPR+2016-&url=https:\/\/anbpr.org.ro\/index.php\/conferinte\/a-xxvii-a-conferinta-nationala-a-anbpr-2016-promisiunea-viitorului-tehnologie-biblioteca-si-digital\/&via=ANBPR - Asocia\u021bia Na\u021bional\u0103  a Bibliotecarilor \u0219i Bibliotecilor Publice din Rom\u00e2nia\" alt=\"Tweet This Post\" title=\"Tweet This Post\"  onclick=\"return smWindowpop(this.href,545,433)\"><img alt = \"\" src = \"https:\/\/anbpr.org.ro\/wp-content\/plugins\/share-me\/\/assets\/images\/cercle\/twitter.png\"  height=\"32px\"  width=\"32px\"><\/a><\/li><li><a href=\"https:\/\/plusone.google.com\/_\/+1\/confirm?hl=fr-FR&url=https:\/\/anbpr.org.ro\/index.php\/conferinte\/a-xxvii-a-conferinta-nationala-a-anbpr-2016-promisiunea-viitorului-tehnologie-biblioteca-si-digital\/\" alt=\"Share on Google+\" title=\"Share on Google+\"  target=\"_blank\" onclick=\"return smWindowpop(this.href,545,433)\"><img alt = \"\" src = \"https:\/\/anbpr.org.ro\/wp-content\/plugins\/share-me\/\/assets\/images\/cercle\/googleplus.png\"  height=\"32px\"  width=\"32px\"><\/a><\/li><li><a href=\"http:\/\/www.tumblr.com\/share\/photo?source=&caption=A+XXVII-a+Conferin%C8%9B%C4%83+Na%C8%9Bional%C4%83+a+ANBPR+2016&clickthru=https%3A%2F%2Fanbpr.org.ro%2Findex.php%2Fconferinte%2Fa-xxvii-a-conferinta-nationala-a-anbpr-2016-promisiunea-viitorului-tehnologie-biblioteca-si-digital%2F\" title=\"Share on Tumblr\"  onclick=\"return smWindowpop(this.href,545,433)\"> <img alt = \"\" src = \"https:\/\/anbpr.org.ro\/wp-content\/plugins\/share-me\/\/assets\/images\/cercle\/tumblr.png\"  height=\"32px\"  width=\"32px\"><\/a><\/li><li><a href=\"http:\/\/www.linkedin.com\/shareArticle?mini=true&url=https:\/\/anbpr.org.ro\/index.php\/conferinte\/a-xxvii-a-conferinta-nationala-a-anbpr-2016-promisiunea-viitorului-tehnologie-biblioteca-si-digital\/&title=A+XXVII-a+Conferin%C8%9B%C4%83+Na%C8%9Bional%C4%83+a+ANBPR+2016&source=ANBPR - Asocia\u021bia Na\u021bional\u0103  a Bibliotecarilor \u0219i Bibliotecilor Publice din Rom\u00e2nia\" onclick=\"return smWindowpop(this.href, 545,433)\"><img alt = \"\" src = \"https:\/\/anbpr.org.ro\/wp-content\/plugins\/share-me\/\/assets\/images\/cercle\/linkedin.png\"  height=\"32px\"  width=\"32px\"><\/a><\/li><li><a href=\"https:\/\/www.blogger.com\/blog-this.g?u=https:\/\/anbpr.org.ro\/index.php\/conferinte\/a-xxvii-a-conferinta-nationala-a-anbpr-2016-promisiunea-viitorului-tehnologie-biblioteca-si-digital\/&n=A+XXVII-a+Conferin%C8%9B%C4%83+Na%C8%9Bional%C4%83+a+ANBPR+2016&t=ANBPR - Asocia\u021bia Na\u021bional\u0103  a Bibliotecarilor \u0219i Bibliotecilor Publice din Rom\u00e2nia\" alt=\"Share on Blogger\" title=\"Share on Blogger\" onclick=\"return smWindowpop(this.href, 545,433)\"><img alt = \"\" src = \"https:\/\/anbpr.org.ro\/wp-content\/plugins\/share-me\/\/assets\/images\/cercle\/blogger.png\"  height=\"32px\"  width=\"32px\"><\/a><\/li><\/ul><\/div><br\/><p><a href=\"http:\/\/anbpr.org.ro\/index.php\/conferinte\/conferinta-anbpr-iasi-5-7-octombrie-2016\/anbpr-3-2\/\" rel=\"attachment wp-att-449\"><img loading=\"lazy\" decoding=\"async\" class=\"alignleft size-medium wp-image-449\" src=\"http:\/\/anbpr.org.ro\/wp-content\/uploads\/2017\/03\/anbpr-3-211x300.jpg\" alt=\"\" width=\"211\" height=\"300\" srcset=\"https:\/\/anbpr.org.ro\/wp-content\/uploads\/2017\/03\/anbpr-3-211x300.jpg 211w, https:\/\/anbpr.org.ro\/wp-content\/uploads\/2017\/03\/anbpr-3-35x50.jpg 35w, https:\/\/anbpr.org.ro\/wp-content\/uploads\/2017\/03\/anbpr-3.jpg 268w\" sizes=\"auto, (max-width: 211px) 100vw, 211px\" \/><\/a>ANBPR anun\u021b\u0103 organizarea celei de-a XXVII-a Conferin\u0163e Na\u0163ionale a ANBPR, cu tema\u00a0<strong>\u201ePromisiunea viitorului \u2013 tehnologie, bibliotec\u0103 \u0219i digital\u201d<\/strong>. Evenimentul va avea loc \u00een perioada\u00a0<strong>5-7 octombrie 2016<\/strong>\u00a0la<strong>\u00a0Biblioteca Jude\u021bean\u0103 \u201eGh. Asachi\u201d Ia\u0219i<\/strong>, \u00een coordonarea ANBPR \u0219i a bibliotecii-gazd\u0103.<\/p>\n<p><strong>Programul Conferin\u021bei<\/strong>\u00a0va include:<\/p>\n<p>Miercuri, 5 octombrie, la ora 10.00 &#8211; deschiderea oficial\u0103;<\/p>\n<p>Miercuri, 5 octombrie, dup\u0103 pr\u00e2nz \u0219i joi, 6 octombrie, diminea\u021ba, p\u00e2n\u0103 la ora 12.00 &#8211; ateliere paralele:<\/p>\n<p><strong>1. Marketing \u0219i promovare online;<\/strong><\/p>\n<p><strong>2. Tipuri de utilizatori: cerere \u0219i ofert\u0103 \u00een bibliotecile publice moderne;<\/strong><\/p>\n<p><strong>3. Biblioteca modern\u0103 \u2013 spa\u021biu de joc tradi\u021bional vs digital;<\/strong><\/p>\n<p><strong>4. Carte tip\u0103rit\u0103 vs. carte electronic\u0103.<\/strong><\/p>\n<p><strong>Joi, 6 octombrie, de la ora 14.00 &#8211; prezent\u0103ri de lucr\u0103ri \u00een plen;\u00a0<\/strong><\/p>\n<p><strong>Joi, 6 octombrie, de la 16.00 &#8211; alegeri generale;<\/strong><\/p>\n<p><strong>Vineri, 7 octombrie &#8211; vizit\u0103 documentar\u0103 (op\u021bional).<\/strong><\/p>\n<p><a href=\"https:\/\/conferintanationalaanbpr2016.wordpress.com\/\" target=\"_blank\" rel=\"noopener\">Blogul Conferin\u021bei<\/a><\/p>\n","protected":false},"excerpt":{"rendered":"<p>ANBPR anun\u021b\u0103 organizarea celei de-a XXVII-a Conferin\u0163e Na\u0163ionale a ANBPR, cu tema\u00a0\u201ePromisiunea viitorului \u2013 tehnologie, bibliotec\u0103 \u0219i digital\u201d. Evenimentul va avea loc \u00een perioada\u00a05-7 octombrie 2016\u00a0la\u00a0Biblioteca Jude\u021bean\u0103 \u201eGh. Asachi\u201d Ia\u0219i, \u00een coordonarea ANBPR \u0219i a bibliotecii-gazd\u0103. Programul Conferin\u021bei\u00a0va include: Miercuri, 5 octombrie, la ora 10.00 &#8211; deschiderea oficial\u0103; Miercuri, 5 octombrie, dup\u0103 pr\u00e2nz \u0219i joi, <a href=\"https:\/\/anbpr.org.ro\/index.php\/conferinte\/a-xxvii-a-conferinta-nationala-a-anbpr-2016-promisiunea-viitorului-tehnologie-biblioteca-si-digital\/\" rel=\"nofollow\"><span class=\"sr-only\">Read more about A XXVII-a Conferin\u021b\u0103 Na\u021bional\u0103 a ANBPR 2016<\/span>[&hellip;]<\/a><\/p>\n","protected":false},"author":2,"featured_media":0,"parent":445,"menu_order":1,"comment_status":"closed","ping_status":"closed","template":"","meta":{"footnotes":""},"class_list":["post-451","page","type-page","status-publish","hentry"],"_links":{"self":[{"href":"https:\/\/anbpr.org.ro\/index.php\/wp-json\/wp\/v2\/pages\/451","targetHints":{"allow":["GET"]}}],"collection":[{"href":"https:\/\/anbpr.org.ro\/index.php\/wp-json\/wp\/v2\/pages"}],"about":[{"href":"https:\/\/anbpr.org.ro\/index.php\/wp-json\/wp\/v2\/types\/page"}],"author":[{"embeddable":true,"href":"https:\/\/anbpr.org.ro\/index.php\/wp-json\/wp\/v2\/users\/2"}],"replies":[{"embeddable":true,"href":"https:\/\/anbpr.org.ro\/index.php\/wp-json\/wp\/v2\/comments?post=451"}],"version-history":[{"count":4,"href":"https:\/\/anbpr.org.ro\/index.php\/wp-json\/wp\/v2\/pages\/451\/revisions"}],"predecessor-version":[{"id":1801,"href":"https:\/\/anbpr.org.ro\/index.php\/wp-json\/wp\/v2\/pages\/451\/revisions\/1801"}],"up":[{"embeddable":true,"href":"https:\/\/anbpr.org.ro\/index.php\/wp-json\/wp\/v2\/pages\/445"}],"wp:attachment":[{"href":"https:\/\/anbpr.org.ro\/index.php\/wp-json\/wp\/v2\/media?parent=451"}],"curies":[{"name":"wp","href":"https:\/\/api.w.org\/{rel}","templated":true}]}}