{"id":454,"date":"2017-03-19T19:16:58","date_gmt":"2017-03-19T17:16:58","guid":{"rendered":"http:\/\/anbpr.s-a-f.ro\/?page_id=454"},"modified":"2017-11-07T10:48:28","modified_gmt":"2017-11-07T08:48:28","slug":"conferinta-bibliopublica-2016","status":"publish","type":"page","link":"https:\/\/anbpr.org.ro\/index.php\/conferinte\/conferinta-bibliopublica-2016\/","title":{"rendered":"Conferin\u021ba BiblioPUBLICA 2016"},"content":{"rendered":"<div id='share-me'><ul class='share-left'><li><a href=\"http:\/\/www.facebook.com\/sharer.php?u=https:\/\/anbpr.org.ro\/index.php\/conferinte\/conferinta-bibliopublica-2016\/&t=Conferin%C8%9Ba+BiblioPUBLICA+2016\" alt=\"Share on Facebook\" title=\"Share on Facebook\"   onclick=\"return smWindowpop(this.href,545,433)\"><img alt = \"\" src = \"https:\/\/anbpr.org.ro\/wp-content\/plugins\/share-me\/\/assets\/images\/cercle\/facebook.png\"  height=\"32px\"  width=\"32px\"><\/a><\/li><li><a href=\"http:\/\/twitter.com\/share?text=Conferin%C8%9Ba+BiblioPUBLICA+2016-&url=https:\/\/anbpr.org.ro\/index.php\/conferinte\/conferinta-bibliopublica-2016\/&via=ANBPR - Asocia\u021bia Na\u021bional\u0103  a Bibliotecarilor \u0219i Bibliotecilor Publice din Rom\u00e2nia\" alt=\"Tweet This Post\" title=\"Tweet This Post\"  onclick=\"return smWindowpop(this.href,545,433)\"><img alt = \"\" src = \"https:\/\/anbpr.org.ro\/wp-content\/plugins\/share-me\/\/assets\/images\/cercle\/twitter.png\"  height=\"32px\"  width=\"32px\"><\/a><\/li><li><a href=\"https:\/\/plusone.google.com\/_\/+1\/confirm?hl=fr-FR&url=https:\/\/anbpr.org.ro\/index.php\/conferinte\/conferinta-bibliopublica-2016\/\" alt=\"Share on Google+\" title=\"Share on Google+\"  target=\"_blank\" onclick=\"return smWindowpop(this.href,545,433)\"><img alt = \"\" src = \"https:\/\/anbpr.org.ro\/wp-content\/plugins\/share-me\/\/assets\/images\/cercle\/googleplus.png\"  height=\"32px\"  width=\"32px\"><\/a><\/li><li><a href=\"http:\/\/www.tumblr.com\/share\/photo?source=&caption=Conferin%C8%9Ba+BiblioPUBLICA+2016&clickthru=https%3A%2F%2Fanbpr.org.ro%2Findex.php%2Fconferinte%2Fconferinta-bibliopublica-2016%2F\" title=\"Share on Tumblr\"  onclick=\"return smWindowpop(this.href,545,433)\"> <img alt = \"\" src = \"https:\/\/anbpr.org.ro\/wp-content\/plugins\/share-me\/\/assets\/images\/cercle\/tumblr.png\"  height=\"32px\"  width=\"32px\"><\/a><\/li><li><a href=\"http:\/\/www.linkedin.com\/shareArticle?mini=true&url=https:\/\/anbpr.org.ro\/index.php\/conferinte\/conferinta-bibliopublica-2016\/&title=Conferin%C8%9Ba+BiblioPUBLICA+2016&source=ANBPR - Asocia\u021bia Na\u021bional\u0103  a Bibliotecarilor \u0219i Bibliotecilor Publice din Rom\u00e2nia\" onclick=\"return smWindowpop(this.href, 545,433)\"><img alt = \"\" src = \"https:\/\/anbpr.org.ro\/wp-content\/plugins\/share-me\/\/assets\/images\/cercle\/linkedin.png\"  height=\"32px\"  width=\"32px\"><\/a><\/li><li><a href=\"https:\/\/www.blogger.com\/blog-this.g?u=https:\/\/anbpr.org.ro\/index.php\/conferinte\/conferinta-bibliopublica-2016\/&n=Conferin%C8%9Ba+BiblioPUBLICA+2016&t=ANBPR - Asocia\u021bia Na\u021bional\u0103  a Bibliotecarilor \u0219i Bibliotecilor Publice din Rom\u00e2nia\" alt=\"Share on Blogger\" title=\"Share on Blogger\" onclick=\"return smWindowpop(this.href, 545,433)\"><img alt = \"\" src = \"https:\/\/anbpr.org.ro\/wp-content\/plugins\/share-me\/\/assets\/images\/cercle\/blogger.png\"  height=\"32px\"  width=\"32px\"><\/a><\/li><\/ul><\/div><br\/><p><a href=\"http:\/\/anbpr.org.ro\/index.php\/conferinta-anbpr-bibliopublica-biblioteca-publica-intre-adaptare-si-reinventare\/afis-bibliopublica_tg_mures\/\" rel=\"attachment wp-att-941\"><img loading=\"lazy\" decoding=\"async\" class=\"alignleft size-medium wp-image-941\" src=\"http:\/\/anbpr.org.ro\/wp-content\/uploads\/2017\/03\/Afis-BiblioPUBLICA_Tg_Mures-212x300.jpg\" alt=\"\" width=\"212\" height=\"300\" srcset=\"https:\/\/anbpr.org.ro\/wp-content\/uploads\/2017\/03\/Afis-BiblioPUBLICA_Tg_Mures-212x300.jpg 212w, https:\/\/anbpr.org.ro\/wp-content\/uploads\/2017\/03\/Afis-BiblioPUBLICA_Tg_Mures-35x50.jpg 35w, https:\/\/anbpr.org.ro\/wp-content\/uploads\/2017\/03\/Afis-BiblioPUBLICA_Tg_Mures.jpg 379w\" sizes=\"auto, (max-width: 212px) 100vw, 212px\" \/><\/a>\u00cen perioada 5-6 mai 2016, se va desf\u0103\u0219ura, la Biblioteca Jude\u021bean\u0103 Mure\u0219, Conferin\u021ba Asocia\u021biei Na\u021bionale a Bibliotecarilor \u0219i Bibliotecilor Publice din Rom\u00e2nia (ANBPR) Bibliopublica 2016, cu tema <em>Biblioteca public\u0103 \u00eentre adaptare \u0219i reinventare<\/em>. \u201eLa aceast\u0103 edi\u021bie propunem participan\u021bilor un format de \u00eent\u00e2lnire bazat pe ateliere tematice paralele. Dorim s\u0103 acord\u0103m astfel contextul adecvat pentru dezbateri \u0219i consult\u0103ri pentru diferite grupuri profesionale: bibliotecari, metodi\u0219ti, coordonatori de formare profesional\u0103, directori, contabili \u0219i personal de specialitate sau personal administrativ din bibliotecile publice. Sper\u0103m ca aceast\u0103 manier\u0103 de lucru s\u0103 permit\u0103 dialogul \u0219i schimbul de experien\u021b\u0103 \u00eentre colegi \u0219i s\u0103 conduc\u0103 la o mai bun\u0103 rela\u021bionare \u00eentre diferitele structuri profesionale ale Asocia\u021biei\u201d, este cuv\u00e2ntul doamnei Monica Avram, directorul Bibliotecii Jude\u021bene Mure\u0219 \u0219i vicepre\u0219edinte al ANBPR.<\/p>\n<p>\u00cent\u00e2lnire tradi\u021bional\u0103 a membrilor Asocia\u021biei, Conferin\u021ba de prim\u0103var\u0103 ofer\u0103 un spa\u021biu generos de interac\u021biune profesional\u0103 \u00eentre comunitatea bibliotecarilor \u0219i principalele structuri de conducere la nivel asociativ. Cu acest prilej, cei peste 145 de participan\u021bi a\u0219tepta\u021bi la eveniment vor lua contact cu tendin\u021bele \u0219i bunele practici ale domeniului \u0219i vor \u00eemp\u0103rt\u0103\u0219i experien\u021bele de lucru, \u00een vederea sincroniz\u0103rii activit\u0103\u021bii la nivelul re\u021belei profesionale na\u021bionale. \u201eBiblioteca public\u0103 este, \u00een sine, un barometru al schimb\u0103rilor la nivelul societ\u0103\u021bii \u0219i al mediului de lucru din zona culturii. At\u00e2t ANBPR, ca organiza\u021bie profesional\u0103 de rang na\u021bional, c\u00e2t \u0219i bibliotecile membre traverseaz\u0103 o etap\u0103 de reconsiderare \u0219i adaptare a rolului \u0219i misiunii bibliotecii \u00een comunitate. Vorbim de rea\u0219ez\u0103ri \u0219i reconfigur\u0103ri ale serviciilor de bibliotec\u0103, de ajustarea ofertei la nevoile actuale ale utilizatorilor \u0219i de acomodarea membrilor comunit\u0103\u021bii cu o nou\u0103 rela\u021bie utilizatori-bibliotec\u0103, din perspectiva dezvolt\u0103rii locale.\u201d, consider\u0103 Drago\u0219-Adrian Neagu, pre\u0219edintele ANBPR.<\/p>\n","protected":false},"excerpt":{"rendered":"<p>\u00cen perioada 5-6 mai 2016, se va desf\u0103\u0219ura, la Biblioteca Jude\u021bean\u0103 Mure\u0219, Conferin\u021ba Asocia\u021biei Na\u021bionale a Bibliotecarilor \u0219i Bibliotecilor Publice din Rom\u00e2nia (ANBPR) Bibliopublica 2016, cu tema Biblioteca public\u0103 \u00eentre adaptare \u0219i reinventare. \u201eLa aceast\u0103 edi\u021bie propunem participan\u021bilor un format de \u00eent\u00e2lnire bazat pe ateliere tematice paralele. Dorim s\u0103 acord\u0103m astfel contextul adecvat pentru dezbateri <a href=\"https:\/\/anbpr.org.ro\/index.php\/conferinte\/conferinta-bibliopublica-2016\/\" rel=\"nofollow\"><span class=\"sr-only\">Read more about Conferin\u021ba BiblioPUBLICA 2016<\/span>[&hellip;]<\/a><\/p>\n","protected":false},"author":2,"featured_media":0,"parent":445,"menu_order":2,"comment_status":"closed","ping_status":"closed","template":"","meta":{"footnotes":""},"class_list":["post-454","page","type-page","status-publish","hentry"],"_links":{"self":[{"href":"https:\/\/anbpr.org.ro\/index.php\/wp-json\/wp\/v2\/pages\/454","targetHints":{"allow":["GET"]}}],"collection":[{"href":"https:\/\/anbpr.org.ro\/index.php\/wp-json\/wp\/v2\/pages"}],"about":[{"href":"https:\/\/anbpr.org.ro\/index.php\/wp-json\/wp\/v2\/types\/page"}],"author":[{"embeddable":true,"href":"https:\/\/anbpr.org.ro\/index.php\/wp-json\/wp\/v2\/users\/2"}],"replies":[{"embeddable":true,"href":"https:\/\/anbpr.org.ro\/index.php\/wp-json\/wp\/v2\/comments?post=454"}],"version-history":[{"count":3,"href":"https:\/\/anbpr.org.ro\/index.php\/wp-json\/wp\/v2\/pages\/454\/revisions"}],"predecessor-version":[{"id":1807,"href":"https:\/\/anbpr.org.ro\/index.php\/wp-json\/wp\/v2\/pages\/454\/revisions\/1807"}],"up":[{"embeddable":true,"href":"https:\/\/anbpr.org.ro\/index.php\/wp-json\/wp\/v2\/pages\/445"}],"wp:attachment":[{"href":"https:\/\/anbpr.org.ro\/index.php\/wp-json\/wp\/v2\/media?parent=454"}],"curies":[{"name":"wp","href":"https:\/\/api.w.org\/{rel}","templated":true}]}}