{"id":458,"date":"2017-03-19T19:19:42","date_gmt":"2017-03-19T17:19:42","guid":{"rendered":"http:\/\/anbpr.s-a-f.ro\/?page_id=458"},"modified":"2017-03-19T19:20:01","modified_gmt":"2017-03-19T17:20:01","slug":"conferinta-bibliopublica-2015","status":"publish","type":"page","link":"https:\/\/anbpr.org.ro\/index.php\/conferinte\/conferinta-bibliopublica-2015\/","title":{"rendered":"Conferin\u021ba BiblioPUBLICA 2015"},"content":{"rendered":"<div id='share-me'><ul class='share-left'><li><a href=\"http:\/\/www.facebook.com\/sharer.php?u=https:\/\/anbpr.org.ro\/index.php\/conferinte\/conferinta-bibliopublica-2015\/&t=Conferin%C8%9Ba+BiblioPUBLICA+2015\" alt=\"Share on Facebook\" title=\"Share on Facebook\"   onclick=\"return smWindowpop(this.href,545,433)\"><img alt = \"\" src = \"https:\/\/anbpr.org.ro\/wp-content\/plugins\/share-me\/\/assets\/images\/cercle\/facebook.png\"  height=\"32px\"  width=\"32px\"><\/a><\/li><li><a href=\"http:\/\/twitter.com\/share?text=Conferin%C8%9Ba+BiblioPUBLICA+2015-&url=https:\/\/anbpr.org.ro\/index.php\/conferinte\/conferinta-bibliopublica-2015\/&via=ANBPR - Asocia\u021bia Na\u021bional\u0103  a Bibliotecarilor \u0219i Bibliotecilor Publice din Rom\u00e2nia\" alt=\"Tweet This Post\" title=\"Tweet This Post\"  onclick=\"return smWindowpop(this.href,545,433)\"><img alt = \"\" src = \"https:\/\/anbpr.org.ro\/wp-content\/plugins\/share-me\/\/assets\/images\/cercle\/twitter.png\"  height=\"32px\"  width=\"32px\"><\/a><\/li><li><a href=\"https:\/\/plusone.google.com\/_\/+1\/confirm?hl=fr-FR&url=https:\/\/anbpr.org.ro\/index.php\/conferinte\/conferinta-bibliopublica-2015\/\" alt=\"Share on Google+\" title=\"Share on Google+\"  target=\"_blank\" onclick=\"return smWindowpop(this.href,545,433)\"><img alt = \"\" src = \"https:\/\/anbpr.org.ro\/wp-content\/plugins\/share-me\/\/assets\/images\/cercle\/googleplus.png\"  height=\"32px\"  width=\"32px\"><\/a><\/li><li><a href=\"http:\/\/www.tumblr.com\/share\/photo?source=&caption=Conferin%C8%9Ba+BiblioPUBLICA+2015&clickthru=https%3A%2F%2Fanbpr.org.ro%2Findex.php%2Fconferinte%2Fconferinta-bibliopublica-2015%2F\" title=\"Share on Tumblr\"  onclick=\"return smWindowpop(this.href,545,433)\"> <img alt = \"\" src = \"https:\/\/anbpr.org.ro\/wp-content\/plugins\/share-me\/\/assets\/images\/cercle\/tumblr.png\"  height=\"32px\"  width=\"32px\"><\/a><\/li><li><a href=\"http:\/\/www.linkedin.com\/shareArticle?mini=true&url=https:\/\/anbpr.org.ro\/index.php\/conferinte\/conferinta-bibliopublica-2015\/&title=Conferin%C8%9Ba+BiblioPUBLICA+2015&source=ANBPR - Asocia\u021bia Na\u021bional\u0103  a Bibliotecarilor \u0219i Bibliotecilor Publice din Rom\u00e2nia\" onclick=\"return smWindowpop(this.href, 545,433)\"><img alt = \"\" src = \"https:\/\/anbpr.org.ro\/wp-content\/plugins\/share-me\/\/assets\/images\/cercle\/linkedin.png\"  height=\"32px\"  width=\"32px\"><\/a><\/li><li><a href=\"https:\/\/www.blogger.com\/blog-this.g?u=https:\/\/anbpr.org.ro\/index.php\/conferinte\/conferinta-bibliopublica-2015\/&n=Conferin%C8%9Ba+BiblioPUBLICA+2015&t=ANBPR - Asocia\u021bia Na\u021bional\u0103  a Bibliotecarilor \u0219i Bibliotecilor Publice din Rom\u00e2nia\" alt=\"Share on Blogger\" title=\"Share on Blogger\" onclick=\"return smWindowpop(this.href, 545,433)\"><img alt = \"\" src = \"https:\/\/anbpr.org.ro\/wp-content\/plugins\/share-me\/\/assets\/images\/cercle\/blogger.png\"  height=\"32px\"  width=\"32px\"><\/a><\/li><\/ul><\/div><br\/><p>Conferin\u021ba ANBPR de prim\u0103var\u0103 SPACE &#8211; Biblioteci Creative \u0219i Comunit\u0103\u021bi Conectate\u00a0va fi g\u0103zduit\u0103 anul acesta la Hotel Termal, B\u0103ile Felix, Jude\u021bul Bihor, \u00een intervalul\u00a06-9 mai 2015.\u00a0Aceast\u0103 edi\u021bie a Conferin\u021bei va fi organizat\u0103 de ANBPR,\u00a0\u00een colaborare cu\u00a0Biblioteca Jude\u021bean\u0103\u00a0 &#8222;Gheorghe \u0218incai&#8221; Bihor, Oradea.<\/p>\n<p>Prin intermediul temei propuse pentru dezbaterile Conferin\u021bei, ne dorim s\u0103 coagul\u0103m exemplele de bun\u0103-practic\u0103 \u00een domeniul proiectelor \u0219i ini\u021biativele de dezvoltare comunitar\u0103, cu participarea voluntarilor \u0219i a altor suporteri locali ai bibliotecilor.<\/p>\n<p>Cazarea participan\u021bilor se va face la Hotel Termal, B\u0103ile Felix, Comuna S\u00e2nmartin, jude\u021bul Bihor.<\/p>\n<p>6.05.2015 \u2013 Sosire participan\u021bi, \u0218edin\u021b\u0103 Birou Executiv \u0219i Consiliu de Conducere<br \/>\n7.05.2015 \u2013 Prima zi de Conferin\u021b\u0103, Cin\u0103 festiv\u0103<br \/>\n8.05.2015 \u2013 A doua zi de Conferin\u021b\u0103 &#8211;\u00a0lucr\u0103rile se vor \u00eencheia la ora 17.00<br \/>\n9.05.2015 \u2013 Plecare participan\u021bi<\/p>\n<p>A\u0219tept\u0103m \u00eenscrierile dvs pe email\u00a0la adresa\u00a0<a href=\"mailto:anbpr_ro@yahoo.com\">anbpr_ro@yahoo.com<\/a>\u00a0p\u00e2n\u0103 cel t\u00e2rziu\u00a0joi,\u00a030 aprilie 2015, ora 14:00,\u00a0 \u00een aten\u021bia drei Anamaria Sabou.<\/p>\n<p>De asemenea, v\u0103 anun\u021b\u0103m c\u0103\u00a0data limit\u0103 de depunere a propunerilor pentru premiile ANBPR pentru anul 2014 este1 Mai\u00a02015,\u00a0data po\u0219tei electronice.\u00a0Este valabil\u00a0acela\u0219i regulament de acordare a premiilor ca \u0219i la edi\u021bia trecut\u0103, iar responsabil cu centralizarea propunerilor este domnul prim-vicepre\u0219edinte al ANBPR, Sorin Burlacu.<\/p>\n","protected":false},"excerpt":{"rendered":"<p>Conferin\u021ba ANBPR de prim\u0103var\u0103 SPACE &#8211; Biblioteci Creative \u0219i Comunit\u0103\u021bi Conectate\u00a0va fi g\u0103zduit\u0103 anul acesta la Hotel Termal, B\u0103ile Felix, Jude\u021bul Bihor, \u00een intervalul\u00a06-9 mai 2015.\u00a0Aceast\u0103 edi\u021bie a Conferin\u021bei va fi organizat\u0103 de ANBPR,\u00a0\u00een colaborare cu\u00a0Biblioteca Jude\u021bean\u0103\u00a0 &#8222;Gheorghe \u0218incai&#8221; Bihor, Oradea. Prin intermediul temei propuse pentru dezbaterile Conferin\u021bei, ne dorim s\u0103 coagul\u0103m exemplele de bun\u0103-practic\u0103 <a href=\"https:\/\/anbpr.org.ro\/index.php\/conferinte\/conferinta-bibliopublica-2015\/\" rel=\"nofollow\"><span class=\"sr-only\">Read more about Conferin\u021ba BiblioPUBLICA 2015<\/span>[&hellip;]<\/a><\/p>\n","protected":false},"author":2,"featured_media":0,"parent":445,"menu_order":4,"comment_status":"closed","ping_status":"closed","template":"","meta":{"footnotes":""},"class_list":["post-458","page","type-page","status-publish","hentry"],"_links":{"self":[{"href":"https:\/\/anbpr.org.ro\/index.php\/wp-json\/wp\/v2\/pages\/458","targetHints":{"allow":["GET"]}}],"collection":[{"href":"https:\/\/anbpr.org.ro\/index.php\/wp-json\/wp\/v2\/pages"}],"about":[{"href":"https:\/\/anbpr.org.ro\/index.php\/wp-json\/wp\/v2\/types\/page"}],"author":[{"embeddable":true,"href":"https:\/\/anbpr.org.ro\/index.php\/wp-json\/wp\/v2\/users\/2"}],"replies":[{"embeddable":true,"href":"https:\/\/anbpr.org.ro\/index.php\/wp-json\/wp\/v2\/comments?post=458"}],"version-history":[{"count":2,"href":"https:\/\/anbpr.org.ro\/index.php\/wp-json\/wp\/v2\/pages\/458\/revisions"}],"predecessor-version":[{"id":460,"href":"https:\/\/anbpr.org.ro\/index.php\/wp-json\/wp\/v2\/pages\/458\/revisions\/460"}],"up":[{"embeddable":true,"href":"https:\/\/anbpr.org.ro\/index.php\/wp-json\/wp\/v2\/pages\/445"}],"wp:attachment":[{"href":"https:\/\/anbpr.org.ro\/index.php\/wp-json\/wp\/v2\/media?parent=458"}],"curies":[{"name":"wp","href":"https:\/\/api.w.org\/{rel}","templated":true}]}}