{"id":463,"date":"2017-03-19T19:22:24","date_gmt":"2017-03-19T17:22:24","guid":{"rendered":"http:\/\/anbpr.s-a-f.ro\/?page_id=463"},"modified":"2017-03-19T19:22:24","modified_gmt":"2017-03-19T17:22:24","slug":"conferinta-anbpr-bibliopublica-bistrita-2014","status":"publish","type":"page","link":"https:\/\/anbpr.org.ro\/index.php\/conferinte\/conferinta-anbpr-bibliopublica-bistrita-2014\/","title":{"rendered":"Conferin\u021ba ANBPR BiblioPUBLICA Bistri\u021ba 2014"},"content":{"rendered":"<div id='share-me'><ul class='share-left'><li><a href=\"http:\/\/www.facebook.com\/sharer.php?u=https:\/\/anbpr.org.ro\/index.php\/conferinte\/conferinta-anbpr-bibliopublica-bistrita-2014\/&t=Conferin%C8%9Ba+ANBPR+BiblioPUBLICA+Bistri%C8%9Ba+2014\" alt=\"Share on Facebook\" title=\"Share on Facebook\"   onclick=\"return smWindowpop(this.href,545,433)\"><img alt = \"\" src = \"https:\/\/anbpr.org.ro\/wp-content\/plugins\/share-me\/\/assets\/images\/cercle\/facebook.png\"  height=\"32px\"  width=\"32px\"><\/a><\/li><li><a href=\"http:\/\/twitter.com\/share?text=Conferin%C8%9Ba+ANBPR+BiblioPUBLICA+Bistri%C8%9Ba+2014-&url=https:\/\/anbpr.org.ro\/index.php\/conferinte\/conferinta-anbpr-bibliopublica-bistrita-2014\/&via=ANBPR - Asocia\u021bia Na\u021bional\u0103  a Bibliotecarilor \u0219i Bibliotecilor Publice din Rom\u00e2nia\" alt=\"Tweet This Post\" title=\"Tweet This Post\"  onclick=\"return smWindowpop(this.href,545,433)\"><img alt = \"\" src = \"https:\/\/anbpr.org.ro\/wp-content\/plugins\/share-me\/\/assets\/images\/cercle\/twitter.png\"  height=\"32px\"  width=\"32px\"><\/a><\/li><li><a href=\"https:\/\/plusone.google.com\/_\/+1\/confirm?hl=fr-FR&url=https:\/\/anbpr.org.ro\/index.php\/conferinte\/conferinta-anbpr-bibliopublica-bistrita-2014\/\" alt=\"Share on Google+\" title=\"Share on Google+\"  target=\"_blank\" onclick=\"return smWindowpop(this.href,545,433)\"><img alt = \"\" src = \"https:\/\/anbpr.org.ro\/wp-content\/plugins\/share-me\/\/assets\/images\/cercle\/googleplus.png\"  height=\"32px\"  width=\"32px\"><\/a><\/li><li><a href=\"http:\/\/www.tumblr.com\/share\/photo?source=&caption=Conferin%C8%9Ba+ANBPR+BiblioPUBLICA+Bistri%C8%9Ba+2014&clickthru=https%3A%2F%2Fanbpr.org.ro%2Findex.php%2Fconferinte%2Fconferinta-anbpr-bibliopublica-bistrita-2014%2F\" title=\"Share on Tumblr\"  onclick=\"return smWindowpop(this.href,545,433)\"> <img alt = \"\" src = \"https:\/\/anbpr.org.ro\/wp-content\/plugins\/share-me\/\/assets\/images\/cercle\/tumblr.png\"  height=\"32px\"  width=\"32px\"><\/a><\/li><li><a href=\"http:\/\/www.linkedin.com\/shareArticle?mini=true&url=https:\/\/anbpr.org.ro\/index.php\/conferinte\/conferinta-anbpr-bibliopublica-bistrita-2014\/&title=Conferin%C8%9Ba+ANBPR+BiblioPUBLICA+Bistri%C8%9Ba+2014&source=ANBPR - Asocia\u021bia Na\u021bional\u0103  a Bibliotecarilor \u0219i Bibliotecilor Publice din Rom\u00e2nia\" onclick=\"return smWindowpop(this.href, 545,433)\"><img alt = \"\" src = \"https:\/\/anbpr.org.ro\/wp-content\/plugins\/share-me\/\/assets\/images\/cercle\/linkedin.png\"  height=\"32px\"  width=\"32px\"><\/a><\/li><li><a href=\"https:\/\/www.blogger.com\/blog-this.g?u=https:\/\/anbpr.org.ro\/index.php\/conferinte\/conferinta-anbpr-bibliopublica-bistrita-2014\/&n=Conferin%C8%9Ba+ANBPR+BiblioPUBLICA+Bistri%C8%9Ba+2014&t=ANBPR - Asocia\u021bia Na\u021bional\u0103  a Bibliotecarilor \u0219i Bibliotecilor Publice din Rom\u00e2nia\" alt=\"Share on Blogger\" title=\"Share on Blogger\" onclick=\"return smWindowpop(this.href, 545,433)\"><img alt = \"\" src = \"https:\/\/anbpr.org.ro\/wp-content\/plugins\/share-me\/\/assets\/images\/cercle\/blogger.png\"  height=\"32px\"  width=\"32px\"><\/a><\/li><\/ul><\/div><br\/><p>Conferin\u021ba ANBPR BiblioPUBLICA va avea loc \u00een intervalul 15-17 mai 2014 la Hotel Coroana de Aur din Bistri\u021ba, jude\u021bul Bistri\u021ba-N\u0103s\u0103ud.<\/p>\n<p>Aceast\u0103 edi\u021bie a Conferin\u021bei,\u00a0 cu tema \u201cNOVA BIBLIOTHECA &#8211; Provoc\u0103ri \u0219i tendin\u021be \u00een bibliotecile publice\u201d, va fi organizat\u0103 de ANBPR \u00een parteneriat cu Biblioteca Jude\u0163ean\u0103 \u201cGeorge Co\u0219buc\u201d Bistri\u021ba-N\u0103s\u0103ud.<\/p>\n<p>Agenda evenimentului este disponibil\u0103\u00a0<a href=\"http:\/\/www.anbpr.org.ro\/images\/PDF\/AGENDA_CONFERINTA_BISTRITA.pdf\">aici.<\/a><\/p>\n","protected":false},"excerpt":{"rendered":"<p>Conferin\u021ba ANBPR BiblioPUBLICA va avea loc \u00een intervalul 15-17 mai 2014 la Hotel Coroana de Aur din Bistri\u021ba, jude\u021bul Bistri\u021ba-N\u0103s\u0103ud. Aceast\u0103 edi\u021bie a Conferin\u021bei,\u00a0 cu tema \u201cNOVA BIBLIOTHECA &#8211; Provoc\u0103ri \u0219i tendin\u021be \u00een bibliotecile publice\u201d, va fi organizat\u0103 de ANBPR \u00een parteneriat cu Biblioteca Jude\u0163ean\u0103 \u201cGeorge Co\u0219buc\u201d Bistri\u021ba-N\u0103s\u0103ud. Agenda evenimentului este disponibil\u0103\u00a0aici.<\/p>\n","protected":false},"author":2,"featured_media":0,"parent":445,"menu_order":6,"comment_status":"closed","ping_status":"closed","template":"","meta":{"footnotes":""},"class_list":["post-463","page","type-page","status-publish","hentry"],"_links":{"self":[{"href":"https:\/\/anbpr.org.ro\/index.php\/wp-json\/wp\/v2\/pages\/463","targetHints":{"allow":["GET"]}}],"collection":[{"href":"https:\/\/anbpr.org.ro\/index.php\/wp-json\/wp\/v2\/pages"}],"about":[{"href":"https:\/\/anbpr.org.ro\/index.php\/wp-json\/wp\/v2\/types\/page"}],"author":[{"embeddable":true,"href":"https:\/\/anbpr.org.ro\/index.php\/wp-json\/wp\/v2\/users\/2"}],"replies":[{"embeddable":true,"href":"https:\/\/anbpr.org.ro\/index.php\/wp-json\/wp\/v2\/comments?post=463"}],"version-history":[{"count":1,"href":"https:\/\/anbpr.org.ro\/index.php\/wp-json\/wp\/v2\/pages\/463\/revisions"}],"predecessor-version":[{"id":464,"href":"https:\/\/anbpr.org.ro\/index.php\/wp-json\/wp\/v2\/pages\/463\/revisions\/464"}],"up":[{"embeddable":true,"href":"https:\/\/anbpr.org.ro\/index.php\/wp-json\/wp\/v2\/pages\/445"}],"wp:attachment":[{"href":"https:\/\/anbpr.org.ro\/index.php\/wp-json\/wp\/v2\/media?parent=463"}],"curies":[{"name":"wp","href":"https:\/\/api.w.org\/{rel}","templated":true}]}}