{"id":479,"date":"2017-03-19T19:29:27","date_gmt":"2017-03-19T17:29:27","guid":{"rendered":"http:\/\/anbpr.s-a-f.ro\/?page_id=479"},"modified":"2017-03-19T19:29:27","modified_gmt":"2017-03-19T17:29:27","slug":"conferinta-nationala-a-anbpr-cu-tema-biblioteca-publica-si-dezvoltarea-comunitara","status":"publish","type":"page","link":"https:\/\/anbpr.org.ro\/index.php\/conferinte\/conferinta-nationala-a-anbpr-cu-tema-biblioteca-publica-si-dezvoltarea-comunitara\/","title":{"rendered":"Conferin\u021ba Na\u021bional\u0103 a ANBPR, cu tema \u201eBiblioteca public\u0103 \u0219i dezvoltarea comunitar\u0103&#8221;"},"content":{"rendered":"<div id='share-me'><ul class='share-left'><li><a href=\"http:\/\/www.facebook.com\/sharer.php?u=https:\/\/anbpr.org.ro\/index.php\/conferinte\/conferinta-nationala-a-anbpr-cu-tema-biblioteca-publica-si-dezvoltarea-comunitara\/&t=Conferin%C8%9Ba+Na%C8%9Bional%C4%83+a+ANBPR%2C+cu+tema+%E2%80%9EBiblioteca+public%C4%83+%C8%99i+dezvoltarea+comunitar%C4%83%26%238221%3B\" alt=\"Share on Facebook\" title=\"Share on Facebook\"   onclick=\"return smWindowpop(this.href,545,433)\"><img alt = \"\" src = \"https:\/\/anbpr.org.ro\/wp-content\/plugins\/share-me\/\/assets\/images\/cercle\/facebook.png\"  height=\"32px\"  width=\"32px\"><\/a><\/li><li><a href=\"http:\/\/twitter.com\/share?text=Conferin%C8%9Ba+Na%C8%9Bional%C4%83+a+ANBPR%2C+cu+tema+%E2%80%9EBiblioteca+public%C4%83+%C8%99i+dezvoltarea+comunitar%C4%83%26%238221%3B-&url=https:\/\/anbpr.org.ro\/index.php\/conferinte\/conferinta-nationala-a-anbpr-cu-tema-biblioteca-publica-si-dezvoltarea-comunitara\/&via=ANBPR - Asocia\u021bia Na\u021bional\u0103  a Bibliotecarilor \u0219i Bibliotecilor Publice din Rom\u00e2nia\" alt=\"Tweet This Post\" title=\"Tweet This Post\"  onclick=\"return smWindowpop(this.href,545,433)\"><img alt = \"\" src = \"https:\/\/anbpr.org.ro\/wp-content\/plugins\/share-me\/\/assets\/images\/cercle\/twitter.png\"  height=\"32px\"  width=\"32px\"><\/a><\/li><li><a href=\"https:\/\/plusone.google.com\/_\/+1\/confirm?hl=fr-FR&url=https:\/\/anbpr.org.ro\/index.php\/conferinte\/conferinta-nationala-a-anbpr-cu-tema-biblioteca-publica-si-dezvoltarea-comunitara\/\" alt=\"Share on Google+\" title=\"Share on Google+\"  target=\"_blank\" onclick=\"return smWindowpop(this.href,545,433)\"><img alt = \"\" src = \"https:\/\/anbpr.org.ro\/wp-content\/plugins\/share-me\/\/assets\/images\/cercle\/googleplus.png\"  height=\"32px\"  width=\"32px\"><\/a><\/li><li><a href=\"http:\/\/www.tumblr.com\/share\/photo?source=&caption=Conferin%C8%9Ba+Na%C8%9Bional%C4%83+a+ANBPR%2C+cu+tema+%E2%80%9EBiblioteca+public%C4%83+%C8%99i+dezvoltarea+comunitar%C4%83%26%238221%3B&clickthru=https%3A%2F%2Fanbpr.org.ro%2Findex.php%2Fconferinte%2Fconferinta-nationala-a-anbpr-cu-tema-biblioteca-publica-si-dezvoltarea-comunitara%2F\" title=\"Share on Tumblr\"  onclick=\"return smWindowpop(this.href,545,433)\"> <img alt = \"\" src = \"https:\/\/anbpr.org.ro\/wp-content\/plugins\/share-me\/\/assets\/images\/cercle\/tumblr.png\"  height=\"32px\"  width=\"32px\"><\/a><\/li><li><a href=\"http:\/\/www.linkedin.com\/shareArticle?mini=true&url=https:\/\/anbpr.org.ro\/index.php\/conferinte\/conferinta-nationala-a-anbpr-cu-tema-biblioteca-publica-si-dezvoltarea-comunitara\/&title=Conferin%C8%9Ba+Na%C8%9Bional%C4%83+a+ANBPR%2C+cu+tema+%E2%80%9EBiblioteca+public%C4%83+%C8%99i+dezvoltarea+comunitar%C4%83%26%238221%3B&source=ANBPR - Asocia\u021bia Na\u021bional\u0103  a Bibliotecarilor \u0219i Bibliotecilor Publice din Rom\u00e2nia\" onclick=\"return smWindowpop(this.href, 545,433)\"><img alt = \"\" src = \"https:\/\/anbpr.org.ro\/wp-content\/plugins\/share-me\/\/assets\/images\/cercle\/linkedin.png\"  height=\"32px\"  width=\"32px\"><\/a><\/li><li><a href=\"https:\/\/www.blogger.com\/blog-this.g?u=https:\/\/anbpr.org.ro\/index.php\/conferinte\/conferinta-nationala-a-anbpr-cu-tema-biblioteca-publica-si-dezvoltarea-comunitara\/&n=Conferin%C8%9Ba+Na%C8%9Bional%C4%83+a+ANBPR%2C+cu+tema+%E2%80%9EBiblioteca+public%C4%83+%C8%99i+dezvoltarea+comunitar%C4%83%26%238221%3B&t=ANBPR - Asocia\u021bia Na\u021bional\u0103  a Bibliotecarilor \u0219i Bibliotecilor Publice din Rom\u00e2nia\" alt=\"Share on Blogger\" title=\"Share on Blogger\" onclick=\"return smWindowpop(this.href, 545,433)\"><img alt = \"\" src = \"https:\/\/anbpr.org.ro\/wp-content\/plugins\/share-me\/\/assets\/images\/cercle\/blogger.png\"  height=\"32px\"  width=\"32px\"><\/a><\/li><\/ul><\/div><br\/><p>Conferin\u021ba Na\u021bional\u0103 a Asocia\u021biei Na\u021bionale a Bibliotecarilor \u0219i Bibliotecilor Publice din Rom\u00e2nia, edi\u021bia XXI este organizat\u0103 de ANBPR, cu sprijinul <a href=\"http:\/\/www.bjbv.ro\/default.php\">Bibliotecii Jude\u021bene &#8222;George Bari\u021biu&#8221; Bra\u0219ov<\/a> \u0219i urmeaz\u0103 s\u0103 aib\u0103 loc la <a href=\"http:\/\/www.classic-inn.ro\/\">Hotel Clasic Inn<\/a> din Bra\u0219ov, \u00een perioada 21-23 octombrie 2010.<\/p>\n<p><a href=\"http:\/\/www.anbpr.org.ro\/images\/pdf\/program_conferinta_nationala_a_anbpr.doc\">Programul celei de-a XXI-a Conferin\u021be Na\u021bionale a ANBPR, Bra\u0219ov 2010.<\/a><\/p>\n<p><a href=\"http:\/\/www.anbpr.org.ro\/images\/pdf\/inscrieri_logo_1.pdf\">Lista participan\u021bilor la Concursul de Logo: CATEGORIA I &#8211; Cel mai bun concept grafic pentru logo-ul unei biblioteci publice<\/a><\/p>\n<p><a href=\"http:\/\/www.anbpr.org.ro\/images\/pdf\/cel_mai_reprezentativ_logo_pentru_o_biblioteca_virtuala.pdf\">Lista participan\u021bilor la Concursul de Logo: CATEGORIA a IIa &#8211; Cel mai reprezentativ logo pentru o bibliotec\u0103 virtual\u0103<\/a><\/p>\n<p><a href=\"http:\/\/www.anbpr.org.ro\/images\/pdf\/cel_mai_bun_simbol_grafic_universal_pentru_institutia_bibliotecii.pdf\">Lista participan\u021bilor la Concursul de Logo: CATEGORIA a IIIa &#8211; Cel mai bun simbol grafic universal pentru institu\u021bia bibliotecii<\/a><\/p>\n<p><a href=\"http:\/\/www.anbpr.org.ro\/images\/pdf\/manifestul_ifla_pentru_statistica_de_biblioteca.pdf\">Manifestul IFLA pentru statistica de bibliotec\u0103<\/a><\/p>\n","protected":false},"excerpt":{"rendered":"<p>Conferin\u021ba Na\u021bional\u0103 a Asocia\u021biei Na\u021bionale a Bibliotecarilor \u0219i Bibliotecilor Publice din Rom\u00e2nia, edi\u021bia XXI este organizat\u0103 de ANBPR, cu sprijinul Bibliotecii Jude\u021bene &#8222;George Bari\u021biu&#8221; Bra\u0219ov \u0219i urmeaz\u0103 s\u0103 aib\u0103 loc la Hotel Clasic Inn din Bra\u0219ov, \u00een perioada 21-23 octombrie 2010. Programul celei de-a XXI-a Conferin\u021be Na\u021bionale a ANBPR, Bra\u0219ov 2010. Lista participan\u021bilor la Concursul <a href=\"https:\/\/anbpr.org.ro\/index.php\/conferinte\/conferinta-nationala-a-anbpr-cu-tema-biblioteca-publica-si-dezvoltarea-comunitara\/\" rel=\"nofollow\"><span class=\"sr-only\">Read more about Conferin\u021ba Na\u021bional\u0103 a ANBPR, cu tema \u201eBiblioteca public\u0103 \u0219i dezvoltarea comunitar\u0103&#8221;<\/span>[&hellip;]<\/a><\/p>\n","protected":false},"author":2,"featured_media":0,"parent":445,"menu_order":14,"comment_status":"closed","ping_status":"closed","template":"","meta":{"footnotes":""},"class_list":["post-479","page","type-page","status-publish","hentry"],"_links":{"self":[{"href":"https:\/\/anbpr.org.ro\/index.php\/wp-json\/wp\/v2\/pages\/479","targetHints":{"allow":["GET"]}}],"collection":[{"href":"https:\/\/anbpr.org.ro\/index.php\/wp-json\/wp\/v2\/pages"}],"about":[{"href":"https:\/\/anbpr.org.ro\/index.php\/wp-json\/wp\/v2\/types\/page"}],"author":[{"embeddable":true,"href":"https:\/\/anbpr.org.ro\/index.php\/wp-json\/wp\/v2\/users\/2"}],"replies":[{"embeddable":true,"href":"https:\/\/anbpr.org.ro\/index.php\/wp-json\/wp\/v2\/comments?post=479"}],"version-history":[{"count":1,"href":"https:\/\/anbpr.org.ro\/index.php\/wp-json\/wp\/v2\/pages\/479\/revisions"}],"predecessor-version":[{"id":480,"href":"https:\/\/anbpr.org.ro\/index.php\/wp-json\/wp\/v2\/pages\/479\/revisions\/480"}],"up":[{"embeddable":true,"href":"https:\/\/anbpr.org.ro\/index.php\/wp-json\/wp\/v2\/pages\/445"}],"wp:attachment":[{"href":"https:\/\/anbpr.org.ro\/index.php\/wp-json\/wp\/v2\/media?parent=479"}],"curies":[{"name":"wp","href":"https:\/\/api.w.org\/{rel}","templated":true}]}}