{"id":481,"date":"2017-03-19T19:31:24","date_gmt":"2017-03-19T17:31:24","guid":{"rendered":"http:\/\/anbpr.s-a-f.ro\/?page_id=481"},"modified":"2017-03-19T19:31:24","modified_gmt":"2017-03-19T17:31:24","slug":"conferinta-anbpr-bibliopublica-2010","status":"publish","type":"page","link":"https:\/\/anbpr.org.ro\/index.php\/conferinte\/conferinta-anbpr-bibliopublica-2010\/","title":{"rendered":"Conferin\u021ba ANBPR BiblioPublica 2010"},"content":{"rendered":"<div id='share-me'><ul class='share-left'><li><a href=\"http:\/\/www.facebook.com\/sharer.php?u=https:\/\/anbpr.org.ro\/index.php\/conferinte\/conferinta-anbpr-bibliopublica-2010\/&t=Conferin%C8%9Ba+ANBPR+BiblioPublica+2010\" alt=\"Share on Facebook\" title=\"Share on Facebook\"   onclick=\"return smWindowpop(this.href,545,433)\"><img alt = \"\" src = \"https:\/\/anbpr.org.ro\/wp-content\/plugins\/share-me\/\/assets\/images\/cercle\/facebook.png\"  height=\"32px\"  width=\"32px\"><\/a><\/li><li><a href=\"http:\/\/twitter.com\/share?text=Conferin%C8%9Ba+ANBPR+BiblioPublica+2010-&url=https:\/\/anbpr.org.ro\/index.php\/conferinte\/conferinta-anbpr-bibliopublica-2010\/&via=ANBPR - Asocia\u021bia Na\u021bional\u0103  a Bibliotecarilor \u0219i Bibliotecilor Publice din Rom\u00e2nia\" alt=\"Tweet This Post\" title=\"Tweet This Post\"  onclick=\"return smWindowpop(this.href,545,433)\"><img alt = \"\" src = \"https:\/\/anbpr.org.ro\/wp-content\/plugins\/share-me\/\/assets\/images\/cercle\/twitter.png\"  height=\"32px\"  width=\"32px\"><\/a><\/li><li><a href=\"https:\/\/plusone.google.com\/_\/+1\/confirm?hl=fr-FR&url=https:\/\/anbpr.org.ro\/index.php\/conferinte\/conferinta-anbpr-bibliopublica-2010\/\" alt=\"Share on Google+\" title=\"Share on Google+\"  target=\"_blank\" onclick=\"return smWindowpop(this.href,545,433)\"><img alt = \"\" src = \"https:\/\/anbpr.org.ro\/wp-content\/plugins\/share-me\/\/assets\/images\/cercle\/googleplus.png\"  height=\"32px\"  width=\"32px\"><\/a><\/li><li><a href=\"http:\/\/www.tumblr.com\/share\/photo?source=&caption=Conferin%C8%9Ba+ANBPR+BiblioPublica+2010&clickthru=https%3A%2F%2Fanbpr.org.ro%2Findex.php%2Fconferinte%2Fconferinta-anbpr-bibliopublica-2010%2F\" title=\"Share on Tumblr\"  onclick=\"return smWindowpop(this.href,545,433)\"> <img alt = \"\" src = \"https:\/\/anbpr.org.ro\/wp-content\/plugins\/share-me\/\/assets\/images\/cercle\/tumblr.png\"  height=\"32px\"  width=\"32px\"><\/a><\/li><li><a href=\"http:\/\/www.linkedin.com\/shareArticle?mini=true&url=https:\/\/anbpr.org.ro\/index.php\/conferinte\/conferinta-anbpr-bibliopublica-2010\/&title=Conferin%C8%9Ba+ANBPR+BiblioPublica+2010&source=ANBPR - Asocia\u021bia Na\u021bional\u0103  a Bibliotecarilor \u0219i Bibliotecilor Publice din Rom\u00e2nia\" onclick=\"return smWindowpop(this.href, 545,433)\"><img alt = \"\" src = \"https:\/\/anbpr.org.ro\/wp-content\/plugins\/share-me\/\/assets\/images\/cercle\/linkedin.png\"  height=\"32px\"  width=\"32px\"><\/a><\/li><li><a href=\"https:\/\/www.blogger.com\/blog-this.g?u=https:\/\/anbpr.org.ro\/index.php\/conferinte\/conferinta-anbpr-bibliopublica-2010\/&n=Conferin%C8%9Ba+ANBPR+BiblioPublica+2010&t=ANBPR - Asocia\u021bia Na\u021bional\u0103  a Bibliotecarilor \u0219i Bibliotecilor Publice din Rom\u00e2nia\" alt=\"Share on Blogger\" title=\"Share on Blogger\" onclick=\"return smWindowpop(this.href, 545,433)\"><img alt = \"\" src = \"https:\/\/anbpr.org.ro\/wp-content\/plugins\/share-me\/\/assets\/images\/cercle\/blogger.png\"  height=\"32px\"  width=\"32px\"><\/a><\/li><\/ul><\/div><br\/><p>Conferin\u021ba Na\u021bional\u0103 a Asocia\u021biei Na\u021bionale a Bibliotecarilor \u0219i Bibliotecilor Publice din Rom\u00e2nia, edi\u021bia de prim\u0103var\u0103, este organizat\u0103 de ANBPR, cu sprijinul Bibliotecii Jude\u021bene I. G. Sbiera din Suceava \u0219i urmeaz\u0103 s\u0103 aib\u0103 loc la <a href=\"http:\/\/www.bestwesternbucovina.ro\/ro\/contact.html\">Hotel Best Western Bucovina din Gura Humorului, jude\u021bul Suceava<\/a>, \u00een perioada 22-24 aprilie 2010.<\/p>\n<p><a href=\"http:\/\/www.anbpr.org.ro\/images\/pdf\/conferinta_gura_humorului_2.pdf\">Mai multe detalii despre Conferin\u021b\u0103<\/a><\/p>\n<p><a href=\"http:\/\/www.anbpr.org.ro\/images\/pdf\/program_conferinta_g_h.pdf\">Programul Conferin\u021bei Generale a ANBPR, Gura Humorului, jud. Suceava<\/a><\/p>\n","protected":false},"excerpt":{"rendered":"<p>Conferin\u021ba Na\u021bional\u0103 a Asocia\u021biei Na\u021bionale a Bibliotecarilor \u0219i Bibliotecilor Publice din Rom\u00e2nia, edi\u021bia de prim\u0103var\u0103, este organizat\u0103 de ANBPR, cu sprijinul Bibliotecii Jude\u021bene I. G. Sbiera din Suceava \u0219i urmeaz\u0103 s\u0103 aib\u0103 loc la Hotel Best Western Bucovina din Gura Humorului, jude\u021bul Suceava, \u00een perioada 22-24 aprilie 2010. Mai multe detalii despre Conferin\u021b\u0103 Programul Conferin\u021bei <a href=\"https:\/\/anbpr.org.ro\/index.php\/conferinte\/conferinta-anbpr-bibliopublica-2010\/\" rel=\"nofollow\"><span class=\"sr-only\">Read more about Conferin\u021ba ANBPR BiblioPublica 2010<\/span>[&hellip;]<\/a><\/p>\n","protected":false},"author":2,"featured_media":0,"parent":445,"menu_order":15,"comment_status":"closed","ping_status":"closed","template":"","meta":{"footnotes":""},"class_list":["post-481","page","type-page","status-publish","hentry"],"_links":{"self":[{"href":"https:\/\/anbpr.org.ro\/index.php\/wp-json\/wp\/v2\/pages\/481","targetHints":{"allow":["GET"]}}],"collection":[{"href":"https:\/\/anbpr.org.ro\/index.php\/wp-json\/wp\/v2\/pages"}],"about":[{"href":"https:\/\/anbpr.org.ro\/index.php\/wp-json\/wp\/v2\/types\/page"}],"author":[{"embeddable":true,"href":"https:\/\/anbpr.org.ro\/index.php\/wp-json\/wp\/v2\/users\/2"}],"replies":[{"embeddable":true,"href":"https:\/\/anbpr.org.ro\/index.php\/wp-json\/wp\/v2\/comments?post=481"}],"version-history":[{"count":1,"href":"https:\/\/anbpr.org.ro\/index.php\/wp-json\/wp\/v2\/pages\/481\/revisions"}],"predecessor-version":[{"id":482,"href":"https:\/\/anbpr.org.ro\/index.php\/wp-json\/wp\/v2\/pages\/481\/revisions\/482"}],"up":[{"embeddable":true,"href":"https:\/\/anbpr.org.ro\/index.php\/wp-json\/wp\/v2\/pages\/445"}],"wp:attachment":[{"href":"https:\/\/anbpr.org.ro\/index.php\/wp-json\/wp\/v2\/media?parent=481"}],"curies":[{"name":"wp","href":"https:\/\/api.w.org\/{rel}","templated":true}]}}