{"id":5569,"date":"2024-11-07T00:46:13","date_gmt":"2024-11-06T22:46:13","guid":{"rendered":"https:\/\/anbpr.org.ro\/?page_id=5569"},"modified":"2024-11-07T11:26:57","modified_gmt":"2024-11-07T09:26:57","slug":"masa-rotunda","status":"publish","type":"page","link":"https:\/\/anbpr.org.ro\/index.php\/conferinte\/conferinta-anbpr-bnar-2024\/masa-rotunda\/","title":{"rendered":"Masa rotund\u0103 <strong>\u201cReglementarea con\u021binutului digital &#8211; de la Uniunea European\u0103 la proba practic\u0103 \u00een Rom\u00e2nia\u201d<\/strong>"},"content":{"rendered":"<div id='share-me'><ul class='share-left'><li><a href=\"http:\/\/www.facebook.com\/sharer.php?u=https:\/\/anbpr.org.ro\/index.php\/conferinte\/conferinta-anbpr-bnar-2024\/masa-rotunda\/&t=Masa+rotund%C4%83+%3Cstrong%3E%E2%80%9CReglementarea+con%C8%9Binutului+digital+%26%238211%3B+de+la+Uniunea+European%C4%83+la+proba+practic%C4%83+%C3%AEn+Rom%C3%A2nia%E2%80%9D%3C%2Fstrong%3E\" alt=\"Share on Facebook\" title=\"Share on Facebook\"   onclick=\"return smWindowpop(this.href,545,433)\"><img alt = \"\" src = \"https:\/\/anbpr.org.ro\/wp-content\/plugins\/share-me\/\/assets\/images\/cercle\/facebook.png\"  height=\"32px\"  width=\"32px\"><\/a><\/li><li><a href=\"http:\/\/twitter.com\/share?text=Masa+rotund%C4%83+%3Cstrong%3E%E2%80%9CReglementarea+con%C8%9Binutului+digital+%26%238211%3B+de+la+Uniunea+European%C4%83+la+proba+practic%C4%83+%C3%AEn+Rom%C3%A2nia%E2%80%9D%3C%2Fstrong%3E-&url=https:\/\/anbpr.org.ro\/index.php\/conferinte\/conferinta-anbpr-bnar-2024\/masa-rotunda\/&via=ANBPR - Asocia\u021bia Na\u021bional\u0103  a Bibliotecarilor \u0219i Bibliotecilor Publice din Rom\u00e2nia\" alt=\"Tweet This Post\" title=\"Tweet This Post\"  onclick=\"return smWindowpop(this.href,545,433)\"><img alt = \"\" src = \"https:\/\/anbpr.org.ro\/wp-content\/plugins\/share-me\/\/assets\/images\/cercle\/twitter.png\"  height=\"32px\"  width=\"32px\"><\/a><\/li><li><a href=\"https:\/\/plusone.google.com\/_\/+1\/confirm?hl=fr-FR&url=https:\/\/anbpr.org.ro\/index.php\/conferinte\/conferinta-anbpr-bnar-2024\/masa-rotunda\/\" alt=\"Share on Google+\" title=\"Share on Google+\"  target=\"_blank\" onclick=\"return smWindowpop(this.href,545,433)\"><img alt = \"\" src = \"https:\/\/anbpr.org.ro\/wp-content\/plugins\/share-me\/\/assets\/images\/cercle\/googleplus.png\"  height=\"32px\"  width=\"32px\"><\/a><\/li><li><a href=\"http:\/\/www.tumblr.com\/share\/photo?source=&caption=Masa+rotund%C4%83+%3Cstrong%3E%E2%80%9CReglementarea+con%C8%9Binutului+digital+%26%238211%3B+de+la+Uniunea+European%C4%83+la+proba+practic%C4%83+%C3%AEn+Rom%C3%A2nia%E2%80%9D%3C%2Fstrong%3E&clickthru=https%3A%2F%2Fanbpr.org.ro%2Findex.php%2Fconferinte%2Fconferinta-anbpr-bnar-2024%2Fmasa-rotunda%2F\" title=\"Share on Tumblr\"  onclick=\"return smWindowpop(this.href,545,433)\"> <img alt = \"\" src = \"https:\/\/anbpr.org.ro\/wp-content\/plugins\/share-me\/\/assets\/images\/cercle\/tumblr.png\"  height=\"32px\"  width=\"32px\"><\/a><\/li><li><a href=\"http:\/\/www.linkedin.com\/shareArticle?mini=true&url=https:\/\/anbpr.org.ro\/index.php\/conferinte\/conferinta-anbpr-bnar-2024\/masa-rotunda\/&title=Masa+rotund%C4%83+%3Cstrong%3E%E2%80%9CReglementarea+con%C8%9Binutului+digital+%26%238211%3B+de+la+Uniunea+European%C4%83+la+proba+practic%C4%83+%C3%AEn+Rom%C3%A2nia%E2%80%9D%3C%2Fstrong%3E&source=ANBPR - Asocia\u021bia Na\u021bional\u0103  a Bibliotecarilor \u0219i Bibliotecilor Publice din Rom\u00e2nia\" onclick=\"return smWindowpop(this.href, 545,433)\"><img alt = \"\" src = \"https:\/\/anbpr.org.ro\/wp-content\/plugins\/share-me\/\/assets\/images\/cercle\/linkedin.png\"  height=\"32px\"  width=\"32px\"><\/a><\/li><li><a href=\"https:\/\/www.blogger.com\/blog-this.g?u=https:\/\/anbpr.org.ro\/index.php\/conferinte\/conferinta-anbpr-bnar-2024\/masa-rotunda\/&n=Masa+rotund%C4%83+%3Cstrong%3E%E2%80%9CReglementarea+con%C8%9Binutului+digital+%26%238211%3B+de+la+Uniunea+European%C4%83+la+proba+practic%C4%83+%C3%AEn+Rom%C3%A2nia%E2%80%9D%3C%2Fstrong%3E&t=ANBPR - Asocia\u021bia Na\u021bional\u0103  a Bibliotecarilor \u0219i Bibliotecilor Publice din Rom\u00e2nia\" alt=\"Share on Blogger\" title=\"Share on Blogger\" onclick=\"return smWindowpop(this.href, 545,433)\"><img alt = \"\" src = \"https:\/\/anbpr.org.ro\/wp-content\/plugins\/share-me\/\/assets\/images\/cercle\/blogger.png\"  height=\"32px\"  width=\"32px\"><\/a><\/li><\/ul><\/div><br\/>\n<p><strong><em>Side-event la Conferin\u021ba ANBPR &#8211; noiembrie 2024<\/em><\/strong><\/p>\n\n\n\n<p>Data: 11 Noiembrie 2024<br>Loca\u021bie: Biblioteca Na\u021bional\u0103<br>Sala: Libr\u0103rie<\/p>\n\n\n\n<p>Orele: 14:30 &#8211; 17:30<\/p>\n\n\n\n<p>\u00cenregistrare \u0219i welcome coffee 14:15 &#8211; 14:30<br>Coffee and Networking Break 16:00 &#8211; 16:15<\/p>\n\n\n\n<p>Peisajul digital de reglementare din Rom\u00e2nia este \u00een proces de transformare ca urmare a adopt\u0103rii noilor acte normative ale Uniunii Europene care reglementeaz\u0103 con\u021binutul online. DSA, DMA, AVMSD, EMFA, AIA sau Regulamentul UE 900\/2024 privind transparen\u021ba \u0219i targetarea publicit\u0103\u021bii politice sunt \u00een vigoare sau vor fi implementate \u0219i \u00een Rom\u00e2nia \u00een viitorul apropiat.<\/p>\n\n\n\n<p>\u00cen acela\u0219i timp, \u00eenc\u0103 nu este \u00een\u021beles pe deplin modul \u00een care interac\u021bioneaz\u0103 toate aceste acte normative. Mai mult, acestea implic\u0103 o combina\u021bie de actori na\u021bionali \u0219i globali, dar \u0219i cu competen\u021be de reglementare \u00eemp\u0103r\u021bite \u00eentre UE, institu\u021biile na\u021bionale, dar \u0219i un sistem de facto de co-reglementare \u0219i auto-reglementare.<\/p>\n\n\n\n<p>Masa rotund\u0103 \u00ee\u0219i propune sa treac\u0103 \u00een revist\u0103 cadrul normativ european pentru o informare transversal\u0103, dar \u0219i s\u0103 propun\u0103 spre dezbatere aspectele legate de implementarea acestuia \u00een Rom\u00e2nia &#8211; riscuri, oportunit\u0103\u021bi, solu\u021bii &#8211; \u00eentr-un cadru de discu\u021bii deschis, cu actori \u0219i opinii poten\u021bial diverse.<\/p>\n\n\n\n<p>Moderator &#8211; Nicolaie Constantinescu, ANBPR<\/p>\n\n\n\n<p><strong>Prezent\u0103ri:<\/strong><\/p>\n\n\n\n<p>Liana Ganea &#8211; \u201cLibertatea mass-media, libertatea de exprimare \u0219i dreptul la informare \u00een noile reglement\u0103ri europene\u201d<br>Bogdan Manolea &#8211; \u201cSolu\u021bia miraculoas\u0103 a Regulamentului DSA pentru reglementarea con\u021binutului online. Sau nu?\u201d<br>Andrei Marinescu, Salva\u021bi Copii &#8211; \u201cExperien\u021ba Salva\u021bi Copiii ca raportor de con\u021binut ilegal\u201d<br>Cezara Panait, Google Rom\u00e2nia &#8211; \u201cPerspective privind reglementarea con\u021binutului online\u201d<\/p>\n\n\n\n<p>Alin Popescu, Avocatnet.ro &#8211; \u201cCon\u021binutul generat de AI: o privire \u00een mintea unui autor diferit de tot ce-am \u00eent\u00e2lnit p\u00e2n\u0103 acum\u201d<br>Nicoleta Fotiade, Mediawise &#8211; \u201cLimitele reglement\u0103rii digitale \u0219i poten\u021bialul ignorat al educa\u021biei media\u201d<\/p>\n\n\n\n<p>La dezbateri sunt invita\u021bi actorii interesa\u021bi de diverse aspecte legate de implementarea reglement\u0103rilor pentru con\u021binutul online:<\/p>\n\n\n\n<p>Autorit\u0103\u021bi competente, cum ar fi ANCOM, CNA, CNCD, AVP;<br>Organiza\u021bii non-guvernamentale;<br>Asocia\u021bii de business sau furnizori de servicii de intermediere online;<br>Mediul academic, jurnali\u0219ti, bibliotecari, avoca\u021bi \u0219i al\u021bi actori interesa\u021bi. <\/p>\n\n\n\n<p>Formularul de \u00eenregistrare este disponibil <a href=\"https:\/\/forms.gle\/H1i65kwwxPVEC8cS6\">aici<\/a><\/p>\n\n\n\n<p><\/p>\n","protected":false},"excerpt":{"rendered":"<p>Side-event la Conferin\u021ba ANBPR &#8211; noiembrie 2024 Data: 11 Noiembrie 2024Loca\u021bie: Biblioteca Na\u021bional\u0103Sala: Libr\u0103rie Orele: 14:30 &#8211; 17:30 \u00cenregistrare \u0219i welcome coffee 14:15 &#8211; 14:30Coffee and Networking Break 16:00 &#8211; 16:15 Peisajul digital de reglementare din Rom\u00e2nia este \u00een proces de transformare ca urmare a adopt\u0103rii noilor acte normative ale Uniunii Europene care reglementeaz\u0103 con\u021binutul <a href=\"https:\/\/anbpr.org.ro\/index.php\/conferinte\/conferinta-anbpr-bnar-2024\/masa-rotunda\/\" rel=\"nofollow\"><span class=\"sr-only\">Read more about Masa rotund\u0103 &lt;strong&gt;\u201cReglementarea con\u021binutului digital &#8211; de la Uniunea European\u0103 la proba practic\u0103 \u00een Rom\u00e2nia\u201d&lt;\/strong&gt;<\/span>[&hellip;]<\/a><\/p>\n","protected":false},"author":3,"featured_media":0,"parent":5556,"menu_order":0,"comment_status":"closed","ping_status":"closed","template":"","meta":{"footnotes":""},"class_list":["post-5569","page","type-page","status-publish","hentry"],"_links":{"self":[{"href":"https:\/\/anbpr.org.ro\/index.php\/wp-json\/wp\/v2\/pages\/5569","targetHints":{"allow":["GET"]}}],"collection":[{"href":"https:\/\/anbpr.org.ro\/index.php\/wp-json\/wp\/v2\/pages"}],"about":[{"href":"https:\/\/anbpr.org.ro\/index.php\/wp-json\/wp\/v2\/types\/page"}],"author":[{"embeddable":true,"href":"https:\/\/anbpr.org.ro\/index.php\/wp-json\/wp\/v2\/users\/3"}],"replies":[{"embeddable":true,"href":"https:\/\/anbpr.org.ro\/index.php\/wp-json\/wp\/v2\/comments?post=5569"}],"version-history":[{"count":3,"href":"https:\/\/anbpr.org.ro\/index.php\/wp-json\/wp\/v2\/pages\/5569\/revisions"}],"predecessor-version":[{"id":5580,"href":"https:\/\/anbpr.org.ro\/index.php\/wp-json\/wp\/v2\/pages\/5569\/revisions\/5580"}],"up":[{"embeddable":true,"href":"https:\/\/anbpr.org.ro\/index.php\/wp-json\/wp\/v2\/pages\/5556"}],"wp:attachment":[{"href":"https:\/\/anbpr.org.ro\/index.php\/wp-json\/wp\/v2\/media?parent=5569"}],"curies":[{"name":"wp","href":"https:\/\/api.w.org\/{rel}","templated":true}]}}