{"id":5609,"date":"2024-12-06T12:42:29","date_gmt":"2024-12-06T10:42:29","guid":{"rendered":"https:\/\/anbpr.org.ro\/?page_id=5609"},"modified":"2024-12-06T12:44:53","modified_gmt":"2024-12-06T10:44:53","slug":"timisoara-masa-rotunda-reglementarea-continutului-digital-de-la-uniunea-europeana-la-proba-practica-in-romania","status":"publish","type":"page","link":"https:\/\/anbpr.org.ro\/index.php\/conferinte\/timisoara-masa-rotunda-reglementarea-continutului-digital-de-la-uniunea-europeana-la-proba-practica-in-romania\/","title":{"rendered":"TIMI\u0218OARA: Masa rotund\u0103: Reglementarea con\u021binutului digital &#8211; de la Uniunea European\u0103 la proba practic\u0103 \u00een Rom\u00e2nia"},"content":{"rendered":"<div id='share-me'><ul class='share-left'><li><a href=\"http:\/\/www.facebook.com\/sharer.php?u=https:\/\/anbpr.org.ro\/index.php\/conferinte\/timisoara-masa-rotunda-reglementarea-continutului-digital-de-la-uniunea-europeana-la-proba-practica-in-romania\/&t=TIMI%C8%98OARA%3A+Masa+rotund%C4%83%3A+Reglementarea+con%C8%9Binutului+digital+%26%238211%3B+de+la+Uniunea+European%C4%83+la+proba+practic%C4%83+%C3%AEn+Rom%C3%A2nia\" alt=\"Share on Facebook\" title=\"Share on Facebook\"   onclick=\"return smWindowpop(this.href,545,433)\"><img alt = \"\" src = \"https:\/\/anbpr.org.ro\/wp-content\/plugins\/share-me\/\/assets\/images\/cercle\/facebook.png\"  height=\"32px\"  width=\"32px\"><\/a><\/li><li><a href=\"http:\/\/twitter.com\/share?text=TIMI%C8%98OARA%3A+Masa+rotund%C4%83%3A+Reglementarea+con%C8%9Binutului+digital+%26%238211%3B+de+la+Uniunea+European%C4%83+la+proba+practic%C4%83+%C3%AEn+Rom%C3%A2nia-&url=https:\/\/anbpr.org.ro\/index.php\/conferinte\/timisoara-masa-rotunda-reglementarea-continutului-digital-de-la-uniunea-europeana-la-proba-practica-in-romania\/&via=ANBPR - Asocia\u021bia Na\u021bional\u0103  a Bibliotecarilor \u0219i Bibliotecilor Publice din Rom\u00e2nia\" alt=\"Tweet This Post\" title=\"Tweet This Post\"  onclick=\"return smWindowpop(this.href,545,433)\"><img alt = \"\" src = \"https:\/\/anbpr.org.ro\/wp-content\/plugins\/share-me\/\/assets\/images\/cercle\/twitter.png\"  height=\"32px\"  width=\"32px\"><\/a><\/li><li><a href=\"https:\/\/plusone.google.com\/_\/+1\/confirm?hl=fr-FR&url=https:\/\/anbpr.org.ro\/index.php\/conferinte\/timisoara-masa-rotunda-reglementarea-continutului-digital-de-la-uniunea-europeana-la-proba-practica-in-romania\/\" alt=\"Share on Google+\" title=\"Share on Google+\"  target=\"_blank\" onclick=\"return smWindowpop(this.href,545,433)\"><img alt = \"\" src = \"https:\/\/anbpr.org.ro\/wp-content\/plugins\/share-me\/\/assets\/images\/cercle\/googleplus.png\"  height=\"32px\"  width=\"32px\"><\/a><\/li><li><a href=\"http:\/\/www.tumblr.com\/share\/photo?source=&caption=TIMI%C8%98OARA%3A+Masa+rotund%C4%83%3A+Reglementarea+con%C8%9Binutului+digital+%26%238211%3B+de+la+Uniunea+European%C4%83+la+proba+practic%C4%83+%C3%AEn+Rom%C3%A2nia&clickthru=https%3A%2F%2Fanbpr.org.ro%2Findex.php%2Fconferinte%2Ftimisoara-masa-rotunda-reglementarea-continutului-digital-de-la-uniunea-europeana-la-proba-practica-in-romania%2F\" title=\"Share on Tumblr\"  onclick=\"return smWindowpop(this.href,545,433)\"> <img alt = \"\" src = \"https:\/\/anbpr.org.ro\/wp-content\/plugins\/share-me\/\/assets\/images\/cercle\/tumblr.png\"  height=\"32px\"  width=\"32px\"><\/a><\/li><li><a href=\"http:\/\/www.linkedin.com\/shareArticle?mini=true&url=https:\/\/anbpr.org.ro\/index.php\/conferinte\/timisoara-masa-rotunda-reglementarea-continutului-digital-de-la-uniunea-europeana-la-proba-practica-in-romania\/&title=TIMI%C8%98OARA%3A+Masa+rotund%C4%83%3A+Reglementarea+con%C8%9Binutului+digital+%26%238211%3B+de+la+Uniunea+European%C4%83+la+proba+practic%C4%83+%C3%AEn+Rom%C3%A2nia&source=ANBPR - Asocia\u021bia Na\u021bional\u0103  a Bibliotecarilor \u0219i Bibliotecilor Publice din Rom\u00e2nia\" onclick=\"return smWindowpop(this.href, 545,433)\"><img alt = \"\" src = \"https:\/\/anbpr.org.ro\/wp-content\/plugins\/share-me\/\/assets\/images\/cercle\/linkedin.png\"  height=\"32px\"  width=\"32px\"><\/a><\/li><li><a href=\"https:\/\/www.blogger.com\/blog-this.g?u=https:\/\/anbpr.org.ro\/index.php\/conferinte\/timisoara-masa-rotunda-reglementarea-continutului-digital-de-la-uniunea-europeana-la-proba-practica-in-romania\/&n=TIMI%C8%98OARA%3A+Masa+rotund%C4%83%3A+Reglementarea+con%C8%9Binutului+digital+%26%238211%3B+de+la+Uniunea+European%C4%83+la+proba+practic%C4%83+%C3%AEn+Rom%C3%A2nia&t=ANBPR - Asocia\u021bia Na\u021bional\u0103  a Bibliotecarilor \u0219i Bibliotecilor Publice din Rom\u00e2nia\" alt=\"Share on Blogger\" title=\"Share on Blogger\" onclick=\"return smWindowpop(this.href, 545,433)\"><img alt = \"\" src = \"https:\/\/anbpr.org.ro\/wp-content\/plugins\/share-me\/\/assets\/images\/cercle\/blogger.png\"  height=\"32px\"  width=\"32px\"><\/a><\/li><\/ul><\/div><br\/>\n<p><strong>Agenda<\/strong><\/p>\n\n\n\n<p><strong>Mas\u0103 rotund\u0103 \u201cReglementarea con\u021binutului digital &#8211; de la Uniunea European\u0103 la proba practic\u0103 \u00een Rom\u00e2nia\u201d<\/strong><\/p>\n\n\n\n<p><strong>Data: 12&nbsp; Decembrie 2024<\/strong><\/p>\n\n\n\n<p><strong>Loca\u021bie: Universitatea de Vest din Timi\u0219oara (Bdv. Vasile P\u00e2rvan, nr.4)<\/strong><\/p>\n\n\n\n<p><strong>Sala:<\/strong> amfiteatru A03, parter<\/p>\n\n\n\n<p><strong>Orele: 14:30- 17:00<\/strong><\/p>\n\n\n\n<p><strong><em>\u00cenregistrare \u0219i welcome coffee 14:00 &#8211; 14:30<\/em><\/strong><\/p>\n\n\n\n<p><em>Peisajul digital de reglementare din Rom\u00e2nia este \u00een proces de transformare ca urmare a adopt\u0103rii noilor acte normative ale Uniunii Europene care reglementeaz\u0103 con\u021binutul online. DSA, DMA, AVMSD, EMFA, AIA sau Regulamentul UE 900\/2024 privind transparen\u021ba \u0219i targetarea publicit\u0103\u021bii politice sunt \u00een vigoare sau vor fi implementate \u0219i \u00een Rom\u00e2nia \u00een viitorul apropiat.<\/em><\/p>\n\n\n\n<p><em>\u00cen acela\u0219i timp, \u00eenc\u0103 nu este \u00een\u021beles pe deplin modul \u00een care interac\u021bioneaz\u0103 toate aceste acte normative. Mai mult, acestea implic\u0103 o combina\u021bie de actori na\u021bionali \u0219i globali, dar \u0219i cu competen\u021be de reglementare \u00eemp\u0103r\u021bite \u00eentre UE, institu\u021biile na\u021bionale, dar \u0219i un sistem de facto de co-reglementare \u0219i auto-reglementare.<\/em><\/p>\n\n\n\n<p><em>&nbsp;Masa rotund\u0103 \u00ee\u0219i propune sa treac\u0103 \u00een revist\u0103 cadrul normativ european pentru o informare transversal\u0103, dar \u0219i s\u0103 propun\u0103 spre dezbatere aspectele legate de implementarea acestuia \u00een Rom\u00e2nia &#8211; riscuri, oportunit\u0103\u021bi, solu\u021bii &#8211; \u00eentr-un cadru de discu\u021bii deschis, cu actori \u0219i opinii poten\u021bial diverse.<\/em><\/p>\n\n\n\n<p><strong>&nbsp;Moderator \u2013 conf. univ. dr. Ileana Rotaru, UVT<\/strong><\/p>\n\n\n\n<p><strong>&nbsp;Prezent\u0103ri:<\/strong><\/p>\n\n\n\n<p>1)&nbsp;&nbsp;&nbsp;&nbsp; Liana Ganea, Active Watch &#8211; \u201eLibertatea mass-media, libertatea de exprimare \u0219i dreptul la informare \u00een noile reglement\u0103ri europene\u201d<\/p>\n\n\n\n<p>2)&nbsp;&nbsp;&nbsp;&nbsp; Bogdan Manolea , ApTI &#8211; \u201eSolu\u021bia miraculoas\u0103 a Regulamentului DSA pentru reglementarea con\u021binutului online. Sau nu?\u201d<\/p>\n\n\n\n<p>3)&nbsp;&nbsp;&nbsp;&nbsp; Silvia Fier\u0103scu, UVT&nbsp; &#8211;&nbsp; &#8222;Cum putem construi un ecosistem digital func\u021bional \u00eentre autorit\u0103\u021bi, platforme \u0219i societatea civil\u0103?&#8221;<\/p>\n\n\n\n<p>4)&nbsp;&nbsp;&nbsp;&nbsp; Nicoleta Fotiade, Mediawise &#8211; \u201eLimitele reglement\u0103rii digitale \u0219i poten\u021bialul ignorat al educa\u021biei media\u201d.<\/p>\n\n\n\n<p><strong>Ulterior prezent\u0103rilor, vom avea discu\u021bii libere cu publicul pe temele lor de interes , \u00een dialog cu speakerii no\u0219tri.<\/strong><\/p>\n\n\n\n<p>&nbsp;La dezbateri sunt invita\u021bi actorii interesa\u021bi de diverse aspecte legate de implementarea reglement\u0103rilor pentru con\u021binutul online:<\/p>\n\n\n\n<p>\u25cf&nbsp;&nbsp;&nbsp;&nbsp;&nbsp;&nbsp; Organiza\u021bii non-guvernamentale;<\/p>\n\n\n\n<p>\u25cf&nbsp;&nbsp;&nbsp;&nbsp;&nbsp;&nbsp; Asocia\u021bii de business sau furnizori de servicii de intermediere online;<\/p>\n\n\n\n<p>\u25cf&nbsp;&nbsp;&nbsp;&nbsp;&nbsp;&nbsp; Mediul academic, jurnali\u0219ti, bibliotecari, avoca\u021bi \u0219i al\u021bi actori interesa\u021bi;<\/p>\n\n\n\n<p>\u25cf&nbsp;&nbsp;&nbsp;&nbsp;&nbsp;&nbsp; Autorit\u0103\u021bi competente.<\/p>\n\n\n\n<p>\u00cenregistrarea este gratuit\u0103, dar \u00een limita locurilor disponibile. V\u0103 rug\u0103m s\u0103 completa\u021bi datele dvs. <a href=\"https:\/\/forms.gle\/iV9SMgVSqCfhUDvB9\">aici<\/a><\/p>\n","protected":false},"excerpt":{"rendered":"<p>Agenda Mas\u0103 rotund\u0103 \u201cReglementarea con\u021binutului digital &#8211; de la Uniunea European\u0103 la proba practic\u0103 \u00een Rom\u00e2nia\u201d Data: 12&nbsp; Decembrie 2024 Loca\u021bie: Universitatea de Vest din Timi\u0219oara (Bdv. Vasile P\u00e2rvan, nr.4) Sala: amfiteatru A03, parter Orele: 14:30- 17:00 \u00cenregistrare \u0219i welcome coffee 14:00 &#8211; 14:30 Peisajul digital de reglementare din Rom\u00e2nia este \u00een proces de transformare <a href=\"https:\/\/anbpr.org.ro\/index.php\/conferinte\/timisoara-masa-rotunda-reglementarea-continutului-digital-de-la-uniunea-europeana-la-proba-practica-in-romania\/\" rel=\"nofollow\"><span class=\"sr-only\">Read more about TIMI\u0218OARA: Masa rotund\u0103: Reglementarea con\u021binutului digital &#8211; de la Uniunea European\u0103 la proba practic\u0103 \u00een Rom\u00e2nia<\/span>[&hellip;]<\/a><\/p>\n","protected":false},"author":3,"featured_media":0,"parent":445,"menu_order":0,"comment_status":"closed","ping_status":"closed","template":"","meta":{"footnotes":""},"class_list":["post-5609","page","type-page","status-publish","hentry"],"_links":{"self":[{"href":"https:\/\/anbpr.org.ro\/index.php\/wp-json\/wp\/v2\/pages\/5609","targetHints":{"allow":["GET"]}}],"collection":[{"href":"https:\/\/anbpr.org.ro\/index.php\/wp-json\/wp\/v2\/pages"}],"about":[{"href":"https:\/\/anbpr.org.ro\/index.php\/wp-json\/wp\/v2\/types\/page"}],"author":[{"embeddable":true,"href":"https:\/\/anbpr.org.ro\/index.php\/wp-json\/wp\/v2\/users\/3"}],"replies":[{"embeddable":true,"href":"https:\/\/anbpr.org.ro\/index.php\/wp-json\/wp\/v2\/comments?post=5609"}],"version-history":[{"count":2,"href":"https:\/\/anbpr.org.ro\/index.php\/wp-json\/wp\/v2\/pages\/5609\/revisions"}],"predecessor-version":[{"id":5611,"href":"https:\/\/anbpr.org.ro\/index.php\/wp-json\/wp\/v2\/pages\/5609\/revisions\/5611"}],"up":[{"embeddable":true,"href":"https:\/\/anbpr.org.ro\/index.php\/wp-json\/wp\/v2\/pages\/445"}],"wp:attachment":[{"href":"https:\/\/anbpr.org.ro\/index.php\/wp-json\/wp\/v2\/media?parent=5609"}],"curies":[{"name":"wp","href":"https:\/\/api.w.org\/{rel}","templated":true}]}}